{"id":55091,"date":"2026-04-03T00:16:27","date_gmt":"2026-04-02T21:16:27","guid":{"rendered":"http:\/\/new.ceasuri.md\/shop\/uncategorized\/bulova-icon-x-98b429\/"},"modified":"2026-04-20T01:40:59","modified_gmt":"2026-04-19T22:40:59","slug":"bulova-icon-x-98b429","status":"publish","type":"product","link":"https:\/\/ceasuri.md\/ru\/shop\/branduri\/bulova\/bulova-icon-x-98b429\/","title":{"rendered":"\u0427\u0430\u0441\u044b BULOVA ICON X 98B429"},"content":{"rendered":"<p>Acest ceas cronograf Bulova cu 8 m\u00e2ini pentru b\u0103rba\u021bi aduce o nou\u0103 dinamic\u0103 colec\u021biei impresionante Series X. Designul modern al carcasei prezint\u0103 o construc\u021bie fa\u021betat\u0103 din o\u021bel inoxidabil auriu cu un amestec de finisaje lustruite \u0219i periate, cu o inser\u021bie captivant\u0103 a lunetei din o\u021bel Damasc. Cadranul negru fumuriu are un finisaj periat \u0219i un afi\u0219aj al datei, cu o m\u00e2n\u0103 a secundelor str\u0103lucitoare \u00een ton auriu care se deplaseaz\u0103 continuu, completat\u0103 de indicatoare orare \u00een ton auriu cu umplutur\u0103 luminescent\u0103. Cadranul are un afi\u0219aj al datei \u0219i subcadrane de cronograf care permit cronometrarea la o uimitoare 1\/1000 de secund\u0103. O deschidere translucid\u0103 \u00een cadran ofer\u0103 o privire la mi\u0219carea de \u00eenalt\u0103 precizie cu cuar\u021b Precisionist, proprietate Bulova, un mecanism revolu\u021bionar cu cuar\u021b cu 8 giuvaeruri care poate m\u0103sura timpul scurs de la 1\/1000 de secund\u0103 la 12 ore \u0219i este precis la secunde pe an \u0219i rezistent la schimb\u0103rile de temperatur\u0103. Ceasul este \u00eemperecheat perfect cu o br\u0103\u021bar\u0103 din o\u021bel inoxidabil \u00een ton auriu, cu finisaj dublu, unghiular\u0103, cu o \u00eenchidere cu buton de deschidere. Acest Bulova Series X este la fel de fiabil pe c\u00e2t este de elegant, ceasul perfect pentru a v\u0103 exprima.<\/p>","protected":false},"excerpt":{"rendered":"<p>Acest ceas cronograf Bulova cu 8 m\u00e2ini pentru b\u0103rba\u021bi aduce o nou\u0103 dinamic\u0103 colec\u021biei impresionante Series X. Designul modern al carcasei prezint\u0103 o construc\u021bie fa\u021betat\u0103 din o\u021bel inoxidabil auriu cu un amestec de finisaje lustruite \u0219i periate, cu o inser\u021bie captivant\u0103 a lunetei din o\u021bel Damasc. Cadranul negru fumuriu are un finisaj periat \u0219i un [&hellip;]<\/p>\n","protected":false},"featured_media":55092,"comment_status":"closed","ping_status":"open","template":"","meta":{"_acf_changed":false},"product_brand":[],"product_cat":[624,20,106],"product_tag":[],"class_list":{"0":"post-55091","1":"product","2":"type-product","3":"status-publish","4":"has-post-thumbnail","6":"product_cat-bulova","7":"product_cat-ceasuri-barbati","8":"product_cat-ceasuri-premium","9":"pa_brand-bulova","10":"pa_braslet-otel-inoxidabil","11":"pa_corpus-45-mm","12":"pa_forma-atipica","13":"pa_funcii-cronograf","14":"pa_funcii-data","15":"pa_garatia-24-luni","16":"pa_korpus-auriu","17":"pa_kvarc-quartz","18":"pa_material-otel-inoxidabil","19":"pa_mehanizm-quartz","20":"pa_remeshok-auriu","21":"pa_steklo-cristal-safir","22":"pa_strana-sua","23":"pa_voda-5-atm","25":"first","26":"instock","27":"purchasable","28":"product-type-simple"},"acf":[],"_links":{"self":[{"href":"https:\/\/ceasuri.md\/ru\/wp-json\/wp\/v2\/product\/55091","targetHints":{"allow":["GET"]}}],"collection":[{"href":"https:\/\/ceasuri.md\/ru\/wp-json\/wp\/v2\/product"}],"about":[{"href":"https:\/\/ceasuri.md\/ru\/wp-json\/wp\/v2\/types\/product"}],"replies":[{"embeddable":true,"href":"https:\/\/ceasuri.md\/ru\/wp-json\/wp\/v2\/comments?post=55091"}],"wp:featuredmedia":[{"embeddable":true,"href":"https:\/\/ceasuri.md\/ru\/wp-json\/wp\/v2\/media\/55092"}],"wp:attachment":[{"href":"https:\/\/ceasuri.md\/ru\/wp-json\/wp\/v2\/media?parent=55091"}],"wp:term":[{"taxonomy":"product_brand","embeddable":true,"href":"https:\/\/ceasuri.md\/ru\/wp-json\/wp\/v2\/product_brand?post=55091"},{"taxonomy":"product_cat","embeddable":true,"href":"https:\/\/ceasuri.md\/ru\/wp-json\/wp\/v2\/product_cat?post=55091"},{"taxonomy":"product_tag","embeddable":true,"href":"https:\/\/ceasuri.md\/ru\/wp-json\/wp\/v2\/product_tag?post=55091"}],"curies":[{"name":"wp","href":"https:\/\/api.w.org\/{rel}","templated":true}]}}