{"id":55084,"date":"2026-04-03T00:16:27","date_gmt":"2026-04-02T21:16:27","guid":{"rendered":"http:\/\/new.ceasuri.md\/shop\/uncategorized\/bulova-icon-champlain-98d156\/"},"modified":"2026-04-16T21:29:27","modified_gmt":"2026-04-16T18:29:27","slug":"bulova-icon-champlain-98d156","status":"publish","type":"product","link":"https:\/\/ceasuri.md\/ru\/shop\/branduri\/bulova\/bulova-icon-champlain-98d156\/","title":{"rendered":"Ceas BULOVA 98D156 Icon DC"},"content":{"rendered":"<p>Ac\u021bionat de mi\u0219carea calendaristic\u0103 proprietar\u0103 Precisionist cu trei m\u00e2ini de la Bulova, cu o frecven\u021b\u0103 de vibra\u021bie de 262 kHz &#8211; de opt ori mai mare dec\u00e2t ceasurile standard &#8211; pentru o precizie de neegalat. Carcas\u0103 din o\u021bel inoxidabil auriu cu cadran negru cu 11 diamante montate manual, cristal mineral curbat, br\u0103\u021bar\u0103 din o\u021bel inoxidabil auriu cu cataram\u0103 sport. Rezisten\u021b\u0103 la ap\u0103 de 300 de metri.<\/p>","protected":false},"excerpt":{"rendered":"<p>Ac\u021bionat de mi\u0219carea calendaristic\u0103 proprietar\u0103 Precisionist cu trei m\u00e2ini de la Bulova, cu o frecven\u021b\u0103 de vibra\u021bie de 262 kHz &#8211; de opt ori mai mare dec\u00e2t ceasurile standard &#8211; pentru o precizie de neegalat. Carcas\u0103 din o\u021bel inoxidabil auriu cu cadran negru cu 11 diamante montate manual, cristal mineral curbat, br\u0103\u021bar\u0103 din o\u021bel inoxidabil [&hellip;]<\/p>\n","protected":false},"featured_media":55085,"comment_status":"closed","ping_status":"open","template":"","meta":{"_acf_changed":false},"product_brand":[],"product_cat":[624,20,106],"product_tag":[],"class_list":{"0":"post-55084","1":"product","2":"type-product","3":"status-publish","4":"has-post-thumbnail","6":"product_cat-bulova","7":"product_cat-ceasuri-barbati","8":"product_cat-ceasuri-premium","9":"pa_brand-bulova","10":"pa_braslet-otel-inoxidabil","11":"pa_corpus-47-mm","12":"pa_decor-diamante","13":"pa_forma-rotund","14":"pa_funcii-data","15":"pa_garatia-24-luni","16":"pa_korpus-auriu","17":"pa_kvarc-quartz","18":"pa_material-otel-inoxidabil","19":"pa_mehanizm-quartz","20":"pa_remeshok-auriu","21":"pa_steklo-cristal-mineral","22":"pa_strana-sua","23":"pa_voda-30-atm","25":"first","26":"instock","27":"purchasable","28":"product-type-simple"},"acf":[],"_links":{"self":[{"href":"https:\/\/ceasuri.md\/ru\/wp-json\/wp\/v2\/product\/55084","targetHints":{"allow":["GET"]}}],"collection":[{"href":"https:\/\/ceasuri.md\/ru\/wp-json\/wp\/v2\/product"}],"about":[{"href":"https:\/\/ceasuri.md\/ru\/wp-json\/wp\/v2\/types\/product"}],"replies":[{"embeddable":true,"href":"https:\/\/ceasuri.md\/ru\/wp-json\/wp\/v2\/comments?post=55084"}],"wp:featuredmedia":[{"embeddable":true,"href":"https:\/\/ceasuri.md\/ru\/wp-json\/wp\/v2\/media\/55085"}],"wp:attachment":[{"href":"https:\/\/ceasuri.md\/ru\/wp-json\/wp\/v2\/media?parent=55084"}],"wp:term":[{"taxonomy":"product_brand","embeddable":true,"href":"https:\/\/ceasuri.md\/ru\/wp-json\/wp\/v2\/product_brand?post=55084"},{"taxonomy":"product_cat","embeddable":true,"href":"https:\/\/ceasuri.md\/ru\/wp-json\/wp\/v2\/product_cat?post=55084"},{"taxonomy":"product_tag","embeddable":true,"href":"https:\/\/ceasuri.md\/ru\/wp-json\/wp\/v2\/product_tag?post=55084"}],"curies":[{"name":"wp","href":"https:\/\/api.w.org\/{rel}","templated":true}]}}