{"id":55080,"date":"2026-04-03T00:15:33","date_gmt":"2026-04-02T21:15:33","guid":{"rendered":"http:\/\/new.ceasuri.md\/shop\/uncategorized\/bulova-classic-sutton-98e113\/"},"modified":"2026-04-20T01:41:00","modified_gmt":"2026-04-19T22:41:00","slug":"bulova-classic-sutton-98e113","status":"publish","type":"product","link":"https:\/\/ceasuri.md\/ru\/shop\/branduri\/bulova\/bulova-classic-sutton-98e113\/","title":{"rendered":"\u0427\u0430\u0441\u044b BULOVA CLASSIC Sutton 98E113"},"content":{"rendered":"<p>Acest cronograf b\u0103rb\u0103tesc cu \u0219ase m\u00e2ini din colec\u021bia Bulova Classic echilibreaz\u0103 flerul sportiv \u0219i luxul atemporal. \u00cembr\u0103cat \u00een o\u021bel inoxidabil auriu, silueta sa elegant\u0103 eman\u0103 rafinament, eviden\u021biat \u0219i mai mult de prezen\u021ba a 24 de diamante ame\u021bitoare meticulos a\u0219ezate \u00een luneta. Cadranul alb-argintiu etajat atrage aten\u021bia cu 8 repere cu diamante, al\u0103turi de o dat\u0103 \u0219i trei subcadrane care prezint\u0103 secundele curente, minutele de cronograf \u0219i 1\/20 secunde de cronograf. Ceasul este asociat cu o br\u0103\u021bar\u0103 din o\u021bel inoxidabil auriu, cu o \u00eenchidere cu dubl\u0103 ap\u0103sare care asigur\u0103 o fixare sigur\u0103. Conceput pentru a \u00eenso\u021bi un stil de via\u021b\u0103 luxos, acest ceas Bulova pentru b\u0103rba\u021bi este o parte indispensabil\u0103 a oric\u0103rei colec\u021bii exigente.<\/p>","protected":false},"excerpt":{"rendered":"<p>Acest cronograf b\u0103rb\u0103tesc cu \u0219ase m\u00e2ini din colec\u021bia Bulova Classic echilibreaz\u0103 flerul sportiv \u0219i luxul atemporal. \u00cembr\u0103cat \u00een o\u021bel inoxidabil auriu, silueta sa elegant\u0103 eman\u0103 rafinament, eviden\u021biat \u0219i mai mult de prezen\u021ba a 24 de diamante ame\u021bitoare meticulos a\u0219ezate \u00een luneta. Cadranul alb-argintiu etajat atrage aten\u021bia cu 8 repere cu diamante, al\u0103turi de o dat\u0103 [&hellip;]<\/p>\n","protected":false},"featured_media":55081,"comment_status":"closed","ping_status":"open","template":"","meta":{"_acf_changed":false},"product_brand":[],"product_cat":[624,20,106],"product_tag":[],"class_list":{"0":"post-55080","1":"product","2":"type-product","3":"status-publish","4":"has-post-thumbnail","6":"product_cat-bulova","7":"product_cat-ceasuri-barbati","8":"product_cat-ceasuri-premium","9":"pa_brand-bulova","10":"pa_braslet-otel-inoxidabil","11":"pa_corpus-42-mm","12":"pa_decor-diamante","13":"pa_forma-rotund","14":"pa_funcii-cronograf","15":"pa_funcii-data","16":"pa_garatia-24-luni","17":"pa_korpus-auriu","18":"pa_kvarc-quartz","19":"pa_material-otel-inoxidabil","20":"pa_mehanizm-quartz","21":"pa_remeshok-auriu","22":"pa_steklo-cristal-mineral","23":"pa_strana-sua","24":"pa_voda-3-atm","26":"first","27":"instock","28":"purchasable","29":"product-type-simple"},"acf":[],"_links":{"self":[{"href":"https:\/\/ceasuri.md\/ru\/wp-json\/wp\/v2\/product\/55080","targetHints":{"allow":["GET"]}}],"collection":[{"href":"https:\/\/ceasuri.md\/ru\/wp-json\/wp\/v2\/product"}],"about":[{"href":"https:\/\/ceasuri.md\/ru\/wp-json\/wp\/v2\/types\/product"}],"replies":[{"embeddable":true,"href":"https:\/\/ceasuri.md\/ru\/wp-json\/wp\/v2\/comments?post=55080"}],"wp:featuredmedia":[{"embeddable":true,"href":"https:\/\/ceasuri.md\/ru\/wp-json\/wp\/v2\/media\/55081"}],"wp:attachment":[{"href":"https:\/\/ceasuri.md\/ru\/wp-json\/wp\/v2\/media?parent=55080"}],"wp:term":[{"taxonomy":"product_brand","embeddable":true,"href":"https:\/\/ceasuri.md\/ru\/wp-json\/wp\/v2\/product_brand?post=55080"},{"taxonomy":"product_cat","embeddable":true,"href":"https:\/\/ceasuri.md\/ru\/wp-json\/wp\/v2\/product_cat?post=55080"},{"taxonomy":"product_tag","embeddable":true,"href":"https:\/\/ceasuri.md\/ru\/wp-json\/wp\/v2\/product_tag?post=55080"}],"curies":[{"name":"wp","href":"https:\/\/api.w.org\/{rel}","templated":true}]}}