{"id":55078,"date":"2024-10-22T07:42:07","date_gmt":"2024-10-22T04:42:07","guid":{"rendered":"http:\/\/new.ceasuri.md\/shop\/uncategorized\/bulova-exclusive-crystal-98l244\/"},"modified":"2026-05-01T18:53:04","modified_gmt":"2026-05-01T15:53:04","slug":"bulova-exclusive-crystal-98l244","status":"publish","type":"product","link":"https:\/\/ceasuri.md\/ru\/shop\/branduri\/bulova\/bulova-exclusive-crystal-98l244\/","title":{"rendered":"\u0427\u0430\u0441\u044b BULOVA EXCLUSIVE Crystal 98L244"},"content":{"rendered":"<p>O pies\u0103 clasic\u0103 Bulova prime\u0219te o actualizare \u00een tendin\u021be cu acest ceas cu br\u0103\u021bar\u0103 Crystal, iubitor de lumin\u0103. Din o\u021bel inoxidabil lustruit, acesta prezint\u0103 note de tonuri argintii \u0219i de aur roz, un cadran elegant din nuan\u021be de metal, m\u00e2ini elegante ac\u021bionate de o mi\u0219care cu cuar\u021b \u0219i cristale luxoase la fiecare semn al orei. De la \u00eenceperea zilei de lucru \u0219i urm\u0103rirea planurilor de dup\u0103 program p\u00e2n\u0103 la escapadele de weekend, este un ceas f\u0103cut pentru a tr\u0103i clipa. Acest ceas este rezistent la ap\u0103 p\u00e2n\u0103 la 30 m.<\/p>","protected":false},"excerpt":{"rendered":"<p>O pies\u0103 clasic\u0103 Bulova prime\u0219te o actualizare \u00een tendin\u021be cu acest ceas cu br\u0103\u021bar\u0103 Crystal, iubitor de lumin\u0103. Din o\u021bel inoxidabil lustruit, acesta prezint\u0103 note de tonuri argintii \u0219i de aur roz, un cadran elegant din nuan\u021be de metal, m\u00e2ini elegante ac\u021bionate de o mi\u0219care cu cuar\u021b \u0219i cristale luxoase la fiecare semn al orei. [&hellip;]<\/p>\n","protected":false},"featured_media":55079,"comment_status":"closed","ping_status":"open","template":"","meta":{"_acf_changed":false},"product_brand":[],"product_cat":[624,25],"product_tag":[],"class_list":{"0":"post-55078","1":"product","2":"type-product","3":"status-publish","4":"has-post-thumbnail","6":"product_cat-bulova","7":"product_cat-ceasuri-dama","8":"pa_brand-bulova","9":"pa_braslet-otel-inoxidabil","10":"pa_corpus-30-mm","11":"pa_decor-cristale-swarowski","12":"pa_forma-rotund","13":"pa_garatia-24-luni","14":"pa_korpus-argintiu","15":"pa_kvarc-quartz","16":"pa_material-otel-inoxidabil","17":"pa_mehanizm-quartz","18":"pa_remeshok-bicolor","19":"pa_steklo-cristal-mineral","20":"pa_strana-sua","21":"pa_voda-3-atm","23":"first","24":"instock","25":"purchasable","26":"product-type-simple"},"acf":[],"_links":{"self":[{"href":"https:\/\/ceasuri.md\/ru\/wp-json\/wp\/v2\/product\/55078","targetHints":{"allow":["GET"]}}],"collection":[{"href":"https:\/\/ceasuri.md\/ru\/wp-json\/wp\/v2\/product"}],"about":[{"href":"https:\/\/ceasuri.md\/ru\/wp-json\/wp\/v2\/types\/product"}],"replies":[{"embeddable":true,"href":"https:\/\/ceasuri.md\/ru\/wp-json\/wp\/v2\/comments?post=55078"}],"wp:featuredmedia":[{"embeddable":true,"href":"https:\/\/ceasuri.md\/ru\/wp-json\/wp\/v2\/media\/55079"}],"wp:attachment":[{"href":"https:\/\/ceasuri.md\/ru\/wp-json\/wp\/v2\/media?parent=55078"}],"wp:term":[{"taxonomy":"product_brand","embeddable":true,"href":"https:\/\/ceasuri.md\/ru\/wp-json\/wp\/v2\/product_brand?post=55078"},{"taxonomy":"product_cat","embeddable":true,"href":"https:\/\/ceasuri.md\/ru\/wp-json\/wp\/v2\/product_cat?post=55078"},{"taxonomy":"product_tag","embeddable":true,"href":"https:\/\/ceasuri.md\/ru\/wp-json\/wp\/v2\/product_tag?post=55078"}],"curies":[{"name":"wp","href":"https:\/\/api.w.org\/{rel}","templated":true}]}}