{"id":55072,"date":"2026-04-03T00:15:33","date_gmt":"2026-04-02T21:15:33","guid":{"rendered":"http:\/\/new.ceasuri.md\/shop\/uncategorized\/bulova-classic-sutton-98l277\/"},"modified":"2026-04-20T01:41:02","modified_gmt":"2026-04-19T22:41:02","slug":"bulova-classic-sutton-98l277","status":"publish","type":"product","link":"https:\/\/ceasuri.md\/ru\/shop\/branduri\/bulova\/bulova-classic-sutton-98l277\/","title":{"rendered":"Ceas BULOVA CLASSIC Sutton 98L277"},"content":{"rendered":"<p>Acest ceas elegant Sutton pentru femei de la Bulova are o carcas\u0103 \u0219i o br\u0103\u021bar\u0103 de 28 mm din o\u021bel inoxidabil bicolor, cu un cadran argintiu cu trei diamante a\u0219ezate pe cadran \u0219i m\u00e2ini \u0219i indicatoare aurii. Caracteristicile suplimentare ale ceasului includ un cristal mineral bombat, \u00eenchidere cu cataram\u0103 pliabil\u0103 \u0219i rezisten\u021b\u0103 la ap\u0103 p\u00e2n\u0103 la 30 de metri.<\/p>","protected":false},"excerpt":{"rendered":"<p>Acest ceas elegant Sutton pentru femei de la Bulova are o carcas\u0103 \u0219i o br\u0103\u021bar\u0103 de 28 mm din o\u021bel inoxidabil bicolor, cu un cadran argintiu cu trei diamante a\u0219ezate pe cadran \u0219i m\u00e2ini \u0219i indicatoare aurii. Caracteristicile suplimentare ale ceasului includ un cristal mineral bombat, \u00eenchidere cu cataram\u0103 pliabil\u0103 \u0219i rezisten\u021b\u0103 la ap\u0103 p\u00e2n\u0103 [&hellip;]<\/p>\n","protected":false},"featured_media":55073,"comment_status":"closed","ping_status":"open","template":"","meta":{"_acf_changed":false},"product_brand":[],"product_cat":[624,25],"product_tag":[],"class_list":{"0":"post-55072","1":"product","2":"type-product","3":"status-publish","4":"has-post-thumbnail","6":"product_cat-bulova","7":"product_cat-ceasuri-dama","8":"pa_brand-bulova","9":"pa_braslet-otel-inoxidabil","10":"pa_corpus-28-mm","11":"pa_forma-rotund","12":"pa_garatia-24-luni","13":"pa_korpus-bicolor","14":"pa_kvarc-quartz","15":"pa_material-otel-inoxidabil","16":"pa_mehanizm-quartz","17":"pa_remeshok-bicolor","18":"pa_steklo-cristal-mineral","19":"pa_strana-sua","20":"pa_voda-3-atm","22":"first","23":"instock","24":"purchasable","25":"product-type-simple"},"acf":[],"_links":{"self":[{"href":"https:\/\/ceasuri.md\/ru\/wp-json\/wp\/v2\/product\/55072","targetHints":{"allow":["GET"]}}],"collection":[{"href":"https:\/\/ceasuri.md\/ru\/wp-json\/wp\/v2\/product"}],"about":[{"href":"https:\/\/ceasuri.md\/ru\/wp-json\/wp\/v2\/types\/product"}],"replies":[{"embeddable":true,"href":"https:\/\/ceasuri.md\/ru\/wp-json\/wp\/v2\/comments?post=55072"}],"wp:featuredmedia":[{"embeddable":true,"href":"https:\/\/ceasuri.md\/ru\/wp-json\/wp\/v2\/media\/55073"}],"wp:attachment":[{"href":"https:\/\/ceasuri.md\/ru\/wp-json\/wp\/v2\/media?parent=55072"}],"wp:term":[{"taxonomy":"product_brand","embeddable":true,"href":"https:\/\/ceasuri.md\/ru\/wp-json\/wp\/v2\/product_brand?post=55072"},{"taxonomy":"product_cat","embeddable":true,"href":"https:\/\/ceasuri.md\/ru\/wp-json\/wp\/v2\/product_cat?post=55072"},{"taxonomy":"product_tag","embeddable":true,"href":"https:\/\/ceasuri.md\/ru\/wp-json\/wp\/v2\/product_tag?post=55072"}],"curies":[{"name":"wp","href":"https:\/\/api.w.org\/{rel}","templated":true}]}}