{"id":55059,"date":"2026-04-03T00:15:33","date_gmt":"2026-04-02T21:15:33","guid":{"rendered":"http:\/\/new.ceasuri.md\/shop\/uncategorized\/bulova-marine-star-series-c-98p227\/"},"modified":"2026-04-22T11:14:27","modified_gmt":"2026-04-22T08:14:27","slug":"bulova-marine-star-series-c-98p227","status":"publish","type":"product","link":"https:\/\/ceasuri.md\/ru\/shop\/branduri\/bulova\/bulova-marine-star-series-c-98p227\/","title":{"rendered":"\u0427\u0430\u0441\u044b BULOVA MARINE STAR Series C 98P227"},"content":{"rendered":"<p>Carcasa din o\u021bel inoxidabil de culoare aurie \u0219i argintie are un design modern, cu un luneta fix\u0103 izbitoare cu merloni \u0219i flancuri simetrice ale carcasei. Un cristal de safir plat \u0219i o coroan\u0103 protejat\u0103 asigur\u0103 fiabilitatea modern\u0103, care este sporit\u0103 \u0219i de rezisten\u021ba la ap\u0103 de 100 de metri. Cadranul orbitor din nuc\u0103 de perle adaug\u0103 o not\u0103 fascinant\u0103 ceasului, cu opt indicatoare orare cu diamante \u0219i o m\u00e2n\u0103 cu umplutur\u0103 luminoas\u0103 pentru o lizibilitate excelent\u0103 \u00een toate condi\u021biile. Ceasul este prev\u0103zut cu o br\u0103\u021bar\u0103 bicolor\u0103 din o\u021bel inoxidabil cu \u00eenchidere rapid\u0103 \u0219i pliabil\u0103 cu buton, care ofer\u0103 confort \u0219i siguran\u021b\u0103.<\/p>","protected":false},"excerpt":{"rendered":"<p>Carcasa din o\u021bel inoxidabil de culoare aurie \u0219i argintie are un design modern, cu un luneta fix\u0103 izbitoare cu merloni \u0219i flancuri simetrice ale carcasei. Un cristal de safir plat \u0219i o coroan\u0103 protejat\u0103 asigur\u0103 fiabilitatea modern\u0103, care este sporit\u0103 \u0219i de rezisten\u021ba la ap\u0103 de 100 de metri. Cadranul orbitor din nuc\u0103 de perle [&hellip;]<\/p>\n","protected":false},"featured_media":55060,"comment_status":"closed","ping_status":"open","template":"","meta":{"_acf_changed":false},"product_brand":[],"product_cat":[624,25],"product_tag":[],"class_list":{"0":"post-55059","1":"product","2":"type-product","3":"status-publish","4":"has-post-thumbnail","6":"product_cat-bulova","7":"product_cat-ceasuri-dama","8":"pa_brand-bulova","9":"pa_braslet-otel-inoxidabil","10":"pa_corpus-36-mm","11":"pa_decor-diamante","12":"pa_forma-rotund","13":"pa_garatia-24-luni","14":"pa_korpus-bicolor","15":"pa_kvarc-quartz","16":"pa_material-otel-inoxidabil","17":"pa_mehanizm-quartz","18":"pa_remeshok-bicolor","19":"pa_steklo-cristal-safir","20":"pa_strana-sua","21":"pa_voda-10-atm","23":"first","24":"instock","25":"purchasable","26":"product-type-simple"},"acf":[],"_links":{"self":[{"href":"https:\/\/ceasuri.md\/ru\/wp-json\/wp\/v2\/product\/55059","targetHints":{"allow":["GET"]}}],"collection":[{"href":"https:\/\/ceasuri.md\/ru\/wp-json\/wp\/v2\/product"}],"about":[{"href":"https:\/\/ceasuri.md\/ru\/wp-json\/wp\/v2\/types\/product"}],"replies":[{"embeddable":true,"href":"https:\/\/ceasuri.md\/ru\/wp-json\/wp\/v2\/comments?post=55059"}],"wp:featuredmedia":[{"embeddable":true,"href":"https:\/\/ceasuri.md\/ru\/wp-json\/wp\/v2\/media\/55060"}],"wp:attachment":[{"href":"https:\/\/ceasuri.md\/ru\/wp-json\/wp\/v2\/media?parent=55059"}],"wp:term":[{"taxonomy":"product_brand","embeddable":true,"href":"https:\/\/ceasuri.md\/ru\/wp-json\/wp\/v2\/product_brand?post=55059"},{"taxonomy":"product_cat","embeddable":true,"href":"https:\/\/ceasuri.md\/ru\/wp-json\/wp\/v2\/product_cat?post=55059"},{"taxonomy":"product_tag","embeddable":true,"href":"https:\/\/ceasuri.md\/ru\/wp-json\/wp\/v2\/product_tag?post=55059"}],"curies":[{"name":"wp","href":"https:\/\/api.w.org\/{rel}","templated":true}]}}