{"id":55055,"date":"2026-04-03T00:15:33","date_gmt":"2026-04-02T21:15:33","guid":{"rendered":"http:\/\/new.ceasuri.md\/shop\/uncategorized\/bulova-marine-star-98r235\/"},"modified":"2026-04-20T01:41:05","modified_gmt":"2026-04-19T22:41:05","slug":"bulova-marine-star-98r235","status":"publish","type":"product","link":"https:\/\/ceasuri.md\/ru\/shop\/branduri\/bulova\/bulova-marine-star-98r235\/","title":{"rendered":"\u0427\u0430\u0441\u044b BULOVA MARINE STAR 98R235"},"content":{"rendered":"<p>Ceasul Bulova Marine Star Gold Tone combin\u0103 caracterul practic cu farmecul.<br \/>\n\u00cen primul r\u00e2nd, din o\u021bel inoxidabil aurit periat \u0219i lustruit, ceasul are un aspect luxos. \u00cen al doilea r\u00e2nd, carcasa are un diametru de 32 mm, astfel \u00eenc\u00e2t se potrive\u0219te majorit\u0103\u021bii m\u0103rimilor \u00eencheieturilor. O lunet\u0103 superb\u0103 din aur galben cu diamante str\u0103lucitoare \u00eencadreaz\u0103 cadranul alb. Un model de raze de soare la marginea exterioar\u0103 adaug\u0103 textur\u0103 cadranului, \u00een timp ce inelul central al capitolului din nuc\u0103 de perle ofer\u0103 o atingere luxoas\u0103. \u00cen plus, un cristal de safir protejeaz\u0103 cadranul.<br \/>\nBr\u0103\u021bara solid\u0103 cu verigi este din o\u021bel inoxidabil auriu, cu verigi late \u0219i periate care trec prin centru. Verigile mai \u00eenguste, lustruite, se afl\u0103 la marginile exterioare. \u00cen cele din urm\u0103, o \u00eencuietoare pliabil\u0103 cu butoane duble asigur\u0103 securitatea ceasului.<\/p>","protected":false},"excerpt":{"rendered":"<p>Ceasul Bulova Marine Star Gold Tone combin\u0103 caracterul practic cu farmecul. \u00cen primul r\u00e2nd, din o\u021bel inoxidabil aurit periat \u0219i lustruit, ceasul are un aspect luxos. \u00cen al doilea r\u00e2nd, carcasa are un diametru de 32 mm, astfel \u00eenc\u00e2t se potrive\u0219te majorit\u0103\u021bii m\u0103rimilor \u00eencheieturilor. O lunet\u0103 superb\u0103 din aur galben cu diamante str\u0103lucitoare \u00eencadreaz\u0103 cadranul [&hellip;]<\/p>\n","protected":false},"featured_media":55056,"comment_status":"closed","ping_status":"open","template":"","meta":{"_acf_changed":false},"product_brand":[],"product_cat":[624,25,106],"product_tag":[],"class_list":{"0":"post-55055","1":"product","2":"type-product","3":"status-publish","4":"has-post-thumbnail","6":"product_cat-bulova","7":"product_cat-ceasuri-dama","8":"product_cat-ceasuri-premium","9":"pa_brand-bulova","10":"pa_braslet-otel-inoxidabil","11":"pa_corpus-32-mm","12":"pa_decor-diamante","13":"pa_forma-rotund","14":"pa_funcii-data","15":"pa_garatia-24-luni","16":"pa_korpus-auriu","17":"pa_kvarc-quartz","18":"pa_material-otel-inoxidabil","19":"pa_mehanizm-quartz","20":"pa_remeshok-auriu","21":"pa_steklo-cristal-safir","22":"pa_strana-sua","23":"pa_voda-10-atm","25":"first","26":"instock","27":"purchasable","28":"product-type-simple"},"acf":[],"_links":{"self":[{"href":"https:\/\/ceasuri.md\/ru\/wp-json\/wp\/v2\/product\/55055","targetHints":{"allow":["GET"]}}],"collection":[{"href":"https:\/\/ceasuri.md\/ru\/wp-json\/wp\/v2\/product"}],"about":[{"href":"https:\/\/ceasuri.md\/ru\/wp-json\/wp\/v2\/types\/product"}],"replies":[{"embeddable":true,"href":"https:\/\/ceasuri.md\/ru\/wp-json\/wp\/v2\/comments?post=55055"}],"wp:featuredmedia":[{"embeddable":true,"href":"https:\/\/ceasuri.md\/ru\/wp-json\/wp\/v2\/media\/55056"}],"wp:attachment":[{"href":"https:\/\/ceasuri.md\/ru\/wp-json\/wp\/v2\/media?parent=55055"}],"wp:term":[{"taxonomy":"product_brand","embeddable":true,"href":"https:\/\/ceasuri.md\/ru\/wp-json\/wp\/v2\/product_brand?post=55055"},{"taxonomy":"product_cat","embeddable":true,"href":"https:\/\/ceasuri.md\/ru\/wp-json\/wp\/v2\/product_cat?post=55055"},{"taxonomy":"product_tag","embeddable":true,"href":"https:\/\/ceasuri.md\/ru\/wp-json\/wp\/v2\/product_tag?post=55055"}],"curies":[{"name":"wp","href":"https:\/\/api.w.org\/{rel}","templated":true}]}}