{"id":55051,"date":"2026-04-03T00:15:33","date_gmt":"2026-04-02T21:15:33","guid":{"rendered":"http:\/\/new.ceasuri.md\/shop\/uncategorized\/bulova-classic-surveyor-98r283\/"},"modified":"2026-04-20T01:41:06","modified_gmt":"2026-04-19T22:41:06","slug":"bulova-classic-surveyor-98r283","status":"publish","type":"product","link":"https:\/\/ceasuri.md\/ru\/shop\/branduri\/bulova\/bulova-classic-surveyor-98r283\/","title":{"rendered":"\u0427\u0430\u0441\u044b BULOVA CLASSIC Surveyor 98R283"},"content":{"rendered":"<p>Un ceas clasic pentru femei care nu se va de moda niciodat\u0103, cu o not\u0103 suplimentar\u0103 de str\u0103lucire. O carcas\u0103 \u0219i o br\u0103\u021bar\u0103 din o\u021bel inoxidabil \u00een dou\u0103 tonuri sunt asociate cu un cadran sidef, cu m\u00e2ini \u0219i indicatoare din aur roz \u0219i accentuate de un luneta cu 22 de diamante. O fereastr\u0103 cu dat\u0103 apare \u00een pozi\u021bia orei 6.<\/p>","protected":false},"excerpt":{"rendered":"<p>Un ceas clasic pentru femei care nu se va de moda niciodat\u0103, cu o not\u0103 suplimentar\u0103 de str\u0103lucire. O carcas\u0103 \u0219i o br\u0103\u021bar\u0103 din o\u021bel inoxidabil \u00een dou\u0103 tonuri sunt asociate cu un cadran sidef, cu m\u00e2ini \u0219i indicatoare din aur roz \u0219i accentuate de un luneta cu 22 de diamante. O fereastr\u0103 cu dat\u0103 [&hellip;]<\/p>\n","protected":false},"featured_media":55052,"comment_status":"closed","ping_status":"open","template":"","meta":{"_acf_changed":false},"product_brand":[],"product_cat":[624,25],"product_tag":[],"class_list":{"0":"post-55051","1":"product","2":"type-product","3":"status-publish","4":"has-post-thumbnail","6":"product_cat-bulova","7":"product_cat-ceasuri-dama","8":"pa_brand-bulova","9":"pa_braslet-otel-inoxidabil","10":"pa_corpus-31-mm","11":"pa_decor-diamante","12":"pa_forma-rotund","13":"pa_funcii-data","14":"pa_garatia-24-luni","15":"pa_korpus-argintiu","16":"pa_kvarc-quartz","17":"pa_material-otel-inoxidabil","18":"pa_mehanizm-quartz","19":"pa_remeshok-bicolor","20":"pa_steklo-cristal-mineral","21":"pa_strana-sua","22":"pa_voda-3-atm","24":"first","25":"instock","26":"purchasable","27":"product-type-simple"},"acf":[],"_links":{"self":[{"href":"https:\/\/ceasuri.md\/ru\/wp-json\/wp\/v2\/product\/55051","targetHints":{"allow":["GET"]}}],"collection":[{"href":"https:\/\/ceasuri.md\/ru\/wp-json\/wp\/v2\/product"}],"about":[{"href":"https:\/\/ceasuri.md\/ru\/wp-json\/wp\/v2\/types\/product"}],"replies":[{"embeddable":true,"href":"https:\/\/ceasuri.md\/ru\/wp-json\/wp\/v2\/comments?post=55051"}],"wp:featuredmedia":[{"embeddable":true,"href":"https:\/\/ceasuri.md\/ru\/wp-json\/wp\/v2\/media\/55052"}],"wp:attachment":[{"href":"https:\/\/ceasuri.md\/ru\/wp-json\/wp\/v2\/media?parent=55051"}],"wp:term":[{"taxonomy":"product_brand","embeddable":true,"href":"https:\/\/ceasuri.md\/ru\/wp-json\/wp\/v2\/product_brand?post=55051"},{"taxonomy":"product_cat","embeddable":true,"href":"https:\/\/ceasuri.md\/ru\/wp-json\/wp\/v2\/product_cat?post=55051"},{"taxonomy":"product_tag","embeddable":true,"href":"https:\/\/ceasuri.md\/ru\/wp-json\/wp\/v2\/product_tag?post=55051"}],"curies":[{"name":"wp","href":"https:\/\/api.w.org\/{rel}","templated":true}]}}