{"id":55047,"date":"2026-04-03T00:15:33","date_gmt":"2026-04-02T21:15:33","guid":{"rendered":"http:\/\/new.ceasuri.md\/shop\/uncategorized\/bulova-classic-sutton-petite-98r297\/"},"modified":"2026-04-20T01:41:07","modified_gmt":"2026-04-19T22:41:07","slug":"bulova-classic-sutton-petite-98r297","status":"publish","type":"product","link":"https:\/\/ceasuri.md\/ru\/shop\/branduri\/bulova\/bulova-classic-sutton-petite-98r297\/","title":{"rendered":"Ceas BULOVA CLASSIC Sutton Petite 98R297"},"content":{"rendered":"<p>Aceast\u0103 ad\u0103ugare elegant\u0103 la Bulova ofer\u0103 un ceas sofisticat pentru orice ocazie. Carcasa sub\u021bire din o\u021bel inoxidabil auriu este decorat\u0103 cu 16 diamante orbitoare \u0219i are un cristal de safir bombat pentru o claritate excep\u021bional\u0103. Cadranul lucios sidef autentic\u0103 este accentuat cu 3 diamante \u0219i m\u00e2ini \u0219i indicatoare orare aurii. Ceasul este completat de o br\u0103\u021bar\u0103 aurie asortat\u0103, cu o \u00eencuietoare cu buton desf\u0103\u0219ur\u0103tor. Pentru femeia rafinat\u0103, Bulova ofer\u0103 o pies\u0103 de ceas care nu face compromisuri.<\/p>","protected":false},"excerpt":{"rendered":"<p>Aceast\u0103 ad\u0103ugare elegant\u0103 la Bulova ofer\u0103 un ceas sofisticat pentru orice ocazie. Carcasa sub\u021bire din o\u021bel inoxidabil auriu este decorat\u0103 cu 16 diamante orbitoare \u0219i are un cristal de safir bombat pentru o claritate excep\u021bional\u0103. Cadranul lucios sidef autentic\u0103 este accentuat cu 3 diamante \u0219i m\u00e2ini \u0219i indicatoare orare aurii. Ceasul este completat de o [&hellip;]<\/p>\n","protected":false},"featured_media":55048,"comment_status":"closed","ping_status":"open","template":"","meta":{"_acf_changed":false},"product_brand":[],"product_cat":[624,25,106],"product_tag":[],"class_list":{"0":"post-55047","1":"product","2":"type-product","3":"status-publish","4":"has-post-thumbnail","6":"product_cat-bulova","7":"product_cat-ceasuri-dama","8":"product_cat-ceasuri-premium","9":"pa_brand-bulova","10":"pa_braslet-otel-inoxidabil","11":"pa_corpus-28-mm","12":"pa_decor-diamante","13":"pa_forma-rotund","14":"pa_garatia-24-luni","15":"pa_korpus-auriu","16":"pa_kvarc-quartz","17":"pa_material-otel-inoxidabil","18":"pa_mehanizm-quartz","19":"pa_remeshok-auriu","20":"pa_steklo-cristal-safir","21":"pa_strana-sua","22":"pa_voda-3-atm","24":"first","25":"instock","26":"purchasable","27":"product-type-simple"},"acf":[],"_links":{"self":[{"href":"https:\/\/ceasuri.md\/ru\/wp-json\/wp\/v2\/product\/55047","targetHints":{"allow":["GET"]}}],"collection":[{"href":"https:\/\/ceasuri.md\/ru\/wp-json\/wp\/v2\/product"}],"about":[{"href":"https:\/\/ceasuri.md\/ru\/wp-json\/wp\/v2\/types\/product"}],"replies":[{"embeddable":true,"href":"https:\/\/ceasuri.md\/ru\/wp-json\/wp\/v2\/comments?post=55047"}],"wp:featuredmedia":[{"embeddable":true,"href":"https:\/\/ceasuri.md\/ru\/wp-json\/wp\/v2\/media\/55048"}],"wp:attachment":[{"href":"https:\/\/ceasuri.md\/ru\/wp-json\/wp\/v2\/media?parent=55047"}],"wp:term":[{"taxonomy":"product_brand","embeddable":true,"href":"https:\/\/ceasuri.md\/ru\/wp-json\/wp\/v2\/product_brand?post=55047"},{"taxonomy":"product_cat","embeddable":true,"href":"https:\/\/ceasuri.md\/ru\/wp-json\/wp\/v2\/product_cat?post=55047"},{"taxonomy":"product_tag","embeddable":true,"href":"https:\/\/ceasuri.md\/ru\/wp-json\/wp\/v2\/product_tag?post=55047"}],"curies":[{"name":"wp","href":"https:\/\/api.w.org\/{rel}","templated":true}]}}