{"id":55041,"date":"2024-10-22T07:42:06","date_gmt":"2024-10-22T04:42:06","guid":{"rendered":"http:\/\/new.ceasuri.md\/shop\/uncategorized\/bulova-crystal-boxed-set-98x119-set\/"},"modified":"2026-05-01T18:52:43","modified_gmt":"2026-05-01T15:52:43","slug":"bulova-crystal-boxed-set-98x119-set","status":"publish","type":"product","link":"https:\/\/ceasuri.md\/ru\/shop\/branduri\/bulova\/bulova-crystal-boxed-set-98x119-set\/","title":{"rendered":"\u0427\u0430\u0441\u044b BULOVA CRYSTAL Boxed Set 98X119 SET"},"content":{"rendered":"<p>De la Bulova, acest set este o idee excelent\u0103 de cadou pentru femeia. Ceasul sofisticat este conceput pentru femeile care apreciaz\u0103 un aspect curat, adaptat, cu o not\u0103 de dramatism. Carcasa din o\u021bel inoxidabil de 32 mm \u00een nuan\u021b\u0103 aurie galben\u0103 g\u0103zduie\u0219te un cadran elegant sidef, care prezint\u0103 m\u00e2ini coordonate \u00een nuan\u021b\u0103 aurie galben\u0103 \u0219i indici din cristale str\u0103lucitoare. \u0218i mai multe cristale transparente \u00eempodobesc carcasa \u0219i br\u0103\u021bara, ad\u0103ug\u00e2nd str\u0103lucire care cu siguran\u021b\u0103 v\u0103 va face remarcat\u0103. Aspectul este completat de o br\u0103\u021bar\u0103 din o\u021bel inoxidabil auriu galben. O pereche de br\u0103\u021b\u0103ri flexibile coordonate din o\u021bel inoxidabil, \u00eempodobite cu cristale str\u0103lucitoare, sunt incluse cu achizi\u021bia dvs.<\/p>","protected":false},"excerpt":{"rendered":"<p>De la Bulova, acest set este o idee excelent\u0103 de cadou pentru femeia. Ceasul sofisticat este conceput pentru femeile care apreciaz\u0103 un aspect curat, adaptat, cu o not\u0103 de dramatism. Carcasa din o\u021bel inoxidabil de 32 mm \u00een nuan\u021b\u0103 aurie galben\u0103 g\u0103zduie\u0219te un cadran elegant sidef, care prezint\u0103 m\u00e2ini coordonate \u00een nuan\u021b\u0103 aurie galben\u0103 \u0219i [&hellip;]<\/p>\n","protected":false},"featured_media":55042,"comment_status":"closed","ping_status":"open","template":"","meta":{"_acf_changed":false},"product_brand":[],"product_cat":[624,25],"product_tag":[],"class_list":{"0":"post-55041","1":"product","2":"type-product","3":"status-publish","4":"has-post-thumbnail","6":"product_cat-bulova","7":"product_cat-ceasuri-dama","8":"pa_brand-bulova","9":"pa_braslet-otel-inoxidabil","10":"pa_corpus-32-mm","11":"pa_decor-cristale-swarowski","12":"pa_forma-rotund","13":"pa_funcii-set-cadou","14":"pa_garatia-24-luni","15":"pa_korpus-auriu","16":"pa_kvarc-quartz","17":"pa_material-otel-inoxidabil","18":"pa_mehanizm-quartz","19":"pa_remeshok-auriu","20":"pa_steklo-cristal-mineral","21":"pa_strana-sua","22":"pa_voda-3-atm","24":"first","25":"instock","26":"purchasable","27":"product-type-simple"},"acf":[],"_links":{"self":[{"href":"https:\/\/ceasuri.md\/ru\/wp-json\/wp\/v2\/product\/55041","targetHints":{"allow":["GET"]}}],"collection":[{"href":"https:\/\/ceasuri.md\/ru\/wp-json\/wp\/v2\/product"}],"about":[{"href":"https:\/\/ceasuri.md\/ru\/wp-json\/wp\/v2\/types\/product"}],"replies":[{"embeddable":true,"href":"https:\/\/ceasuri.md\/ru\/wp-json\/wp\/v2\/comments?post=55041"}],"wp:featuredmedia":[{"embeddable":true,"href":"https:\/\/ceasuri.md\/ru\/wp-json\/wp\/v2\/media\/55042"}],"wp:attachment":[{"href":"https:\/\/ceasuri.md\/ru\/wp-json\/wp\/v2\/media?parent=55041"}],"wp:term":[{"taxonomy":"product_brand","embeddable":true,"href":"https:\/\/ceasuri.md\/ru\/wp-json\/wp\/v2\/product_brand?post=55041"},{"taxonomy":"product_cat","embeddable":true,"href":"https:\/\/ceasuri.md\/ru\/wp-json\/wp\/v2\/product_cat?post=55041"},{"taxonomy":"product_tag","embeddable":true,"href":"https:\/\/ceasuri.md\/ru\/wp-json\/wp\/v2\/product_tag?post=55041"}],"curies":[{"name":"wp","href":"https:\/\/api.w.org\/{rel}","templated":true}]}}