{"id":55018,"date":"2026-04-03T00:15:33","date_gmt":"2026-04-02T21:15:33","guid":{"rendered":"http:\/\/new.ceasuri.md\/shop\/uncategorized\/michael-kors-emery-mk4839set\/"},"modified":"2026-04-20T01:38:59","modified_gmt":"2026-04-19T22:38:59","slug":"michael-kors-emery-mk4839set","status":"publish","type":"product","link":"https:\/\/ceasuri.md\/ru\/shop\/branduri\/michael-kors\/michael-kors-emery-mk4839set\/","title":{"rendered":"\u0427\u0430\u0441\u044b MICHAEL KORS EMERY MK4839SET"},"content":{"rendered":"<p>Michael Kors este unul dintre cele mai cunoscute \u0219i populare branduri americane din \u00eentreaga lume.<br \/>\nPrima colec\u021bie de ceasuri Michael Kors a ap\u0103rut \u00een buticuri \u00een 2004.<br \/>\nCeasurile Michael Kors sunt caracterizate de o aten\u021bie meticuloas\u0103 la detalii \u0219i completeaz\u0103 perfect colec\u021biile de \u00eembr\u0103c\u0103minte, \u00eenc\u0103l\u021b\u0103minte \u0219i accesorii ale casei de mod\u0103. Brandul garanteaz\u0103 o calitate ridicat\u0103 \u0219i ofer\u0103 o gam\u0103 larg\u0103 de produse.<br \/>\nCeasurile Michael Kors au toate caracteristicile necesare care le fac s\u0103 fie un accesoriu respectabil \u0219i de \u00eencredere-ajutor \u00een ritmul de via\u021b\u0103 al unui b\u0103rbat modern.<br \/>\nAcest set din trei piese \u00eencrustate cu pav\u00e9 include un mic ceas Emery ca pies\u0103 central\u0103, precum \u0219i o br\u0103\u021bar\u0103 cu lan\u021b \u0219i cercei. Ceasul argintiu are un cadran dreptunghiular, br\u0103\u021bar\u0103 \u0219i indicatoare orare cu cifre romane pentru un aspect clasic. Combinat, acest ceas arat\u0103 pur \u0219i simplu uimitor.<\/p>","protected":false},"excerpt":{"rendered":"<p>Michael Kors este unul dintre cele mai cunoscute \u0219i populare branduri americane din \u00eentreaga lume. Prima colec\u021bie de ceasuri Michael Kors a ap\u0103rut \u00een buticuri \u00een 2004. Ceasurile Michael Kors sunt caracterizate de o aten\u021bie meticuloas\u0103 la detalii \u0219i completeaz\u0103 perfect colec\u021biile de \u00eembr\u0103c\u0103minte, \u00eenc\u0103l\u021b\u0103minte \u0219i accesorii ale casei de mod\u0103. Brandul garanteaz\u0103 o calitate [&hellip;]<\/p>\n","protected":false},"featured_media":55019,"comment_status":"closed","ping_status":"open","template":"","meta":{"_acf_changed":false},"product_brand":[],"product_cat":[25,616],"product_tag":[],"class_list":{"0":"post-55018","1":"product","2":"type-product","3":"status-publish","4":"has-post-thumbnail","6":"product_cat-ceasuri-dama","7":"product_cat-michael-kors","8":"pa_brand-michael-kors","9":"pa_braslet-otel-inoxidabil","10":"pa_corpus-27x35mm","11":"pa_decor-cristale-swarowski","12":"pa_forma-dreptunghiular","13":"pa_funcii-set-cadou","14":"pa_garatia-24-luni","15":"pa_korpus-argintiu","16":"pa_kvarc-quartz","17":"pa_material-otel-inoxidabil","18":"pa_mehanizm-quartz","19":"pa_remeshok-argintiu","20":"pa_steklo-cristal-mineral","21":"pa_strana-sua","22":"pa_voda-5-atm","24":"first","25":"instock","26":"purchasable","27":"product-type-simple"},"acf":[],"_links":{"self":[{"href":"https:\/\/ceasuri.md\/ru\/wp-json\/wp\/v2\/product\/55018","targetHints":{"allow":["GET"]}}],"collection":[{"href":"https:\/\/ceasuri.md\/ru\/wp-json\/wp\/v2\/product"}],"about":[{"href":"https:\/\/ceasuri.md\/ru\/wp-json\/wp\/v2\/types\/product"}],"replies":[{"embeddable":true,"href":"https:\/\/ceasuri.md\/ru\/wp-json\/wp\/v2\/comments?post=55018"}],"wp:featuredmedia":[{"embeddable":true,"href":"https:\/\/ceasuri.md\/ru\/wp-json\/wp\/v2\/media\/55019"}],"wp:attachment":[{"href":"https:\/\/ceasuri.md\/ru\/wp-json\/wp\/v2\/media?parent=55018"}],"wp:term":[{"taxonomy":"product_brand","embeddable":true,"href":"https:\/\/ceasuri.md\/ru\/wp-json\/wp\/v2\/product_brand?post=55018"},{"taxonomy":"product_cat","embeddable":true,"href":"https:\/\/ceasuri.md\/ru\/wp-json\/wp\/v2\/product_cat?post=55018"},{"taxonomy":"product_tag","embeddable":true,"href":"https:\/\/ceasuri.md\/ru\/wp-json\/wp\/v2\/product_tag?post=55018"}],"curies":[{"name":"wp","href":"https:\/\/api.w.org\/{rel}","templated":true}]}}