{"id":55002,"date":"2026-04-03T00:15:33","date_gmt":"2026-04-02T21:15:33","guid":{"rendered":"http:\/\/new.ceasuri.md\/shop\/uncategorized\/michael-kors-lexington-mk4844\/"},"modified":"2026-04-20T01:39:01","modified_gmt":"2026-04-19T22:39:01","slug":"michael-kors-lexington-mk4844","status":"publish","type":"product","link":"https:\/\/ceasuri.md\/ru\/shop\/branduri\/michael-kors\/michael-kors-lexington-mk4844\/","title":{"rendered":"\u0427\u0430\u0441\u044b MICHAEL KORS LEXINGTON MK4844"},"content":{"rendered":"<p>Michael Kors Lexington MK4844 este un ceas unic pentru femei, conceput pentru femeile care apreciaz\u0103 elegan\u021ba cu o not\u0103 de lux. Carcasa maro din o\u021bel inoxidabil se \u00eembin\u0103 perfect cu cadranul maro pentru a crea un ansamblu armonios \u0219i elegant. Mi\u0219carea precis\u0103 cu cuar\u021b asigur\u0103 fiabilitate, \u00een timp ce cristalul mineral protejeaz\u0103 eficient cadranul de zg\u00e2rieturile zilnice. Br\u0103\u021bara din o\u021bel inoxidabil maro adaug\u0103 rafinament \u0219i este confortabil\u0103 la purtare.<\/p>","protected":false},"excerpt":{"rendered":"<p>Michael Kors Lexington MK4844 este un ceas unic pentru femei, conceput pentru femeile care apreciaz\u0103 elegan\u021ba cu o not\u0103 de lux. Carcasa maro din o\u021bel inoxidabil se \u00eembin\u0103 perfect cu cadranul maro pentru a crea un ansamblu armonios \u0219i elegant. Mi\u0219carea precis\u0103 cu cuar\u021b asigur\u0103 fiabilitate, \u00een timp ce cristalul mineral protejeaz\u0103 eficient cadranul de [&hellip;]<\/p>\n","protected":false},"featured_media":55003,"comment_status":"closed","ping_status":"open","template":"","meta":{"_acf_changed":false},"product_brand":[],"product_cat":[25,616],"product_tag":[],"class_list":{"0":"post-55002","1":"product","2":"type-product","3":"status-publish","4":"has-post-thumbnail","6":"product_cat-ceasuri-dama","7":"product_cat-michael-kors","8":"pa_brand-michael-kors","9":"pa_braslet-otel-inoxidabil","10":"pa_corpus-26-mm","11":"pa_decor-cristale-swarowski","12":"pa_forma-rotund","13":"pa_garatia-24-luni","14":"pa_korpus-maro","15":"pa_korpus-roz-gold","16":"pa_kvarc-quartz","17":"pa_material-otel-inoxidabil","18":"pa_mehanizm-quartz","19":"pa_remeshok-maro","20":"pa_steklo-cristal-mineral","21":"pa_strana-sua","22":"pa_voda-5-atm","24":"first","25":"instock","26":"purchasable","27":"product-type-simple"},"acf":[],"_links":{"self":[{"href":"https:\/\/ceasuri.md\/ru\/wp-json\/wp\/v2\/product\/55002","targetHints":{"allow":["GET"]}}],"collection":[{"href":"https:\/\/ceasuri.md\/ru\/wp-json\/wp\/v2\/product"}],"about":[{"href":"https:\/\/ceasuri.md\/ru\/wp-json\/wp\/v2\/types\/product"}],"replies":[{"embeddable":true,"href":"https:\/\/ceasuri.md\/ru\/wp-json\/wp\/v2\/comments?post=55002"}],"wp:featuredmedia":[{"embeddable":true,"href":"https:\/\/ceasuri.md\/ru\/wp-json\/wp\/v2\/media\/55003"}],"wp:attachment":[{"href":"https:\/\/ceasuri.md\/ru\/wp-json\/wp\/v2\/media?parent=55002"}],"wp:term":[{"taxonomy":"product_brand","embeddable":true,"href":"https:\/\/ceasuri.md\/ru\/wp-json\/wp\/v2\/product_brand?post=55002"},{"taxonomy":"product_cat","embeddable":true,"href":"https:\/\/ceasuri.md\/ru\/wp-json\/wp\/v2\/product_cat?post=55002"},{"taxonomy":"product_tag","embeddable":true,"href":"https:\/\/ceasuri.md\/ru\/wp-json\/wp\/v2\/product_tag?post=55002"}],"curies":[{"name":"wp","href":"https:\/\/api.w.org\/{rel}","templated":true}]}}