{"id":54997,"date":"2024-10-14T17:01:13","date_gmt":"2024-10-14T14:01:13","guid":{"rendered":"http:\/\/new.ceasuri.md\/shop\/uncategorized\/michael-kors-slim-runway-mk7466\/"},"modified":"2026-05-01T18:52:18","modified_gmt":"2026-05-01T15:52:18","slug":"michael-kors-slim-runway-mk7466","status":"publish","type":"product","link":"https:\/\/ceasuri.md\/ru\/shop\/branduri\/michael-kors\/michael-kors-slim-runway-mk7466\/","title":{"rendered":"\u0427\u0430\u0441\u044b MICHAEL KORS SLIM RUNWAY MK7466"},"content":{"rendered":"<p>Michael Kors proiecteaz\u0103 ceasuri elegante care transcend anotimpurile \u0219i sunt fabricate din materiale de calitate, prezent\u00e2nd o estetic\u0103 frumoas\u0103. Acest ceas bestseller Michael Kors Slim Runway va ad\u0103uga o not\u0103 de mod\u0103 oric\u0103rei \u021binute \u0219i are o curea din piele \u0219i o carcas\u0103 de 38 mm.<\/p>","protected":false},"excerpt":{"rendered":"<p>Michael Kors proiecteaz\u0103 ceasuri elegante care transcend anotimpurile \u0219i sunt fabricate din materiale de calitate, prezent\u00e2nd o estetic\u0103 frumoas\u0103. Acest ceas bestseller Michael Kors Slim Runway va ad\u0103uga o not\u0103 de mod\u0103 oric\u0103rei \u021binute \u0219i are o curea din piele \u0219i o carcas\u0103 de 38 mm.<\/p>","protected":false},"featured_media":54998,"comment_status":"closed","ping_status":"open","template":"","meta":{"_acf_changed":false},"product_brand":[],"product_cat":[25,616],"product_tag":[],"class_list":{"0":"post-54997","1":"product","2":"type-product","3":"status-publish","4":"has-post-thumbnail","6":"product_cat-ceasuri-dama","7":"product_cat-michael-kors","8":"pa_brand-michael-kors","9":"pa_braslet-piele","10":"pa_corpus-38-mm","11":"pa_forma-rotund","12":"pa_garatia-24-luni","13":"pa_korpus-auriu","14":"pa_kvarc-quartz","15":"pa_material-otel-inoxidabil","16":"pa_mehanizm-quartz","17":"pa_remeshok-alb","18":"pa_remeshok-auriu","19":"pa_steklo-cristal-mineral","20":"pa_strana-sua","21":"pa_voda-5-atm","23":"first","24":"instock","25":"purchasable","26":"product-type-simple"},"acf":[],"_links":{"self":[{"href":"https:\/\/ceasuri.md\/ru\/wp-json\/wp\/v2\/product\/54997","targetHints":{"allow":["GET"]}}],"collection":[{"href":"https:\/\/ceasuri.md\/ru\/wp-json\/wp\/v2\/product"}],"about":[{"href":"https:\/\/ceasuri.md\/ru\/wp-json\/wp\/v2\/types\/product"}],"replies":[{"embeddable":true,"href":"https:\/\/ceasuri.md\/ru\/wp-json\/wp\/v2\/comments?post=54997"}],"wp:featuredmedia":[{"embeddable":true,"href":"https:\/\/ceasuri.md\/ru\/wp-json\/wp\/v2\/media\/54998"}],"wp:attachment":[{"href":"https:\/\/ceasuri.md\/ru\/wp-json\/wp\/v2\/media?parent=54997"}],"wp:term":[{"taxonomy":"product_brand","embeddable":true,"href":"https:\/\/ceasuri.md\/ru\/wp-json\/wp\/v2\/product_brand?post=54997"},{"taxonomy":"product_cat","embeddable":true,"href":"https:\/\/ceasuri.md\/ru\/wp-json\/wp\/v2\/product_cat?post=54997"},{"taxonomy":"product_tag","embeddable":true,"href":"https:\/\/ceasuri.md\/ru\/wp-json\/wp\/v2\/product_tag?post=54997"}],"curies":[{"name":"wp","href":"https:\/\/api.w.org\/{rel}","templated":true}]}}