{"id":54992,"date":"2026-04-03T00:15:33","date_gmt":"2026-04-02T21:15:33","guid":{"rendered":"http:\/\/new.ceasuri.md\/shop\/uncategorized\/michael-kors-slim-runway-mk7467\/"},"modified":"2026-04-24T13:10:55","modified_gmt":"2026-04-24T10:10:55","slug":"michael-kors-slim-runway-mk7467","status":"publish","type":"product","link":"https:\/\/ceasuri.md\/ru\/shop\/branduri\/michael-kors\/michael-kors-slim-runway-mk7467\/","title":{"rendered":"\u0427\u0430\u0441\u044b MICHAEL KORS SLIM RUNWAY MK7467"},"content":{"rendered":"<p>Michael Kors proiecteaz\u0103 ceasuri elegante care transcend anotimpurile \u0219i sunt fabricate din materiale de calitate, prezent\u00e2nd o estetic\u0103 frumoas\u0103. Acest ceas bestseller Michael Kors Slim Runway va ad\u0103uga o not\u0103 de mod\u0103 oric\u0103rei \u021binute \u0219i are o curea din piele \u0219i o carcas\u0103 de 38 mm.<\/p>","protected":false},"excerpt":{"rendered":"<p>Michael Kors proiecteaz\u0103 ceasuri elegante care transcend anotimpurile \u0219i sunt fabricate din materiale de calitate, prezent\u00e2nd o estetic\u0103 frumoas\u0103. Acest ceas bestseller Michael Kors Slim Runway va ad\u0103uga o not\u0103 de mod\u0103 oric\u0103rei \u021binute \u0219i are o curea din piele \u0219i o carcas\u0103 de 38 mm.<\/p>","protected":false},"featured_media":54993,"comment_status":"closed","ping_status":"open","template":"","meta":{"_acf_changed":false},"product_brand":[],"product_cat":[25,616],"product_tag":[],"class_list":{"0":"post-54992","1":"product","2":"type-product","3":"status-publish","4":"has-post-thumbnail","6":"product_cat-ceasuri-dama","7":"product_cat-michael-kors","8":"pa_brand-michael-kors","9":"pa_braslet-piele","10":"pa_corpus-38-mm","11":"pa_forma-rotund","12":"pa_garatia-24-luni","13":"pa_korpus-roz-gold","14":"pa_kvarc-quartz","15":"pa_material-otel-inoxidabil","16":"pa_mehanizm-quartz","17":"pa_remeshok-bej","18":"pa_remeshok-roz-gold","19":"pa_steklo-cristal-mineral","20":"pa_strana-sua","21":"pa_voda-5-atm","23":"first","24":"instock","25":"purchasable","26":"product-type-simple"},"acf":[],"_links":{"self":[{"href":"https:\/\/ceasuri.md\/ru\/wp-json\/wp\/v2\/product\/54992","targetHints":{"allow":["GET"]}}],"collection":[{"href":"https:\/\/ceasuri.md\/ru\/wp-json\/wp\/v2\/product"}],"about":[{"href":"https:\/\/ceasuri.md\/ru\/wp-json\/wp\/v2\/types\/product"}],"replies":[{"embeddable":true,"href":"https:\/\/ceasuri.md\/ru\/wp-json\/wp\/v2\/comments?post=54992"}],"wp:featuredmedia":[{"embeddable":true,"href":"https:\/\/ceasuri.md\/ru\/wp-json\/wp\/v2\/media\/54993"}],"wp:attachment":[{"href":"https:\/\/ceasuri.md\/ru\/wp-json\/wp\/v2\/media?parent=54992"}],"wp:term":[{"taxonomy":"product_brand","embeddable":true,"href":"https:\/\/ceasuri.md\/ru\/wp-json\/wp\/v2\/product_brand?post=54992"},{"taxonomy":"product_cat","embeddable":true,"href":"https:\/\/ceasuri.md\/ru\/wp-json\/wp\/v2\/product_cat?post=54992"},{"taxonomy":"product_tag","embeddable":true,"href":"https:\/\/ceasuri.md\/ru\/wp-json\/wp\/v2\/product_tag?post=54992"}],"curies":[{"name":"wp","href":"https:\/\/api.w.org\/{rel}","templated":true}]}}