{"id":54982,"date":"2024-10-14T17:01:12","date_gmt":"2024-10-14T14:01:12","guid":{"rendered":"http:\/\/new.ceasuri.md\/shop\/uncategorized\/michael-kors-maren-mk7496\/"},"modified":"2026-05-01T18:52:10","modified_gmt":"2026-05-01T15:52:10","slug":"michael-kors-maren-mk7496","status":"publish","type":"product","link":"https:\/\/ceasuri.md\/ru\/shop\/branduri\/michael-kors\/michael-kors-maren-mk7496\/","title":{"rendered":"\u0427\u0430\u0441\u044b MICHAEL KORS MAREN MK7496"},"content":{"rendered":"<p>Ceasul Maren este proiectat cu o elegan\u021b\u0103 discret\u0103 pe care o ve\u021bi pre\u021bui \u00een anii urm\u0103tori. Fabricat din o\u021bel inoxidabil \u00een dou\u0103 tonuri \u0219i prev\u0103zut cu o curea br\u0103\u021bar\u0103, acesta este proiectat cu un cadran cronografic pentru a asigura o cronometrare precis\u0103 pentru programul dvs. \u00eenc\u0103rcat.<\/p>","protected":false},"excerpt":{"rendered":"<p>Ceasul Maren este proiectat cu o elegan\u021b\u0103 discret\u0103 pe care o ve\u021bi pre\u021bui \u00een anii urm\u0103tori. Fabricat din o\u021bel inoxidabil \u00een dou\u0103 tonuri \u0219i prev\u0103zut cu o curea br\u0103\u021bar\u0103, acesta este proiectat cu un cadran cronografic pentru a asigura o cronometrare precis\u0103 pentru programul dvs. \u00eenc\u0103rcat.<\/p>","protected":false},"featured_media":54983,"comment_status":"closed","ping_status":"open","template":"","meta":{"_acf_changed":false},"product_brand":[],"product_cat":[25,616],"product_tag":[],"class_list":{"0":"post-54982","1":"product","2":"type-product","3":"status-publish","4":"has-post-thumbnail","6":"product_cat-ceasuri-dama","7":"product_cat-michael-kors","8":"pa_brand-michael-kors","9":"pa_braslet-otel-inoxidabil","10":"pa_corpus-40-mm","11":"pa_forma-rotund","12":"pa_funcii-cronograf","13":"pa_funcii-data","14":"pa_garatia-24-luni","15":"pa_korpus-maro","16":"pa_korpus-roz-gold","17":"pa_kvarc-quartz","18":"pa_material-otel-inoxidabil","19":"pa_mehanizm-quartz","20":"pa_remeshok-maro","21":"pa_remeshok-roz-gold","22":"pa_steklo-cristal-mineral","23":"pa_strana-sua","24":"pa_voda-5-atm","26":"first","27":"instock","28":"purchasable","29":"product-type-simple"},"acf":[],"_links":{"self":[{"href":"https:\/\/ceasuri.md\/ru\/wp-json\/wp\/v2\/product\/54982","targetHints":{"allow":["GET"]}}],"collection":[{"href":"https:\/\/ceasuri.md\/ru\/wp-json\/wp\/v2\/product"}],"about":[{"href":"https:\/\/ceasuri.md\/ru\/wp-json\/wp\/v2\/types\/product"}],"replies":[{"embeddable":true,"href":"https:\/\/ceasuri.md\/ru\/wp-json\/wp\/v2\/comments?post=54982"}],"wp:featuredmedia":[{"embeddable":true,"href":"https:\/\/ceasuri.md\/ru\/wp-json\/wp\/v2\/media\/54983"}],"wp:attachment":[{"href":"https:\/\/ceasuri.md\/ru\/wp-json\/wp\/v2\/media?parent=54982"}],"wp:term":[{"taxonomy":"product_brand","embeddable":true,"href":"https:\/\/ceasuri.md\/ru\/wp-json\/wp\/v2\/product_brand?post=54982"},{"taxonomy":"product_cat","embeddable":true,"href":"https:\/\/ceasuri.md\/ru\/wp-json\/wp\/v2\/product_cat?post=54982"},{"taxonomy":"product_tag","embeddable":true,"href":"https:\/\/ceasuri.md\/ru\/wp-json\/wp\/v2\/product_tag?post=54982"}],"curies":[{"name":"wp","href":"https:\/\/api.w.org\/{rel}","templated":true}]}}