{"id":54972,"date":"2026-04-03T00:14:44","date_gmt":"2026-04-02T21:14:44","guid":{"rendered":"http:\/\/new.ceasuri.md\/shop\/uncategorized\/fossil-neutra-es5358\/"},"modified":"2026-04-16T21:28:39","modified_gmt":"2026-04-16T18:28:39","slug":"fossil-neutra-es5358","status":"publish","type":"product","link":"https:\/\/ceasuri.md\/ru\/shop\/branduri\/fossil\/fossil-neutra-es5358\/","title":{"rendered":"Ceas FOSSIL ES5358 Neutra"},"content":{"rendered":"<p>Face\u021bi cuno\u0219tin\u021b\u0103 cu noul dvs. ceas semn\u0103tur\u0103. Atemporal \u0219i versatil, Neutra nostru echilibreaz\u0103 minimalismul elegant cu cantitatea potrivit\u0103 de str\u0103lucire. Carcasa lucioas\u0103 de 36 mm din o\u021bel inoxidabil auriu un cadran lucios din sidef. Func\u021bionalitatea cronografului \u0219i o br\u0103\u021bar\u0103 confortabil\u0103 din o\u021bel inoxidabil \u00eei confer\u0103 versatilitatea de zi cu zi. Da, este un clasic modern pe care nu ve\u021bi dori s\u0103 \u00eel da\u021bi jos niciodat\u0103.<\/p>","protected":false},"excerpt":{"rendered":"<p>Face\u021bi cuno\u0219tin\u021b\u0103 cu noul dvs. ceas semn\u0103tur\u0103. Atemporal \u0219i versatil, Neutra nostru echilibreaz\u0103 minimalismul elegant cu cantitatea potrivit\u0103 de str\u0103lucire. Carcasa lucioas\u0103 de 36 mm din o\u021bel inoxidabil auriu un cadran lucios din sidef. Func\u021bionalitatea cronografului \u0219i o br\u0103\u021bar\u0103 confortabil\u0103 din o\u021bel inoxidabil \u00eei confer\u0103 versatilitatea de zi cu zi. Da, este un clasic modern [&hellip;]<\/p>\n","protected":false},"featured_media":54973,"comment_status":"closed","ping_status":"open","template":"","meta":{"_acf_changed":false},"product_brand":[],"product_cat":[25,396],"product_tag":[],"class_list":{"0":"post-54972","1":"product","2":"type-product","3":"status-publish","4":"has-post-thumbnail","6":"product_cat-ceasuri-dama","7":"product_cat-fossil","8":"pa_brand-fossil","9":"pa_braslet-otel-inoxidabil","10":"pa_corpus-36-mm","11":"pa_decor-cristale-swarowski","12":"pa_forma-rotund","13":"pa_funcii-cronograf","14":"pa_funcii-data","15":"pa_garatia-24-luni","16":"pa_korpus-auriu","17":"pa_kvarc-quartz","18":"pa_material-otel-inoxidabil","19":"pa_mehanizm-quartz","20":"pa_remeshok-auriu","21":"pa_steklo-cristal-mineral","22":"pa_strana-sua","23":"pa_voda-3-atm","25":"first","26":"instock","27":"purchasable","28":"product-type-simple"},"acf":[],"_links":{"self":[{"href":"https:\/\/ceasuri.md\/ru\/wp-json\/wp\/v2\/product\/54972","targetHints":{"allow":["GET"]}}],"collection":[{"href":"https:\/\/ceasuri.md\/ru\/wp-json\/wp\/v2\/product"}],"about":[{"href":"https:\/\/ceasuri.md\/ru\/wp-json\/wp\/v2\/types\/product"}],"replies":[{"embeddable":true,"href":"https:\/\/ceasuri.md\/ru\/wp-json\/wp\/v2\/comments?post=54972"}],"wp:featuredmedia":[{"embeddable":true,"href":"https:\/\/ceasuri.md\/ru\/wp-json\/wp\/v2\/media\/54973"}],"wp:attachment":[{"href":"https:\/\/ceasuri.md\/ru\/wp-json\/wp\/v2\/media?parent=54972"}],"wp:term":[{"taxonomy":"product_brand","embeddable":true,"href":"https:\/\/ceasuri.md\/ru\/wp-json\/wp\/v2\/product_brand?post=54972"},{"taxonomy":"product_cat","embeddable":true,"href":"https:\/\/ceasuri.md\/ru\/wp-json\/wp\/v2\/product_cat?post=54972"},{"taxonomy":"product_tag","embeddable":true,"href":"https:\/\/ceasuri.md\/ru\/wp-json\/wp\/v2\/product_tag?post=54972"}],"curies":[{"name":"wp","href":"https:\/\/api.w.org\/{rel}","templated":true}]}}