{"id":54957,"date":"2026-04-03T00:14:44","date_gmt":"2026-04-02T21:14:44","guid":{"rendered":"http:\/\/new.ceasuri.md\/shop\/uncategorized\/fossil-raquel-es5367\/"},"modified":"2026-04-07T04:49:51","modified_gmt":"2026-04-07T01:49:51","slug":"fossil-raquel-es5367","status":"publish","type":"product","link":"https:\/\/ceasuri.md\/ru\/shop\/branduri\/fossil\/fossil-raquel-es5367\/","title":{"rendered":"Ceas FOSSIL RAQUEL ES5367"},"content":{"rendered":"<p>Un adev\u0103rat clasic revine, reimaginat pentru ast\u0103zi.<br \/>\nCeasul Raquel eman\u0103 rafinament atemporal cu carcasa sa dreptunghiular\u0103 \u0219i cadranul satinat rafinat.<br \/>\nCureaua bogat\u0103 din piele maro cu imprimeu crocodil confer\u0103 o not\u0103 lucioas\u0103 acestui ceas versatil.<br \/>\nFereastr\u0103 cu dat\u0103, mi\u0219care cu cuar\u021b &#8211; s\u0103 p\u0103stra\u021bi acest ceas uimitor \u00een tendin\u021be.<\/p>","protected":false},"excerpt":{"rendered":"<p>Un adev\u0103rat clasic revine, reimaginat pentru ast\u0103zi. Ceasul Raquel eman\u0103 rafinament atemporal cu carcasa sa dreptunghiular\u0103 \u0219i cadranul satinat rafinat. Cureaua bogat\u0103 din piele maro cu imprimeu crocodil confer\u0103 o not\u0103 lucioas\u0103 acestui ceas versatil. Fereastr\u0103 cu dat\u0103, mi\u0219care cu cuar\u021b &#8211; s\u0103 p\u0103stra\u021bi acest ceas uimitor \u00een tendin\u021be.<\/p>","protected":false},"featured_media":54958,"comment_status":"closed","ping_status":"open","template":"","meta":{"_acf_changed":false},"product_brand":[],"product_cat":[25,396],"product_tag":[],"class_list":{"0":"post-54957","1":"product","2":"type-product","3":"status-publish","4":"has-post-thumbnail","6":"product_cat-ceasuri-dama","7":"product_cat-fossil","8":"pa_brand-fossil","9":"pa_braslet-piele","10":"pa_corpus-23x37mm","11":"pa_forma-dreptunghiular","12":"pa_funcii-data","13":"pa_garatia-24-luni","14":"pa_korpus-auriu","15":"pa_material-otel-inoxidabil","16":"pa_mehanizm-quartz","17":"pa_remeshok-maro","18":"pa_steklo-cristal-mineral","19":"pa_strana-sua","20":"pa_voda-3-atm","22":"first","23":"instock","24":"purchasable","25":"product-type-simple"},"acf":[],"_links":{"self":[{"href":"https:\/\/ceasuri.md\/ru\/wp-json\/wp\/v2\/product\/54957","targetHints":{"allow":["GET"]}}],"collection":[{"href":"https:\/\/ceasuri.md\/ru\/wp-json\/wp\/v2\/product"}],"about":[{"href":"https:\/\/ceasuri.md\/ru\/wp-json\/wp\/v2\/types\/product"}],"replies":[{"embeddable":true,"href":"https:\/\/ceasuri.md\/ru\/wp-json\/wp\/v2\/comments?post=54957"}],"wp:featuredmedia":[{"embeddable":true,"href":"https:\/\/ceasuri.md\/ru\/wp-json\/wp\/v2\/media\/54958"}],"wp:attachment":[{"href":"https:\/\/ceasuri.md\/ru\/wp-json\/wp\/v2\/media?parent=54957"}],"wp:term":[{"taxonomy":"product_brand","embeddable":true,"href":"https:\/\/ceasuri.md\/ru\/wp-json\/wp\/v2\/product_brand?post=54957"},{"taxonomy":"product_cat","embeddable":true,"href":"https:\/\/ceasuri.md\/ru\/wp-json\/wp\/v2\/product_cat?post=54957"},{"taxonomy":"product_tag","embeddable":true,"href":"https:\/\/ceasuri.md\/ru\/wp-json\/wp\/v2\/product_tag?post=54957"}],"curies":[{"name":"wp","href":"https:\/\/api.w.org\/{rel}","templated":true}]}}