{"id":54952,"date":"2026-04-03T00:14:44","date_gmt":"2026-04-02T21:14:44","guid":{"rendered":"http:\/\/new.ceasuri.md\/shop\/uncategorized\/fossil-carlie-es5370\/"},"modified":"2026-04-17T14:53:59","modified_gmt":"2026-04-17T11:53:59","slug":"fossil-carlie-es5370","status":"publish","type":"product","link":"https:\/\/ceasuri.md\/ru\/shop\/branduri\/fossil\/fossil-carlie-es5370\/","title":{"rendered":"Ceas FOSSIL CARLIE ES5370"},"content":{"rendered":"<p>Ceasul nostru casual-chic Carlie echilibreaz\u0103 stilul f\u0103r\u0103 efort cu detaliile moderne. Carcasa rotund\u0103 elegant\u0103 de 28 mm ad\u0103poste\u0219te un cadran bogat cu raze de soare verzi \u0219i este asociat\u0103 cu o curea din piele verde asortat\u0103. Relaxat, dar rafinat, este o frumuse\u021be de purtat peste tot.<\/p>","protected":false},"excerpt":{"rendered":"<p>Ceasul nostru casual-chic Carlie echilibreaz\u0103 stilul f\u0103r\u0103 efort cu detaliile moderne. Carcasa rotund\u0103 elegant\u0103 de 28 mm ad\u0103poste\u0219te un cadran bogat cu raze de soare verzi \u0219i este asociat\u0103 cu o curea din piele verde asortat\u0103. Relaxat, dar rafinat, este o frumuse\u021be de purtat peste tot.<\/p>","protected":false},"featured_media":54953,"comment_status":"closed","ping_status":"open","template":"","meta":{"_acf_changed":false},"product_brand":[],"product_cat":[25,396],"product_tag":[],"class_list":{"0":"post-54952","1":"product","2":"type-product","3":"status-publish","4":"has-post-thumbnail","6":"product_cat-ceasuri-dama","7":"product_cat-fossil","8":"pa_brand-fossil","9":"pa_braslet-piele","10":"pa_corpus-28-mm","11":"pa_decor-cristale-swarowski","12":"pa_forma-rotund","13":"pa_garatia-24-luni","14":"pa_korpus-roz-gold","15":"pa_kvarc-quartz","16":"pa_material-otel-inoxidabil","17":"pa_mehanizm-quartz","18":"pa_remeshok-verde","19":"pa_steklo-cristal-mineral","20":"pa_strana-sua","21":"pa_voda-3-atm","23":"first","24":"instock","25":"purchasable","26":"product-type-simple"},"acf":[],"_links":{"self":[{"href":"https:\/\/ceasuri.md\/ru\/wp-json\/wp\/v2\/product\/54952","targetHints":{"allow":["GET"]}}],"collection":[{"href":"https:\/\/ceasuri.md\/ru\/wp-json\/wp\/v2\/product"}],"about":[{"href":"https:\/\/ceasuri.md\/ru\/wp-json\/wp\/v2\/types\/product"}],"replies":[{"embeddable":true,"href":"https:\/\/ceasuri.md\/ru\/wp-json\/wp\/v2\/comments?post=54952"}],"wp:featuredmedia":[{"embeddable":true,"href":"https:\/\/ceasuri.md\/ru\/wp-json\/wp\/v2\/media\/54953"}],"wp:attachment":[{"href":"https:\/\/ceasuri.md\/ru\/wp-json\/wp\/v2\/media?parent=54952"}],"wp:term":[{"taxonomy":"product_brand","embeddable":true,"href":"https:\/\/ceasuri.md\/ru\/wp-json\/wp\/v2\/product_brand?post=54952"},{"taxonomy":"product_cat","embeddable":true,"href":"https:\/\/ceasuri.md\/ru\/wp-json\/wp\/v2\/product_cat?post=54952"},{"taxonomy":"product_tag","embeddable":true,"href":"https:\/\/ceasuri.md\/ru\/wp-json\/wp\/v2\/product_tag?post=54952"}],"curies":[{"name":"wp","href":"https:\/\/api.w.org\/{rel}","templated":true}]}}