{"id":54947,"date":"2026-04-03T00:14:44","date_gmt":"2026-04-02T21:14:44","guid":{"rendered":"http:\/\/new.ceasuri.md\/shop\/uncategorized\/fossil-harwell-es5372\/"},"modified":"2026-04-20T01:38:53","modified_gmt":"2026-04-19T22:38:53","slug":"fossil-harwell-es5372","status":"publish","type":"product","link":"https:\/\/ceasuri.md\/ru\/shop\/accesorii\/accesorii-dama\/bratari\/fossil-harwell-es5372\/","title":{"rendered":"\u0427\u0430\u0441\u044b FOSSIL HARWELL ES5372"},"content":{"rendered":"<p>Cu o carcas\u0103 \u00eencadrat\u0103 de Fossil Heritage D-Link, br\u0103\u021bara Harwell prezint\u0103 un cadran auriu cu raze de soare \u0219i un lan\u021b din o\u021bel inoxidabil auriu lustruit pentru un mod complet nea\u0219teptat de a purta ceasul.<\/p>","protected":false},"excerpt":{"rendered":"<p>Cu o carcas\u0103 \u00eencadrat\u0103 de Fossil Heritage D-Link, br\u0103\u021bara Harwell prezint\u0103 un cadran auriu cu raze de soare \u0219i un lan\u021b din o\u021bel inoxidabil auriu lustruit pentru un mod complet nea\u0219teptat de a purta ceasul.<\/p>","protected":false},"featured_media":54948,"comment_status":"closed","ping_status":"open","template":"","meta":{"_acf_changed":false},"product_brand":[],"product_cat":[577,25,396],"product_tag":[],"class_list":{"0":"post-54947","1":"product","2":"type-product","3":"status-publish","4":"has-post-thumbnail","6":"product_cat-bratari","7":"product_cat-ceasuri-dama","8":"product_cat-fossil","9":"pa_brand-fossil","10":"pa_braslet-otel-inoxidabil","11":"pa_corpus-19-cm","12":"pa_corpus-21-mm","13":"pa_forma-patrat","14":"pa_garatia-24-luni","15":"pa_korpus-auriu","16":"pa_kvarc-quartz","17":"pa_material-otel-inoxidabil","18":"pa_mehanizm-quartz","19":"pa_remeshok-auriu","20":"pa_steklo-cristal-mineral","21":"pa_strana-sua","22":"pa_voda-3-atm","24":"first","25":"instock","26":"purchasable","27":"product-type-simple"},"acf":[],"_links":{"self":[{"href":"https:\/\/ceasuri.md\/ru\/wp-json\/wp\/v2\/product\/54947","targetHints":{"allow":["GET"]}}],"collection":[{"href":"https:\/\/ceasuri.md\/ru\/wp-json\/wp\/v2\/product"}],"about":[{"href":"https:\/\/ceasuri.md\/ru\/wp-json\/wp\/v2\/types\/product"}],"replies":[{"embeddable":true,"href":"https:\/\/ceasuri.md\/ru\/wp-json\/wp\/v2\/comments?post=54947"}],"wp:featuredmedia":[{"embeddable":true,"href":"https:\/\/ceasuri.md\/ru\/wp-json\/wp\/v2\/media\/54948"}],"wp:attachment":[{"href":"https:\/\/ceasuri.md\/ru\/wp-json\/wp\/v2\/media?parent=54947"}],"wp:term":[{"taxonomy":"product_brand","embeddable":true,"href":"https:\/\/ceasuri.md\/ru\/wp-json\/wp\/v2\/product_brand?post=54947"},{"taxonomy":"product_cat","embeddable":true,"href":"https:\/\/ceasuri.md\/ru\/wp-json\/wp\/v2\/product_cat?post=54947"},{"taxonomy":"product_tag","embeddable":true,"href":"https:\/\/ceasuri.md\/ru\/wp-json\/wp\/v2\/product_tag?post=54947"}],"curies":[{"name":"wp","href":"https:\/\/api.w.org\/{rel}","templated":true}]}}