{"id":54942,"date":"2026-04-03T00:14:44","date_gmt":"2026-04-02T21:14:44","guid":{"rendered":"http:\/\/new.ceasuri.md\/shop\/uncategorized\/fossil-harwell-es5373\/"},"modified":"2026-04-20T01:38:54","modified_gmt":"2026-04-19T22:38:54","slug":"fossil-harwell-es5373","status":"publish","type":"product","link":"https:\/\/ceasuri.md\/ru\/shop\/accesorii\/accesorii-dama\/lanturi-accesorii-dama\/fossil-harwell-es5373\/","title":{"rendered":"\u0427\u0430\u0441\u044b FOSSIL HARWELL ES5373"},"content":{"rendered":"<p>Ceasurile Fossil sunt un semn de bun gust. Fanii acestui brand sunt tineri elegan\u021bi care apreciaz\u0103 confortul, func\u021bionalitatea ridicat\u0103 \u0219i tehnologia \u00een materie de ceasuri.<br \/>\nFossil este unul dintre liderii \u00een design, dezvoltare, marketing \u0219i v\u00e2nz\u0103ri de ceasuri \u0219i accesorii de \u00eenalt\u0103 calitate.<br \/>\nPentru a se diferen\u021bia de restul concuren\u021bilor \u0219i, astfel, pentru a c\u00e2\u0219tiga cot\u0103 de pia\u021b\u0103, Fossil utilizeaz\u0103 \u00een principal designul original \u00een modelele sale.<br \/>\nDispunerea stilului modelelor de ceasuri Fossil include motive din anii 1950, clasice \u0219i tendin\u021be moderne. Acest lucru face ca designul modelelor s\u0103 fie absolut unic.<br \/>\nNu vezi asta \u00een fiecare zi!<br \/>\nCombina\u021bie de ceas \u0219i colier.<br \/>\nCeas Fossil miniatural placat cu aur. Acest ceas Harwell spectaculos at\u00e2rn\u0103 \u00een jurul g\u00e2tului pe un lan\u021b auriu reglabil cu franjuri deta\u0219abile, astfel \u00eenc\u00e2t s\u0103 \u00eel pute\u021bi asorta la \u021binuta dvs. O bijuterie neobi\u0219nuit\u0103 pentru fashioniste.<br \/>\nUnic\u0103, elegant\u0103 \u0219i extrem de feminin\u0103.<\/p>","protected":false},"excerpt":{"rendered":"<p>Ceasurile Fossil sunt un semn de bun gust. Fanii acestui brand sunt tineri elegan\u021bi care apreciaz\u0103 confortul, func\u021bionalitatea ridicat\u0103 \u0219i tehnologia \u00een materie de ceasuri. Fossil este unul dintre liderii \u00een design, dezvoltare, marketing \u0219i v\u00e2nz\u0103ri de ceasuri \u0219i accesorii de \u00eenalt\u0103 calitate. Pentru a se diferen\u021bia de restul concuren\u021bilor \u0219i, astfel, pentru a c\u00e2\u0219tiga [&hellip;]<\/p>\n","protected":false},"featured_media":54943,"comment_status":"closed","ping_status":"open","template":"","meta":{"_acf_changed":false},"product_brand":[],"product_cat":[25,396,607],"product_tag":[],"class_list":{"0":"post-54942","1":"product","2":"type-product","3":"status-publish","4":"has-post-thumbnail","6":"product_cat-ceasuri-dama","7":"product_cat-fossil","8":"product_cat-lanturi-accesorii-dama","9":"pa_brand-fossil","10":"pa_braslet-otel-inoxidabil","11":"pa_corpus-22x30-mm","12":"pa_forma-dreptunghiular","13":"pa_garatia-24-luni","14":"pa_korpus-auriu","15":"pa_kvarc-quartz","16":"pa_material-otel-inoxidabil","17":"pa_mehanizm-quartz","18":"pa_remeshok-auriu","19":"pa_steklo-cristal-mineral","20":"pa_strana-sua","21":"pa_voda-3-atm","23":"first","24":"instock","25":"purchasable","26":"product-type-simple"},"acf":[],"_links":{"self":[{"href":"https:\/\/ceasuri.md\/ru\/wp-json\/wp\/v2\/product\/54942","targetHints":{"allow":["GET"]}}],"collection":[{"href":"https:\/\/ceasuri.md\/ru\/wp-json\/wp\/v2\/product"}],"about":[{"href":"https:\/\/ceasuri.md\/ru\/wp-json\/wp\/v2\/types\/product"}],"replies":[{"embeddable":true,"href":"https:\/\/ceasuri.md\/ru\/wp-json\/wp\/v2\/comments?post=54942"}],"wp:featuredmedia":[{"embeddable":true,"href":"https:\/\/ceasuri.md\/ru\/wp-json\/wp\/v2\/media\/54943"}],"wp:attachment":[{"href":"https:\/\/ceasuri.md\/ru\/wp-json\/wp\/v2\/media?parent=54942"}],"wp:term":[{"taxonomy":"product_brand","embeddable":true,"href":"https:\/\/ceasuri.md\/ru\/wp-json\/wp\/v2\/product_brand?post=54942"},{"taxonomy":"product_cat","embeddable":true,"href":"https:\/\/ceasuri.md\/ru\/wp-json\/wp\/v2\/product_cat?post=54942"},{"taxonomy":"product_tag","embeddable":true,"href":"https:\/\/ceasuri.md\/ru\/wp-json\/wp\/v2\/product_tag?post=54942"}],"curies":[{"name":"wp","href":"https:\/\/api.w.org\/{rel}","templated":true}]}}