{"id":54927,"date":"2026-04-03T00:14:44","date_gmt":"2026-04-02T21:14:44","guid":{"rendered":"http:\/\/new.ceasuri.md\/shop\/uncategorized\/fossil-carraway-fs6078\/"},"modified":"2026-04-20T01:38:56","modified_gmt":"2026-04-19T22:38:56","slug":"fossil-carraway-fs6078","status":"publish","type":"product","link":"https:\/\/ceasuri.md\/ru\/shop\/branduri\/fossil\/fossil-carraway-fs6078\/","title":{"rendered":"\u0427\u0430\u0441\u044b FOSSIL CARRAWAY FS6078"},"content":{"rendered":"<p>Fossil Carraway este un ceas elegant pentru b\u0103rba\u021bi care combin\u0103 elemente de design clasic cu accente moderne.<br \/>\nCu carcasa sa dreptunghiular\u0103 sub\u021bire din o\u021bel inoxidabil \u0219i cureaua luxoas\u0103 din piele neagr\u0103, acesta \u00eentruchipeaz\u0103 stilul atemporal.<br \/>\nCadranul argintiu cu cifre romane confer\u0103 ceasului un aspect elegant. Acest ceas este perfect at\u00e2t pentru ocaziile formale, c\u00e2t \u0219i pentru cele casual.<br \/>\nOfer\u0103 performan\u021be fiabile datorit\u0103 mi\u0219c\u0103rii sale precise cu cuar\u021b. Ad\u0103uga\u021bi o not\u0103 de rafinament look-ului dvs. cu ceasul Fossil Carraway. Perfect pentru b\u0103rbatul modern \u0219i elegant.<\/p>","protected":false},"excerpt":{"rendered":"<p>Fossil Carraway este un ceas elegant pentru b\u0103rba\u021bi care combin\u0103 elemente de design clasic cu accente moderne. Cu carcasa sa dreptunghiular\u0103 sub\u021bire din o\u021bel inoxidabil \u0219i cureaua luxoas\u0103 din piele neagr\u0103, acesta \u00eentruchipeaz\u0103 stilul atemporal. Cadranul argintiu cu cifre romane confer\u0103 ceasului un aspect elegant. Acest ceas este perfect at\u00e2t pentru ocaziile formale, c\u00e2t \u0219i [&hellip;]<\/p>\n","protected":false},"featured_media":54928,"comment_status":"closed","ping_status":"open","template":"","meta":{"_acf_changed":false},"product_brand":[],"product_cat":[20,396],"product_tag":[],"class_list":{"0":"post-54927","1":"product","2":"type-product","3":"status-publish","4":"has-post-thumbnail","6":"product_cat-ceasuri-barbati","7":"product_cat-fossil","8":"pa_brand-fossil","9":"pa_braslet-piele","10":"pa_corpus-30x35mm","11":"pa_forma-dreptunghiular","12":"pa_garatia-24-luni","13":"pa_korpus-argintiu","14":"pa_kvarc-quartz","15":"pa_material-otel-inoxidabil","16":"pa_mehanizm-quartz","17":"pa_remeshok-negru","18":"pa_steklo-cristal-mineral","19":"pa_strana-sua","20":"pa_voda-5-atm","22":"first","23":"instock","24":"purchasable","25":"product-type-simple"},"acf":[],"_links":{"self":[{"href":"https:\/\/ceasuri.md\/ru\/wp-json\/wp\/v2\/product\/54927","targetHints":{"allow":["GET"]}}],"collection":[{"href":"https:\/\/ceasuri.md\/ru\/wp-json\/wp\/v2\/product"}],"about":[{"href":"https:\/\/ceasuri.md\/ru\/wp-json\/wp\/v2\/types\/product"}],"replies":[{"embeddable":true,"href":"https:\/\/ceasuri.md\/ru\/wp-json\/wp\/v2\/comments?post=54927"}],"wp:featuredmedia":[{"embeddable":true,"href":"https:\/\/ceasuri.md\/ru\/wp-json\/wp\/v2\/media\/54928"}],"wp:attachment":[{"href":"https:\/\/ceasuri.md\/ru\/wp-json\/wp\/v2\/media?parent=54927"}],"wp:term":[{"taxonomy":"product_brand","embeddable":true,"href":"https:\/\/ceasuri.md\/ru\/wp-json\/wp\/v2\/product_brand?post=54927"},{"taxonomy":"product_cat","embeddable":true,"href":"https:\/\/ceasuri.md\/ru\/wp-json\/wp\/v2\/product_cat?post=54927"},{"taxonomy":"product_tag","embeddable":true,"href":"https:\/\/ceasuri.md\/ru\/wp-json\/wp\/v2\/product_tag?post=54927"}],"curies":[{"name":"wp","href":"https:\/\/api.w.org\/{rel}","templated":true}]}}