{"id":54925,"date":"2024-10-14T16:47:07","date_gmt":"2024-10-14T13:47:07","guid":{"rendered":"http:\/\/new.ceasuri.md\/shop\/uncategorized\/fossil-arden-necklace-jf04783710\/"},"modified":"2026-05-06T16:24:13","modified_gmt":"2026-05-06T13:24:13","slug":"fossil-arden-necklace-jf04783710","status":"publish","type":"product","link":"https:\/\/ceasuri.md\/ru\/shop\/accesorii\/accesorii-dama\/coliere\/fossil-arden-necklace-jf04783710\/","title":{"rendered":"FOSSIL ARDEN NECKLACE JF04783710"},"content":{"rendered":"<p>Inspirat\u0103 de designul nostru clasic de br\u0103\u021bar\u0103 de ceas, Arden este o declara\u021bie uimitoare care abia a\u0219teapt\u0103 s\u0103 fie ad\u0103ugat\u0103 la colec\u021bia dvs. de bijuterii. Acest colier din o\u021bel inoxidabil auriu este conceput pentru a fi suprapus cu alte piese din sortimentul nostru sau purtat singur.<\/p>","protected":false},"excerpt":{"rendered":"<p>Inspirat\u0103 de designul nostru clasic de br\u0103\u021bar\u0103 de ceas, Arden este o declara\u021bie uimitoare care abia a\u0219teapt\u0103 s\u0103 fie ad\u0103ugat\u0103 la colec\u021bia dvs. de bijuterii. Acest colier din o\u021bel inoxidabil auriu este conceput pentru a fi suprapus cu alte piese din sortimentul nostru sau purtat singur.<\/p>","protected":false},"featured_media":54926,"comment_status":"closed","ping_status":"open","template":"","meta":{"_acf_changed":false},"product_brand":[],"product_cat":[583,396],"product_tag":[],"class_list":{"0":"post-54925","1":"product","2":"type-product","3":"status-publish","4":"has-post-thumbnail","6":"product_cat-coliere","7":"product_cat-fossil","8":"pa_brand-fossil","9":"pa_corpus-45-cm","10":"pa_korpus-auriu","11":"pa_material-otel-inoxidabil","12":"pa_strana-sua","14":"first","15":"instock","16":"purchasable","17":"product-type-simple"},"acf":[],"_links":{"self":[{"href":"https:\/\/ceasuri.md\/ru\/wp-json\/wp\/v2\/product\/54925","targetHints":{"allow":["GET"]}}],"collection":[{"href":"https:\/\/ceasuri.md\/ru\/wp-json\/wp\/v2\/product"}],"about":[{"href":"https:\/\/ceasuri.md\/ru\/wp-json\/wp\/v2\/types\/product"}],"replies":[{"embeddable":true,"href":"https:\/\/ceasuri.md\/ru\/wp-json\/wp\/v2\/comments?post=54925"}],"wp:featuredmedia":[{"embeddable":true,"href":"https:\/\/ceasuri.md\/ru\/wp-json\/wp\/v2\/media\/54926"}],"wp:attachment":[{"href":"https:\/\/ceasuri.md\/ru\/wp-json\/wp\/v2\/media?parent=54925"}],"wp:term":[{"taxonomy":"product_brand","embeddable":true,"href":"https:\/\/ceasuri.md\/ru\/wp-json\/wp\/v2\/product_brand?post=54925"},{"taxonomy":"product_cat","embeddable":true,"href":"https:\/\/ceasuri.md\/ru\/wp-json\/wp\/v2\/product_cat?post=54925"},{"taxonomy":"product_tag","embeddable":true,"href":"https:\/\/ceasuri.md\/ru\/wp-json\/wp\/v2\/product_tag?post=54925"}],"curies":[{"name":"wp","href":"https:\/\/api.w.org\/{rel}","templated":true}]}}