{"id":54922,"date":"2026-04-03T00:14:44","date_gmt":"2026-04-02T21:14:44","guid":{"rendered":"http:\/\/new.ceasuri.md\/shop\/uncategorized\/fossil-arden-bracelet-jf04784710\/"},"modified":"2026-04-07T04:49:46","modified_gmt":"2026-04-07T01:49:46","slug":"fossil-arden-bracelet-jf04784710","status":"publish","type":"product","link":"https:\/\/ceasuri.md\/ru\/shop\/accesorii\/accesorii-dama\/bratari\/fossil-arden-bracelet-jf04784710\/","title":{"rendered":"FOSSIL ARDEN BRACELET JF04784710"},"content":{"rendered":"<p>Inspirat\u0103 de designul nostru clasic de br\u0103\u021bar\u0103 de ceas, Arden este o declara\u021bie uimitoare care abia a\u0219teapt\u0103 s\u0103 fie ad\u0103ugat\u0103 la colec\u021bia dvs. de bijuterii. Aceast\u0103 br\u0103\u021bar\u0103 din o\u021bel inoxidabil auriu este conceput\u0103 pentru a fi suprapus\u0103 cu alte piese din sortimentul nostru sau purtat\u0103 singur\u0103.<\/p>","protected":false},"excerpt":{"rendered":"<p>Inspirat\u0103 de designul nostru clasic de br\u0103\u021bar\u0103 de ceas, Arden este o declara\u021bie uimitoare care abia a\u0219teapt\u0103 s\u0103 fie ad\u0103ugat\u0103 la colec\u021bia dvs. de bijuterii. Aceast\u0103 br\u0103\u021bar\u0103 din o\u021bel inoxidabil auriu este conceput\u0103 pentru a fi suprapus\u0103 cu alte piese din sortimentul nostru sau purtat\u0103 singur\u0103.<\/p>","protected":false},"featured_media":54923,"comment_status":"closed","ping_status":"open","template":"","meta":{"_acf_changed":false},"product_brand":[],"product_cat":[577,396],"product_tag":[],"class_list":{"0":"post-54922","1":"product","2":"type-product","3":"status-publish","4":"has-post-thumbnail","6":"product_cat-bratari","7":"product_cat-fossil","8":"pa_brand-fossil","9":"pa_corpus-17-cm","10":"pa_korpus-auriu","11":"pa_material-otel-inoxidabil","12":"pa_strana-sua","14":"first","15":"instock","16":"purchasable","17":"product-type-simple"},"acf":[],"yoast_head":"<!-- This site is optimized with the Yoast SEO plugin v27.3 - https:\/\/yoast.com\/product\/yoast-seo-wordpress\/ -->\n<title>FOSSIL ARDEN BRACELET JF04784710 - Cronograf<\/title>\n<meta name=\"robots\" content=\"index, follow, max-snippet:-1, max-image-preview:large, max-video-preview:-1\" \/>\n<link rel=\"canonical\" href=\"https:\/\/ceasuri.md\/ru\/shop\/accesorii\/accesorii-dama\/bratari\/fossil-arden-bracelet-jf04784710\/\" \/>\n<meta property=\"og:locale\" content=\"ru_RU\" \/>\n<meta property=\"og:type\" content=\"article\" \/>\n<meta property=\"og:title\" content=\"FOSSIL ARDEN BRACELET JF04784710 - Cronograf\" \/>\n<meta property=\"og:description\" content=\"Inspirat\u0103 de designul nostru clasic de br\u0103\u021bar\u0103 de ceas, Arden este o declara\u021bie uimitoare care abia a\u0219teapt\u0103 s\u0103 fie ad\u0103ugat\u0103 la colec\u021bia dvs. de bijuterii. Aceast\u0103 br\u0103\u021bar\u0103 din o\u021bel inoxidabil auriu este conceput\u0103 pentru a fi suprapus\u0103 cu alte piese din sortimentul nostru sau purtat\u0103 singur\u0103.\" \/>\n<meta property=\"og:url\" content=\"https:\/\/ceasuri.md\/ru\/shop\/accesorii\/accesorii-dama\/bratari\/fossil-arden-bracelet-jf04784710\/\" \/>\n<meta property=\"og:site_name\" content=\"Cronograf\" \/>\n<meta property=\"article:modified_time\" content=\"2026-04-07T01:49:46+00:00\" \/>\n<meta property=\"og:image\" content=\"https:\/\/ceasuri.md\/wp-content\/uploads\/jf04784710.webp\" \/>\n\t<meta property=\"og:image:width\" content=\"600\" \/>\n\t<meta property=\"og:image:height\" content=\"800\" \/>\n\t<meta property=\"og:image:type\" content=\"image\/webp\" \/>\n<meta name=\"twitter:card\" content=\"summary_large_image\" \/>\n<script type=\"application\/ld+json\" class=\"yoast-schema-graph\">{\"@context\":\"https:\\\/\\\/schema.org\",\"@graph\":[{\"@type\":\"WebPage\",\"@id\":\"https:\\\/\\\/ceasuri.md\\\/shop\\\/accesorii\\\/accesorii-dama\\\/bratari\\\/fossil-arden-bracelet-jf04784710\\\/\",\"url\":\"https:\\\/\\\/ceasuri.md\\\/shop\\\/accesorii\\\/accesorii-dama\\\/bratari\\\/fossil-arden-bracelet-jf04784710\\\/\",\"name\":\"FOSSIL ARDEN BRACELET JF04784710 - Cronograf\",\"isPartOf\":{\"@id\":\"https:\\\/\\\/ceasuri.md\\\/ru\\\/#website\"},\"primaryImageOfPage\":{\"@id\":\"https:\\\/\\\/ceasuri.md\\\/shop\\\/accesorii\\\/accesorii-dama\\\/bratari\\\/fossil-arden-bracelet-jf04784710\\\/#primaryimage\"},\"image\":{\"@id\":\"https:\\\/\\\/ceasuri.md\\\/shop\\\/accesorii\\\/accesorii-dama\\\/bratari\\\/fossil-arden-bracelet-jf04784710\\\/#primaryimage\"},\"thumbnailUrl\":\"https:\\\/\\\/ceasuri.md\\\/wp-content\\\/uploads\\\/jf04784710.webp\",\"datePublished\":\"2026-04-02T21:14:44+00:00\",\"dateModified\":\"2026-04-07T01:49:46+00:00\",\"breadcrumb\":{\"@id\":\"https:\\\/\\\/ceasuri.md\\\/shop\\\/accesorii\\\/accesorii-dama\\\/bratari\\\/fossil-arden-bracelet-jf04784710\\\/#breadcrumb\"},\"inLanguage\":\"ru-RU\",\"potentialAction\":[{\"@type\":\"ReadAction\",\"target\":[\"https:\\\/\\\/ceasuri.md\\\/shop\\\/accesorii\\\/accesorii-dama\\\/bratari\\\/fossil-arden-bracelet-jf04784710\\\/\"]}]},{\"@type\":\"ImageObject\",\"inLanguage\":\"ru-RU\",\"@id\":\"https:\\\/\\\/ceasuri.md\\\/shop\\\/accesorii\\\/accesorii-dama\\\/bratari\\\/fossil-arden-bracelet-jf04784710\\\/#primaryimage\",\"url\":\"https:\\\/\\\/ceasuri.md\\\/wp-content\\\/uploads\\\/jf04784710.webp\",\"contentUrl\":\"https:\\\/\\\/ceasuri.md\\\/wp-content\\\/uploads\\\/jf04784710.webp\",\"width\":600,\"height\":800},{\"@type\":\"BreadcrumbList\",\"@id\":\"https:\\\/\\\/ceasuri.md\\\/shop\\\/accesorii\\\/accesorii-dama\\\/bratari\\\/fossil-arden-bracelet-jf04784710\\\/#breadcrumb\",\"itemListElement\":[{\"@type\":\"ListItem\",\"position\":1,\"name\":\"Home\",\"item\":\"https:\\\/\\\/ceasuri.md\\\/\"},{\"@type\":\"ListItem\",\"position\":2,\"name\":\"Magazin\",\"item\":\"https:\\\/\\\/ceasuri.md\\\/shop\\\/\"},{\"@type\":\"ListItem\",\"position\":3,\"name\":\"Ceas FOSSIL ARDEN BRACELET JF04784710\"}]},{\"@type\":\"WebSite\",\"@id\":\"https:\\\/\\\/ceasuri.md\\\/ru\\\/#website\",\"url\":\"https:\\\/\\\/ceasuri.md\\\/ru\\\/\",\"name\":\"Cronograf\",\"description\":\"\",\"publisher\":{\"@id\":\"https:\\\/\\\/ceasuri.md\\\/ru\\\/#organization\"},\"potentialAction\":[{\"@type\":\"SearchAction\",\"target\":{\"@type\":\"EntryPoint\",\"urlTemplate\":\"https:\\\/\\\/ceasuri.md\\\/ru\\\/?s={search_term_string}\"},\"query-input\":{\"@type\":\"PropertyValueSpecification\",\"valueRequired\":true,\"valueName\":\"search_term_string\"}}],\"inLanguage\":\"ru-RU\"},{\"@type\":\"Organization\",\"@id\":\"https:\\\/\\\/ceasuri.md\\\/ru\\\/#organization\",\"name\":\"Cronograf\",\"url\":\"https:\\\/\\\/ceasuri.md\\\/ru\\\/\",\"logo\":{\"@type\":\"ImageObject\",\"inLanguage\":\"ru-RU\",\"@id\":\"https:\\\/\\\/ceasuri.md\\\/ru\\\/#\\\/schema\\\/logo\\\/image\\\/\",\"url\":\"https:\\\/\\\/ceasuri.md\\\/wp-content\\\/uploads\\\/2025\\\/12\\\/Logo.svg\",\"contentUrl\":\"https:\\\/\\\/ceasuri.md\\\/wp-content\\\/uploads\\\/2025\\\/12\\\/Logo.svg\",\"width\":3338,\"height\":811,\"caption\":\"Cronograf\"},\"image\":{\"@id\":\"https:\\\/\\\/ceasuri.md\\\/ru\\\/#\\\/schema\\\/logo\\\/image\\\/\"}}]}<\/script>\n<!-- \/ Yoast SEO plugin. -->","yoast_head_json":{"title":"FOSSIL ARDEN BRACELET JF04784710 - Cronograf","robots":{"index":"index","follow":"follow","max-snippet":"max-snippet:-1","max-image-preview":"max-image-preview:large","max-video-preview":"max-video-preview:-1"},"canonical":"https:\/\/ceasuri.md\/ru\/shop\/accesorii\/accesorii-dama\/bratari\/fossil-arden-bracelet-jf04784710\/","og_locale":"ru_RU","og_type":"article","og_title":"FOSSIL ARDEN BRACELET JF04784710 - Cronograf","og_description":"Inspirat\u0103 de designul nostru clasic de br\u0103\u021bar\u0103 de ceas, Arden este o declara\u021bie uimitoare care abia a\u0219teapt\u0103 s\u0103 fie ad\u0103ugat\u0103 la colec\u021bia dvs. de bijuterii. Aceast\u0103 br\u0103\u021bar\u0103 din o\u021bel inoxidabil auriu este conceput\u0103 pentru a fi suprapus\u0103 cu alte piese din sortimentul nostru sau purtat\u0103 singur\u0103.","og_url":"https:\/\/ceasuri.md\/ru\/shop\/accesorii\/accesorii-dama\/bratari\/fossil-arden-bracelet-jf04784710\/","og_site_name":"Cronograf","article_modified_time":"2026-04-07T01:49:46+00:00","og_image":[{"width":600,"height":800,"url":"https:\/\/ceasuri.md\/wp-content\/uploads\/jf04784710.webp","type":"image\/webp"}],"twitter_card":"summary_large_image","schema":{"@context":"https:\/\/schema.org","@graph":[{"@type":"WebPage","@id":"https:\/\/ceasuri.md\/shop\/accesorii\/accesorii-dama\/bratari\/fossil-arden-bracelet-jf04784710\/","url":"https:\/\/ceasuri.md\/shop\/accesorii\/accesorii-dama\/bratari\/fossil-arden-bracelet-jf04784710\/","name":"FOSSIL ARDEN BRACELET JF04784710 - Cronograf","isPartOf":{"@id":"https:\/\/ceasuri.md\/ru\/#website"},"primaryImageOfPage":{"@id":"https:\/\/ceasuri.md\/shop\/accesorii\/accesorii-dama\/bratari\/fossil-arden-bracelet-jf04784710\/#primaryimage"},"image":{"@id":"https:\/\/ceasuri.md\/shop\/accesorii\/accesorii-dama\/bratari\/fossil-arden-bracelet-jf04784710\/#primaryimage"},"thumbnailUrl":"https:\/\/ceasuri.md\/wp-content\/uploads\/jf04784710.webp","datePublished":"2026-04-02T21:14:44+00:00","dateModified":"2026-04-07T01:49:46+00:00","breadcrumb":{"@id":"https:\/\/ceasuri.md\/shop\/accesorii\/accesorii-dama\/bratari\/fossil-arden-bracelet-jf04784710\/#breadcrumb"},"inLanguage":"ru-RU","potentialAction":[{"@type":"ReadAction","target":["https:\/\/ceasuri.md\/shop\/accesorii\/accesorii-dama\/bratari\/fossil-arden-bracelet-jf04784710\/"]}]},{"@type":"ImageObject","inLanguage":"ru-RU","@id":"https:\/\/ceasuri.md\/shop\/accesorii\/accesorii-dama\/bratari\/fossil-arden-bracelet-jf04784710\/#primaryimage","url":"https:\/\/ceasuri.md\/wp-content\/uploads\/jf04784710.webp","contentUrl":"https:\/\/ceasuri.md\/wp-content\/uploads\/jf04784710.webp","width":600,"height":800},{"@type":"BreadcrumbList","@id":"https:\/\/ceasuri.md\/shop\/accesorii\/accesorii-dama\/bratari\/fossil-arden-bracelet-jf04784710\/#breadcrumb","itemListElement":[{"@type":"ListItem","position":1,"name":"Home","item":"https:\/\/ceasuri.md\/"},{"@type":"ListItem","position":2,"name":"Magazin","item":"https:\/\/ceasuri.md\/shop\/"},{"@type":"ListItem","position":3,"name":"Ceas FOSSIL ARDEN BRACELET JF04784710"}]},{"@type":"WebSite","@id":"https:\/\/ceasuri.md\/ru\/#website","url":"https:\/\/ceasuri.md\/ru\/","name":"Cronograf","description":"","publisher":{"@id":"https:\/\/ceasuri.md\/ru\/#organization"},"potentialAction":[{"@type":"SearchAction","target":{"@type":"EntryPoint","urlTemplate":"https:\/\/ceasuri.md\/ru\/?s={search_term_string}"},"query-input":{"@type":"PropertyValueSpecification","valueRequired":true,"valueName":"search_term_string"}}],"inLanguage":"ru-RU"},{"@type":"Organization","@id":"https:\/\/ceasuri.md\/ru\/#organization","name":"Cronograf","url":"https:\/\/ceasuri.md\/ru\/","logo":{"@type":"ImageObject","inLanguage":"ru-RU","@id":"https:\/\/ceasuri.md\/ru\/#\/schema\/logo\/image\/","url":"https:\/\/ceasuri.md\/wp-content\/uploads\/2025\/12\/Logo.svg","contentUrl":"https:\/\/ceasuri.md\/wp-content\/uploads\/2025\/12\/Logo.svg","width":3338,"height":811,"caption":"Cronograf"},"image":{"@id":"https:\/\/ceasuri.md\/ru\/#\/schema\/logo\/image\/"}}]}},"_links":{"self":[{"href":"https:\/\/ceasuri.md\/ru\/wp-json\/wp\/v2\/product\/54922","targetHints":{"allow":["GET"]}}],"collection":[{"href":"https:\/\/ceasuri.md\/ru\/wp-json\/wp\/v2\/product"}],"about":[{"href":"https:\/\/ceasuri.md\/ru\/wp-json\/wp\/v2\/types\/product"}],"replies":[{"embeddable":true,"href":"https:\/\/ceasuri.md\/ru\/wp-json\/wp\/v2\/comments?post=54922"}],"wp:featuredmedia":[{"embeddable":true,"href":"https:\/\/ceasuri.md\/ru\/wp-json\/wp\/v2\/media\/54923"}],"wp:attachment":[{"href":"https:\/\/ceasuri.md\/ru\/wp-json\/wp\/v2\/media?parent=54922"}],"wp:term":[{"taxonomy":"product_brand","embeddable":true,"href":"https:\/\/ceasuri.md\/ru\/wp-json\/wp\/v2\/product_brand?post=54922"},{"taxonomy":"product_cat","embeddable":true,"href":"https:\/\/ceasuri.md\/ru\/wp-json\/wp\/v2\/product_cat?post=54922"},{"taxonomy":"product_tag","embeddable":true,"href":"https:\/\/ceasuri.md\/ru\/wp-json\/wp\/v2\/product_tag?post=54922"}],"curies":[{"name":"wp","href":"https:\/\/api.w.org\/{rel}","templated":true}]}}