{"id":54921,"date":"2024-10-14T16:47:07","date_gmt":"2024-10-14T13:47:07","guid":{"rendered":"http:\/\/new.ceasuri.md\/shop\/uncategorized\/fossil-arden-ring-jf04785710-8\/"},"modified":"2026-05-01T18:51:36","modified_gmt":"2026-05-01T15:51:36","slug":"fossil-arden-ring-jf04785710-8","status":"publish","type":"product","link":"https:\/\/ceasuri.md\/ru\/shop\/accesorii\/accesorii-dama\/inele\/fossil-arden-ring-jf04785710-8\/","title":{"rendered":"FOSSIL ARDEN RING JF04785710 (8)"},"content":{"rendered":"<p>Accentua\u021bi-v\u0103 stilul cu acest inel auriu rafinat pentru femei de la FOSSIL, \u00eentruchiparea elegan\u021bei atemporale \u0219i a m\u0103iestriei.<br \/>\nAcest inel de aur uimitor este perfect pentru a ad\u0103uga o not\u0103 de lux oric\u0103rei \u021binute \u0219i va deveni un accesoriu esen\u021bial \u00een colec\u021bia dvs. de bijuterii.<\/p>","protected":false},"excerpt":{"rendered":"<p>Accentua\u021bi-v\u0103 stilul cu acest inel auriu rafinat pentru femei de la FOSSIL, \u00eentruchiparea elegan\u021bei atemporale \u0219i a m\u0103iestriei. Acest inel de aur uimitor este perfect pentru a ad\u0103uga o not\u0103 de lux oric\u0103rei \u021binute \u0219i va deveni un accesoriu esen\u021bial \u00een colec\u021bia dvs. de bijuterii.<\/p>","protected":false},"featured_media":54918,"comment_status":"closed","ping_status":"open","template":"","meta":{"_acf_changed":false},"product_brand":[],"product_cat":[396,586],"product_tag":[],"class_list":{"0":"post-54921","1":"product","2":"type-product","3":"status-publish","4":"has-post-thumbnail","6":"product_cat-fossil","7":"product_cat-inele","8":"pa_brand-fossil","9":"pa_corpus-18-mm","10":"pa_korpus-auriu","11":"pa_material-otel-inoxidabil","12":"pa_strana-sua","14":"first","15":"instock","16":"purchasable","17":"product-type-simple"},"acf":[],"_links":{"self":[{"href":"https:\/\/ceasuri.md\/ru\/wp-json\/wp\/v2\/product\/54921","targetHints":{"allow":["GET"]}}],"collection":[{"href":"https:\/\/ceasuri.md\/ru\/wp-json\/wp\/v2\/product"}],"about":[{"href":"https:\/\/ceasuri.md\/ru\/wp-json\/wp\/v2\/types\/product"}],"replies":[{"embeddable":true,"href":"https:\/\/ceasuri.md\/ru\/wp-json\/wp\/v2\/comments?post=54921"}],"wp:featuredmedia":[{"embeddable":true,"href":"https:\/\/ceasuri.md\/ru\/wp-json\/wp\/v2\/media\/54918"}],"wp:attachment":[{"href":"https:\/\/ceasuri.md\/ru\/wp-json\/wp\/v2\/media?parent=54921"}],"wp:term":[{"taxonomy":"product_brand","embeddable":true,"href":"https:\/\/ceasuri.md\/ru\/wp-json\/wp\/v2\/product_brand?post=54921"},{"taxonomy":"product_cat","embeddable":true,"href":"https:\/\/ceasuri.md\/ru\/wp-json\/wp\/v2\/product_cat?post=54921"},{"taxonomy":"product_tag","embeddable":true,"href":"https:\/\/ceasuri.md\/ru\/wp-json\/wp\/v2\/product_tag?post=54921"}],"curies":[{"name":"wp","href":"https:\/\/api.w.org\/{rel}","templated":true}]}}