{"id":54912,"date":"2026-04-03T00:14:44","date_gmt":"2026-04-02T21:14:44","guid":{"rendered":"http:\/\/new.ceasuri.md\/shop\/uncategorized\/diesel-d-sruptor-dz2213\/"},"modified":"2026-04-17T14:53:48","modified_gmt":"2026-04-17T11:53:48","slug":"diesel-d-sruptor-dz2213","status":"publish","type":"product","link":"https:\/\/ceasuri.md\/ru\/shop\/branduri\/diesel\/diesel-d-sruptor-dz2213\/","title":{"rendered":"Ceas DIESEL D-SRUPTOR DZ2213"},"content":{"rendered":"<p>Diesel D-Sruptor DZ2213 este un ceas b\u0103rb\u0103tesc creat pentru b\u0103rba\u021bii care apreciaz\u0103 stilul modern \u0219i distinctiv. Plicul negru din o\u021bel inoxidabil contrasteaz\u0103 perfect cu cadranul argintiu, cre\u00e2nd un aspect unic \u0219i elegant. Mecanismul cu cuar\u021b asigur\u0103 o m\u0103surare precis\u0103 a timpului, \u00een timp ce sticla mineral\u0103 protejeaz\u0103 cadranul de zg\u00e2rieturi. Br\u0103\u021bara neagr\u0103 din o\u021bel inoxidabil adaug\u0103 soliditate \u0219i durabilitate ceasului, iar rezisten\u021ba la ap\u0103 de p\u00e2n\u0103 la 50 de metri \u00eel face o alegere ideal\u0103 pentru purtarea zilnic\u0103 \u0219i un stil de via\u021b\u0103 activ.<\/p>","protected":false},"excerpt":{"rendered":"<p>Diesel D-Sruptor DZ2213 este un ceas b\u0103rb\u0103tesc creat pentru b\u0103rba\u021bii care apreciaz\u0103 stilul modern \u0219i distinctiv. Plicul negru din o\u021bel inoxidabil contrasteaz\u0103 perfect cu cadranul argintiu, cre\u00e2nd un aspect unic \u0219i elegant. Mecanismul cu cuar\u021b asigur\u0103 o m\u0103surare precis\u0103 a timpului, \u00een timp ce sticla mineral\u0103 protejeaz\u0103 cadranul de zg\u00e2rieturi. Br\u0103\u021bara neagr\u0103 din o\u021bel inoxidabil [&hellip;]<\/p>\n","protected":false},"featured_media":54913,"comment_status":"closed","ping_status":"open","template":"","meta":{"_acf_changed":false},"product_brand":[],"product_cat":[20,580],"product_tag":[],"class_list":{"0":"post-54912","1":"product","2":"type-product","3":"status-publish","4":"has-post-thumbnail","6":"product_cat-ceasuri-barbati","7":"product_cat-diesel","8":"pa_brand-diesel","9":"pa_braslet-otel-inoxidabil","10":"pa_corpus-42-mm","11":"pa_forma-rotund","12":"pa_garatia-24-luni","13":"pa_korpus-negru","14":"pa_kvarc-quartz","15":"pa_material-otel-inoxidabil","16":"pa_mehanizm-quartz","17":"pa_remeshok-negru","18":"pa_steklo-cristal-mineral","19":"pa_strana-italia","20":"pa_voda-5-atm","22":"first","23":"instock","24":"purchasable","25":"product-type-simple"},"acf":[],"_links":{"self":[{"href":"https:\/\/ceasuri.md\/ru\/wp-json\/wp\/v2\/product\/54912","targetHints":{"allow":["GET"]}}],"collection":[{"href":"https:\/\/ceasuri.md\/ru\/wp-json\/wp\/v2\/product"}],"about":[{"href":"https:\/\/ceasuri.md\/ru\/wp-json\/wp\/v2\/types\/product"}],"replies":[{"embeddable":true,"href":"https:\/\/ceasuri.md\/ru\/wp-json\/wp\/v2\/comments?post=54912"}],"wp:featuredmedia":[{"embeddable":true,"href":"https:\/\/ceasuri.md\/ru\/wp-json\/wp\/v2\/media\/54913"}],"wp:attachment":[{"href":"https:\/\/ceasuri.md\/ru\/wp-json\/wp\/v2\/media?parent=54912"}],"wp:term":[{"taxonomy":"product_brand","embeddable":true,"href":"https:\/\/ceasuri.md\/ru\/wp-json\/wp\/v2\/product_brand?post=54912"},{"taxonomy":"product_cat","embeddable":true,"href":"https:\/\/ceasuri.md\/ru\/wp-json\/wp\/v2\/product_cat?post=54912"},{"taxonomy":"product_tag","embeddable":true,"href":"https:\/\/ceasuri.md\/ru\/wp-json\/wp\/v2\/product_tag?post=54912"}],"curies":[{"name":"wp","href":"https:\/\/api.w.org\/{rel}","templated":true}]}}