{"id":54902,"date":"2026-04-03T00:14:44","date_gmt":"2026-04-02T21:14:44","guid":{"rendered":"http:\/\/new.ceasuri.md\/shop\/uncategorized\/diesel-streamline-dz2217\/"},"modified":"2026-04-16T21:28:38","modified_gmt":"2026-04-16T18:28:38","slug":"diesel-streamline-dz2217","status":"publish","type":"product","link":"https:\/\/ceasuri.md\/ru\/shop\/branduri\/diesel\/diesel-streamline-dz2217\/","title":{"rendered":"Ceas DIESEL DZ2217"},"content":{"rendered":"<p>Diesel Streamline DZ2217 este un ceas creat pentru b\u0103rba\u021bii care apreciaz\u0103 elegan\u021ba \u0219i designul modern. Plicul negru din o\u021bel inoxidabil \u0219i cadranul negru formeaz\u0103 un \u00eentreg armonios \u0219i elegant. Mecanismul cu cuar\u021b asigur\u0103 o m\u0103surare precis\u0103 a timpului, iar sticla mineral\u0103 protejeaz\u0103 eficient cadranul de zg\u00e2rieturi. Cureaua neagr\u0103 din silicon adaug\u0103 ceasului o not\u0103 sportiv\u0103 \u0219i confort la purtare, iar rezisten\u021ba la ap\u0103 de p\u00e2n\u0103 la 50 de metri \u00eel face o alegere ideal\u0103 pentru purtarea zilnic\u0103.<\/p>","protected":false},"excerpt":{"rendered":"<p>Diesel Streamline DZ2217 este un ceas creat pentru b\u0103rba\u021bii care apreciaz\u0103 elegan\u021ba \u0219i designul modern. Plicul negru din o\u021bel inoxidabil \u0219i cadranul negru formeaz\u0103 un \u00eentreg armonios \u0219i elegant. Mecanismul cu cuar\u021b asigur\u0103 o m\u0103surare precis\u0103 a timpului, iar sticla mineral\u0103 protejeaz\u0103 eficient cadranul de zg\u00e2rieturi. Cureaua neagr\u0103 din silicon adaug\u0103 ceasului o not\u0103 sportiv\u0103 [&hellip;]<\/p>\n","protected":false},"featured_media":54903,"comment_status":"closed","ping_status":"open","template":"","meta":{"_acf_changed":false},"product_brand":[],"product_cat":[20,580],"product_tag":[],"class_list":{"0":"post-54902","1":"product","2":"type-product","3":"status-publish","4":"has-post-thumbnail","6":"product_cat-ceasuri-barbati","7":"product_cat-diesel","8":"pa_brand-diesel","9":"pa_braslet-silicon","10":"pa_corpus-44-mm","11":"pa_forma-rotund","12":"pa_garatia-24-luni","13":"pa_korpus-negru","14":"pa_kvarc-quartz","15":"pa_material-otel-inoxidabil","16":"pa_mehanizm-quartz","17":"pa_remeshok-negru","18":"pa_steklo-cristal-mineral","19":"pa_strana-italia","20":"pa_voda-5-atm","22":"first","23":"instock","24":"purchasable","25":"product-type-simple"},"acf":[],"_links":{"self":[{"href":"https:\/\/ceasuri.md\/ru\/wp-json\/wp\/v2\/product\/54902","targetHints":{"allow":["GET"]}}],"collection":[{"href":"https:\/\/ceasuri.md\/ru\/wp-json\/wp\/v2\/product"}],"about":[{"href":"https:\/\/ceasuri.md\/ru\/wp-json\/wp\/v2\/types\/product"}],"replies":[{"embeddable":true,"href":"https:\/\/ceasuri.md\/ru\/wp-json\/wp\/v2\/comments?post=54902"}],"wp:featuredmedia":[{"embeddable":true,"href":"https:\/\/ceasuri.md\/ru\/wp-json\/wp\/v2\/media\/54903"}],"wp:attachment":[{"href":"https:\/\/ceasuri.md\/ru\/wp-json\/wp\/v2\/media?parent=54902"}],"wp:term":[{"taxonomy":"product_brand","embeddable":true,"href":"https:\/\/ceasuri.md\/ru\/wp-json\/wp\/v2\/product_brand?post=54902"},{"taxonomy":"product_cat","embeddable":true,"href":"https:\/\/ceasuri.md\/ru\/wp-json\/wp\/v2\/product_cat?post=54902"},{"taxonomy":"product_tag","embeddable":true,"href":"https:\/\/ceasuri.md\/ru\/wp-json\/wp\/v2\/product_tag?post=54902"}],"curies":[{"name":"wp","href":"https:\/\/api.w.org\/{rel}","templated":true}]}}