{"id":54883,"date":"2026-04-03T00:13:51","date_gmt":"2026-04-02T21:13:51","guid":{"rendered":"http:\/\/new.ceasuri.md\/shop\/uncategorized\/armani-exchange-dante-ax1883\/"},"modified":"2026-04-20T01:37:46","modified_gmt":"2026-04-19T22:37:46","slug":"armani-exchange-dante-ax1883","status":"publish","type":"product","link":"https:\/\/ceasuri.md\/ru\/shop\/branduri\/armani-exchange\/armani-exchange-dante-ax1883\/","title":{"rendered":"\u0427\u0430\u0441\u044b ARMANI EXCHANGE DANTE AX1883"},"content":{"rendered":"<p>Armani Exchange Dante AX1883 se distinge prin plicul s\u0103u elegant din o\u021bel inoxidabil argintiu, care contrasteaz\u0103 perfect cu cadranul negru. Modelul este alimentat de o mi\u0219care precis\u0103 cu cuar\u021b, asigur\u00e2nd o func\u021bionare fiabil\u0103. Sticla mineral\u0103 protejeaz\u0103 cadranul de zg\u00e2rieturi, iar cureaua din piele verde adaug\u0103 un caracter unic \u0219i confort la purtare. Aceasta este o alegere ideal\u0103 pentru b\u0103rba\u021bii care apreciaz\u0103 stilul \u0219i func\u021bionalitatea.<\/p>","protected":false},"excerpt":{"rendered":"<p>Armani Exchange Dante AX1883 se distinge prin plicul s\u0103u elegant din o\u021bel inoxidabil argintiu, care contrasteaz\u0103 perfect cu cadranul negru. Modelul este alimentat de o mi\u0219care precis\u0103 cu cuar\u021b, asigur\u00e2nd o func\u021bionare fiabil\u0103. Sticla mineral\u0103 protejeaz\u0103 cadranul de zg\u00e2rieturi, iar cureaua din piele verde adaug\u0103 un caracter unic \u0219i confort la purtare. Aceasta este o [&hellip;]<\/p>\n","protected":false},"featured_media":54884,"comment_status":"closed","ping_status":"open","template":"","meta":{"_acf_changed":false},"product_brand":[],"product_cat":[615,20],"product_tag":[],"class_list":{"0":"post-54883","1":"product","2":"type-product","3":"status-publish","4":"has-post-thumbnail","6":"product_cat-armani-exchange","7":"product_cat-ceasuri-barbati","8":"pa_brand-armani-exchange","9":"pa_braslet-piele","10":"pa_corpus-42-mm","11":"pa_forma-rotund","12":"pa_funcii-data","13":"pa_funcii-ziua-saptamanii","14":"pa_garatia-24-luni","15":"pa_korpus-argintiu","16":"pa_kvarc-quartz","17":"pa_material-otel-inoxidabil","18":"pa_mehanizm-quartz","19":"pa_remeshok-verde","20":"pa_steklo-cristal-mineral","21":"pa_strana-italia","22":"pa_voda-5-atm","24":"first","25":"instock","26":"purchasable","27":"product-type-simple"},"acf":[],"_links":{"self":[{"href":"https:\/\/ceasuri.md\/ru\/wp-json\/wp\/v2\/product\/54883","targetHints":{"allow":["GET"]}}],"collection":[{"href":"https:\/\/ceasuri.md\/ru\/wp-json\/wp\/v2\/product"}],"about":[{"href":"https:\/\/ceasuri.md\/ru\/wp-json\/wp\/v2\/types\/product"}],"replies":[{"embeddable":true,"href":"https:\/\/ceasuri.md\/ru\/wp-json\/wp\/v2\/comments?post=54883"}],"wp:featuredmedia":[{"embeddable":true,"href":"https:\/\/ceasuri.md\/ru\/wp-json\/wp\/v2\/media\/54884"}],"wp:attachment":[{"href":"https:\/\/ceasuri.md\/ru\/wp-json\/wp\/v2\/media?parent=54883"}],"wp:term":[{"taxonomy":"product_brand","embeddable":true,"href":"https:\/\/ceasuri.md\/ru\/wp-json\/wp\/v2\/product_brand?post=54883"},{"taxonomy":"product_cat","embeddable":true,"href":"https:\/\/ceasuri.md\/ru\/wp-json\/wp\/v2\/product_cat?post=54883"},{"taxonomy":"product_tag","embeddable":true,"href":"https:\/\/ceasuri.md\/ru\/wp-json\/wp\/v2\/product_tag?post=54883"}],"curies":[{"name":"wp","href":"https:\/\/api.w.org\/{rel}","templated":true}]}}