{"id":54863,"date":"2026-04-03T00:13:51","date_gmt":"2026-04-02T21:13:51","guid":{"rendered":"http:\/\/new.ceasuri.md\/shop\/uncategorized\/armani-exchange-rafael-ax4180\/"},"modified":"2026-04-07T04:49:36","modified_gmt":"2026-04-07T01:49:36","slug":"armani-exchange-rafael-ax4180","status":"publish","type":"product","link":"https:\/\/ceasuri.md\/ru\/shop\/branduri\/armani-exchange\/armani-exchange-rafael-ax4180\/","title":{"rendered":"Ceas ARMANI EXCHANGE RAFAEL AX4180"},"content":{"rendered":"<p>Armani Exchange Rafael Chronograph este un ceas elegant pentru b\u0103rba\u021bi, care are un design modern \u0219i func\u021bionalitate. Inveli\u0219ul \u0219i br\u0103\u021bara din o\u021bel inoxidabil confer\u0103 ceasului un aspect sofisticat, \u00een timp ce cadranul cu func\u021bie de cronograf adaug\u0103 o not\u0103 sportiv\u0103. Mecanismul cu cuar\u021b asigur\u0103 o func\u021bionare precis\u0103, iar sticla mineral\u0103 protejeaz\u0103 cadranul de zg\u00e2rieturi. Ceasul este rezistent la ap\u0103 p\u00e2n\u0103 la 50 de metri.<\/p>","protected":false},"excerpt":{"rendered":"<p>Armani Exchange Rafael Chronograph este un ceas elegant pentru b\u0103rba\u021bi, care are un design modern \u0219i func\u021bionalitate. Inveli\u0219ul \u0219i br\u0103\u021bara din o\u021bel inoxidabil confer\u0103 ceasului un aspect sofisticat, \u00een timp ce cadranul cu func\u021bie de cronograf adaug\u0103 o not\u0103 sportiv\u0103. Mecanismul cu cuar\u021b asigur\u0103 o func\u021bionare precis\u0103, iar sticla mineral\u0103 protejeaz\u0103 cadranul de zg\u00e2rieturi. Ceasul [&hellip;]<\/p>\n","protected":false},"featured_media":54864,"comment_status":"closed","ping_status":"open","template":"","meta":{"_acf_changed":false},"product_brand":[],"product_cat":[615,20],"product_tag":[],"class_list":{"0":"post-54863","1":"product","2":"type-product","3":"status-publish","4":"has-post-thumbnail","6":"product_cat-armani-exchange","7":"product_cat-ceasuri-barbati","8":"pa_brand-armani-exchange","9":"pa_braslet-otel-inoxidabil","10":"pa_corpus-42-mm","11":"pa_forma-atipica","12":"pa_funcii-cronograf","13":"pa_funcii-data","14":"pa_garatia-24-luni","15":"pa_korpus-auriu","16":"pa_material-otel-inoxidabil","17":"pa_mehanizm-quartz","18":"pa_remeshok-auriu","19":"pa_steklo-cristal-mineral","20":"pa_strana-italia","21":"pa_voda-5-atm","23":"first","24":"instock","25":"purchasable","26":"product-type-simple"},"acf":[],"_links":{"self":[{"href":"https:\/\/ceasuri.md\/ru\/wp-json\/wp\/v2\/product\/54863","targetHints":{"allow":["GET"]}}],"collection":[{"href":"https:\/\/ceasuri.md\/ru\/wp-json\/wp\/v2\/product"}],"about":[{"href":"https:\/\/ceasuri.md\/ru\/wp-json\/wp\/v2\/types\/product"}],"replies":[{"embeddable":true,"href":"https:\/\/ceasuri.md\/ru\/wp-json\/wp\/v2\/comments?post=54863"}],"wp:featuredmedia":[{"embeddable":true,"href":"https:\/\/ceasuri.md\/ru\/wp-json\/wp\/v2\/media\/54864"}],"wp:attachment":[{"href":"https:\/\/ceasuri.md\/ru\/wp-json\/wp\/v2\/media?parent=54863"}],"wp:term":[{"taxonomy":"product_brand","embeddable":true,"href":"https:\/\/ceasuri.md\/ru\/wp-json\/wp\/v2\/product_brand?post=54863"},{"taxonomy":"product_cat","embeddable":true,"href":"https:\/\/ceasuri.md\/ru\/wp-json\/wp\/v2\/product_cat?post=54863"},{"taxonomy":"product_tag","embeddable":true,"href":"https:\/\/ceasuri.md\/ru\/wp-json\/wp\/v2\/product_tag?post=54863"}],"curies":[{"name":"wp","href":"https:\/\/api.w.org\/{rel}","templated":true}]}}