{"id":54838,"date":"2026-04-03T00:13:51","date_gmt":"2026-04-02T21:13:51","guid":{"rendered":"http:\/\/new.ceasuri.md\/shop\/uncategorized\/armani-exchange-jackie-ax5172\/"},"modified":"2026-04-20T01:38:40","modified_gmt":"2026-04-19T22:38:40","slug":"armani-exchange-jackie-ax5172","status":"publish","type":"product","link":"https:\/\/ceasuri.md\/ru\/shop\/branduri\/armani-exchange\/armani-exchange-jackie-ax5172\/","title":{"rendered":"Ceas ARMANI EXCHANGE JACKIE AX5172"},"content":{"rendered":"<p>Frumoase \u0219i trendsetting, ceasurile Armani Exchange pentru femei definesc stilul de zeci de ani. De la modele esen\u021biale cu trei m\u00e2ini la cronografe func\u021bionale, aceast\u0103 colec\u021bie prezint\u0103 o gam\u0103 de materiale u\u0219or de purtat, inclusiv piele natural\u0103, o\u021bel inoxidabil versatil \u0219i silicon durabil. Detaliile atent g\u00e2ndite, cum ar fi atingerile de str\u0103lucire, texturile care str\u0103lucesc \u0219i logo-urile bine plasate v\u0103 reamintesc c\u0103 purta\u021bi ceva special care v\u0103 completeaz\u0103 look-ul indiferent de ocazie.<\/p>","protected":false},"excerpt":{"rendered":"<p>Frumoase \u0219i trendsetting, ceasurile Armani Exchange pentru femei definesc stilul de zeci de ani. De la modele esen\u021biale cu trei m\u00e2ini la cronografe func\u021bionale, aceast\u0103 colec\u021bie prezint\u0103 o gam\u0103 de materiale u\u0219or de purtat, inclusiv piele natural\u0103, o\u021bel inoxidabil versatil \u0219i silicon durabil. Detaliile atent g\u00e2ndite, cum ar fi atingerile de str\u0103lucire, texturile care str\u0103lucesc [&hellip;]<\/p>\n","protected":false},"featured_media":54839,"comment_status":"closed","ping_status":"open","template":"","meta":{"_acf_changed":false},"product_brand":[],"product_cat":[615,25],"product_tag":[],"class_list":{"0":"post-54838","1":"product","2":"type-product","3":"status-publish","4":"has-post-thumbnail","6":"product_cat-armani-exchange","7":"product_cat-ceasuri-dama","8":"pa_brand-armani-exchange","9":"pa_braslet-otel-inoxidabil","10":"pa_corpus-36-mm","11":"pa_decor-cristale-swarowski","12":"pa_forma-rotund","13":"pa_garatia-24-luni","14":"pa_korpus-bicolor","15":"pa_kvarc-quartz","16":"pa_material-otel-inoxidabil","17":"pa_mehanizm-quartz","18":"pa_remeshok-bicolor","19":"pa_steklo-cristal-mineral","20":"pa_strana-italia","21":"pa_voda-5-atm","23":"first","24":"outofstock","25":"purchasable","26":"product-type-simple"},"acf":[],"_links":{"self":[{"href":"https:\/\/ceasuri.md\/ru\/wp-json\/wp\/v2\/product\/54838","targetHints":{"allow":["GET"]}}],"collection":[{"href":"https:\/\/ceasuri.md\/ru\/wp-json\/wp\/v2\/product"}],"about":[{"href":"https:\/\/ceasuri.md\/ru\/wp-json\/wp\/v2\/types\/product"}],"replies":[{"embeddable":true,"href":"https:\/\/ceasuri.md\/ru\/wp-json\/wp\/v2\/comments?post=54838"}],"wp:featuredmedia":[{"embeddable":true,"href":"https:\/\/ceasuri.md\/ru\/wp-json\/wp\/v2\/media\/54839"}],"wp:attachment":[{"href":"https:\/\/ceasuri.md\/ru\/wp-json\/wp\/v2\/media?parent=54838"}],"wp:term":[{"taxonomy":"product_brand","embeddable":true,"href":"https:\/\/ceasuri.md\/ru\/wp-json\/wp\/v2\/product_brand?post=54838"},{"taxonomy":"product_cat","embeddable":true,"href":"https:\/\/ceasuri.md\/ru\/wp-json\/wp\/v2\/product_cat?post=54838"},{"taxonomy":"product_tag","embeddable":true,"href":"https:\/\/ceasuri.md\/ru\/wp-json\/wp\/v2\/product_tag?post=54838"}],"curies":[{"name":"wp","href":"https:\/\/api.w.org\/{rel}","templated":true}]}}