{"id":54809,"date":"2026-04-03T00:13:51","date_gmt":"2026-04-02T21:13:51","guid":{"rendered":"http:\/\/new.ceasuri.md\/shop\/uncategorized\/armani-exchange-dante-ax7160set\/"},"modified":"2026-04-17T14:53:26","modified_gmt":"2026-04-17T11:53:26","slug":"armani-exchange-dante-ax7160set","status":"publish","type":"product","link":"https:\/\/ceasuri.md\/ru\/shop\/branduri\/armani-exchange\/armani-exchange-dante-ax7160set\/","title":{"rendered":"Ceas ARMANI EXCHANGE DANTE AX7160SET"},"content":{"rendered":"<p>Armani Exchange Dante AX7160SET este un ceas elegant pentru b\u0103rba\u021bi care combin\u0103 designul modern cu elegan\u021ba. Plicul negru \u0219i br\u0103\u021bara sunt realizate din o\u021bel inoxidabil, ceea ce confer\u0103 ceasului un aspect sofisticat. Cadranul negru, protejat de sticl\u0103 mineral\u0103, adaug\u0103 o not\u0103 clasic\u0103. Mecanismul cu cuar\u021b asigur\u0103 o func\u021bionare precis\u0103. Setul include \u0219i o br\u0103\u021bar\u0103 asortat\u0103, ceea ce \u00eel face un cadou perfect.<\/p>","protected":false},"excerpt":{"rendered":"<p>Armani Exchange Dante AX7160SET este un ceas elegant pentru b\u0103rba\u021bi care combin\u0103 designul modern cu elegan\u021ba. Plicul negru \u0219i br\u0103\u021bara sunt realizate din o\u021bel inoxidabil, ceea ce confer\u0103 ceasului un aspect sofisticat. Cadranul negru, protejat de sticl\u0103 mineral\u0103, adaug\u0103 o not\u0103 clasic\u0103. Mecanismul cu cuar\u021b asigur\u0103 o func\u021bionare precis\u0103. Setul include \u0219i o br\u0103\u021bar\u0103 asortat\u0103, [&hellip;]<\/p>\n","protected":false},"featured_media":54810,"comment_status":"closed","ping_status":"open","template":"","meta":{"_acf_changed":false},"product_brand":[],"product_cat":[615,20],"product_tag":[],"class_list":{"0":"post-54809","1":"product","2":"type-product","3":"status-publish","4":"has-post-thumbnail","6":"product_cat-armani-exchange","7":"product_cat-ceasuri-barbati","8":"pa_brand-armani-exchange","9":"pa_braslet-otel-inoxidabil","10":"pa_corpus-42-mm","11":"pa_forma-rotund","12":"pa_funcii-data","13":"pa_funcii-set-cadou","14":"pa_funcii-ziua-saptamanii","15":"pa_garatia-24-luni","16":"pa_korpus-negru","17":"pa_kvarc-quartz","18":"pa_material-otel-inoxidabil","19":"pa_mehanizm-quartz","20":"pa_remeshok-negru","21":"pa_steklo-cristal-mineral","22":"pa_strana-italia","23":"pa_voda-5-atm","25":"first","26":"instock","27":"purchasable","28":"product-type-simple"},"acf":[],"_links":{"self":[{"href":"https:\/\/ceasuri.md\/ru\/wp-json\/wp\/v2\/product\/54809","targetHints":{"allow":["GET"]}}],"collection":[{"href":"https:\/\/ceasuri.md\/ru\/wp-json\/wp\/v2\/product"}],"about":[{"href":"https:\/\/ceasuri.md\/ru\/wp-json\/wp\/v2\/types\/product"}],"replies":[{"embeddable":true,"href":"https:\/\/ceasuri.md\/ru\/wp-json\/wp\/v2\/comments?post=54809"}],"wp:featuredmedia":[{"embeddable":true,"href":"https:\/\/ceasuri.md\/ru\/wp-json\/wp\/v2\/media\/54810"}],"wp:attachment":[{"href":"https:\/\/ceasuri.md\/ru\/wp-json\/wp\/v2\/media?parent=54809"}],"wp:term":[{"taxonomy":"product_brand","embeddable":true,"href":"https:\/\/ceasuri.md\/ru\/wp-json\/wp\/v2\/product_brand?post=54809"},{"taxonomy":"product_cat","embeddable":true,"href":"https:\/\/ceasuri.md\/ru\/wp-json\/wp\/v2\/product_cat?post=54809"},{"taxonomy":"product_tag","embeddable":true,"href":"https:\/\/ceasuri.md\/ru\/wp-json\/wp\/v2\/product_tag?post=54809"}],"curies":[{"name":"wp","href":"https:\/\/api.w.org\/{rel}","templated":true}]}}