{"id":54783,"date":"2024-10-14T16:13:36","date_gmt":"2024-10-14T13:13:36","guid":{"rendered":"http:\/\/new.ceasuri.md\/shop\/uncategorized\/emporio-armani-mia-ar11569\/"},"modified":"2026-05-01T18:50:22","modified_gmt":"2026-05-01T15:50:22","slug":"emporio-armani-mia-ar11569","status":"publish","type":"product","link":"https:\/\/ceasuri.md\/ru\/shop\/branduri\/emporio-armani\/emporio-armani-mia-ar11569\/","title":{"rendered":"\u0427\u0430\u0441\u044b EMPORIO ARMANI MIA AR11569"},"content":{"rendered":"<p>Ceasurile Emporio Armani pentru femei ating echilibrul perfect \u00eentre designul elevat \u0219i distrac\u021bia \u00een detalii. Fie c\u0103 este elegant \u0219i simplu, viu \u00een nuan\u021b\u0103, accentuat cu str\u0103lucire sau definit de o carcas\u0103 modelat\u0103, fiecare ceas este fabricat din materiale de calitate, inclusiv o\u021bel inoxidabil str\u0103lucitor, piele natural\u0103 neted\u0103 sau texturat\u0103 \u0219i cadrane perlate irizate. Oferind stilul dinamic pe care \u00eel \u00eendr\u0103gi\u021bi cu atingerile de designer la care v\u0103 a\u0219tepta\u021bi, aceste ceasuri sunt piesele de baz\u0103 de zi cu zi pe care le dori\u021bi.<\/p>","protected":false},"excerpt":{"rendered":"<p>Ceasurile Emporio Armani pentru femei ating echilibrul perfect \u00eentre designul elevat \u0219i distrac\u021bia \u00een detalii. Fie c\u0103 este elegant \u0219i simplu, viu \u00een nuan\u021b\u0103, accentuat cu str\u0103lucire sau definit de o carcas\u0103 modelat\u0103, fiecare ceas este fabricat din materiale de calitate, inclusiv o\u021bel inoxidabil str\u0103lucitor, piele natural\u0103 neted\u0103 sau texturat\u0103 \u0219i cadrane perlate irizate. Oferind [&hellip;]<\/p>\n","protected":false},"featured_media":54784,"comment_status":"closed","ping_status":"open","template":"","meta":{"_acf_changed":false},"product_brand":[],"product_cat":[25,617],"product_tag":[],"class_list":{"0":"post-54783","1":"product","2":"type-product","3":"status-publish","4":"has-post-thumbnail","6":"product_cat-ceasuri-dama","7":"product_cat-emporio-armani","8":"pa_brand-emporio-armani","9":"pa_braslet-otel-inoxidabil","10":"pa_corpus-32-mm","11":"pa_decor-cristale-swarowski","12":"pa_forma-rotund","13":"pa_garatia-24-luni","14":"pa_korpus-bicolor","15":"pa_kvarc-quartz","16":"pa_material-otel-inoxidabil","17":"pa_mehanizm-quartz","18":"pa_remeshok-bicolor","19":"pa_steklo-cristal-mineral","20":"pa_strana-italia","21":"pa_voda-5-atm","23":"first","24":"instock","25":"purchasable","26":"product-type-simple"},"acf":[],"_links":{"self":[{"href":"https:\/\/ceasuri.md\/ru\/wp-json\/wp\/v2\/product\/54783","targetHints":{"allow":["GET"]}}],"collection":[{"href":"https:\/\/ceasuri.md\/ru\/wp-json\/wp\/v2\/product"}],"about":[{"href":"https:\/\/ceasuri.md\/ru\/wp-json\/wp\/v2\/types\/product"}],"replies":[{"embeddable":true,"href":"https:\/\/ceasuri.md\/ru\/wp-json\/wp\/v2\/comments?post=54783"}],"wp:featuredmedia":[{"embeddable":true,"href":"https:\/\/ceasuri.md\/ru\/wp-json\/wp\/v2\/media\/54784"}],"wp:attachment":[{"href":"https:\/\/ceasuri.md\/ru\/wp-json\/wp\/v2\/media?parent=54783"}],"wp:term":[{"taxonomy":"product_brand","embeddable":true,"href":"https:\/\/ceasuri.md\/ru\/wp-json\/wp\/v2\/product_brand?post=54783"},{"taxonomy":"product_cat","embeddable":true,"href":"https:\/\/ceasuri.md\/ru\/wp-json\/wp\/v2\/product_cat?post=54783"},{"taxonomy":"product_tag","embeddable":true,"href":"https:\/\/ceasuri.md\/ru\/wp-json\/wp\/v2\/product_tag?post=54783"}],"curies":[{"name":"wp","href":"https:\/\/api.w.org\/{rel}","templated":true}]}}