{"id":54766,"date":"2026-04-03T00:12:53","date_gmt":"2026-04-02T21:12:53","guid":{"rendered":"http:\/\/new.ceasuri.md\/shop\/uncategorized\/emporio-armani-sea-explorer-ar60080\/"},"modified":"2026-04-20T01:37:43","modified_gmt":"2026-04-19T22:37:43","slug":"emporio-armani-sea-explorer-ar60080","status":"publish","type":"product","link":"https:\/\/ceasuri.md\/ru\/shop\/branduri\/emporio-armani\/emporio-armani-sea-explorer-ar60080\/","title":{"rendered":"\u0427\u0430\u0441\u044b EMPORIO ARMANI SEA EXPLORER AR60080"},"content":{"rendered":"<p>Emporio Armani Sea Explorer Automatic AR60080 are un design elegant \u0219i o func\u021bionalitate avansat\u0103. Plicul de culoare argintie \u0219i br\u0103\u021bara din o\u021bel inoxidabil se armonizeaz\u0103 cu cadranul verde, care prezint\u0103 o dat\u0103. Mecanismul automat garanteaz\u0103 o func\u021bionare fiabil\u0103, iar sticla mineral\u0103 protejeaz\u0103 eficient cadranul de deterior\u0103ri. Emporio Armani Sea Explorer Automatic AR60080 este ceasul perfect pentru orice ocazie, combin\u00e2nd aspectul elegant cu fiabilitatea.<\/p>","protected":false},"excerpt":{"rendered":"<p>Emporio Armani Sea Explorer Automatic AR60080 are un design elegant \u0219i o func\u021bionalitate avansat\u0103. Plicul de culoare argintie \u0219i br\u0103\u021bara din o\u021bel inoxidabil se armonizeaz\u0103 cu cadranul verde, care prezint\u0103 o dat\u0103. Mecanismul automat garanteaz\u0103 o func\u021bionare fiabil\u0103, iar sticla mineral\u0103 protejeaz\u0103 eficient cadranul de deterior\u0103ri. Emporio Armani Sea Explorer Automatic AR60080 este ceasul perfect [&hellip;]<\/p>\n","protected":false},"featured_media":54767,"comment_status":"closed","ping_status":"open","template":"","meta":{"_acf_changed":false},"product_brand":[],"product_cat":[20,617],"product_tag":[],"class_list":{"0":"post-54766","1":"product","2":"type-product","3":"status-publish","4":"has-post-thumbnail","6":"product_cat-ceasuri-barbati","7":"product_cat-emporio-armani","8":"pa_brand-emporio-armani","9":"pa_braslet-otel-inoxidabil","10":"pa_corpus-42-mm","11":"pa_forma-rotund","12":"pa_funcii-data","13":"pa_garatia-24-luni","14":"pa_korpus-argintiu","15":"pa_korpus-verde","16":"pa_material-otel-inoxidabil","17":"pa_mehanizm-mecanic","18":"pa_mehanizm-mecanism-automatic","19":"pa_remeshok-argintiu","20":"pa_steklo-cristal-mineral","21":"pa_strana-italia","22":"pa_voda-20-atm","24":"first","25":"instock","26":"purchasable","27":"product-type-simple"},"acf":[],"_links":{"self":[{"href":"https:\/\/ceasuri.md\/ru\/wp-json\/wp\/v2\/product\/54766","targetHints":{"allow":["GET"]}}],"collection":[{"href":"https:\/\/ceasuri.md\/ru\/wp-json\/wp\/v2\/product"}],"about":[{"href":"https:\/\/ceasuri.md\/ru\/wp-json\/wp\/v2\/types\/product"}],"replies":[{"embeddable":true,"href":"https:\/\/ceasuri.md\/ru\/wp-json\/wp\/v2\/comments?post=54766"}],"wp:featuredmedia":[{"embeddable":true,"href":"https:\/\/ceasuri.md\/ru\/wp-json\/wp\/v2\/media\/54767"}],"wp:attachment":[{"href":"https:\/\/ceasuri.md\/ru\/wp-json\/wp\/v2\/media?parent=54766"}],"wp:term":[{"taxonomy":"product_brand","embeddable":true,"href":"https:\/\/ceasuri.md\/ru\/wp-json\/wp\/v2\/product_brand?post=54766"},{"taxonomy":"product_cat","embeddable":true,"href":"https:\/\/ceasuri.md\/ru\/wp-json\/wp\/v2\/product_cat?post=54766"},{"taxonomy":"product_tag","embeddable":true,"href":"https:\/\/ceasuri.md\/ru\/wp-json\/wp\/v2\/product_tag?post=54766"}],"curies":[{"name":"wp","href":"https:\/\/api.w.org\/{rel}","templated":true}]}}