{"id":54748,"date":"2026-04-03T00:12:53","date_gmt":"2026-04-02T21:12:53","guid":{"rendered":"http:\/\/new.ceasuri.md\/shop\/uncategorized\/casio-g-shock-dw-5040rx-7er\/"},"modified":"2026-04-20T01:39:11","modified_gmt":"2026-04-19T22:39:11","slug":"casio-g-shock-dw-5040rx-7er","status":"publish","type":"product","link":"https:\/\/ceasuri.md\/ru\/shop\/branduri\/casio\/casio-g-shock-dw-5040rx-7er\/","title":{"rendered":"\u0427\u0430\u0441\u044b CASIO G-SHOCK DW-5040RX-7ER"},"content":{"rendered":"<p>Exprim\u0103-te \u00een termeni clari cu linia G-SHOCK 40th anniversary Clear Remix &#8211; modele populare G-SHOCK deconstruite cu componente transparente pentru cel mai clar aspect de p\u00e2n\u0103 acum.<br \/>\nMaterialele transparente pentru br\u0103\u021bar\u0103, carcas\u0103, cadran, LCD \u0219i butoane ofer\u0103 o vedere din spatele scenei a substratului modulului imprimat cu marca G \u0219i logo-ul G-SHOCK. Partea din spate a carcasei prezint\u0103 logo-ul 40 proiectat de Eric Haze, iar bucla benzii este gravat\u0103 cu patru stele \u00een semn de recunoa\u0219tere a acestei anivers\u0103ri speciale. Aceste detalii \u0219i utilizarea \u00een premier\u0103 a unei carcase transparente din fibr\u0103 de sticl\u0103 diamidat\u0103 ofer\u0103 un design unic, demn de o edi\u021bie limitat\u0103 excep\u021bional\u0103 G-SHOCK.<br \/>\n Noua gam\u0103 include ceasuri modelate dup\u0103 mai multe ceasuri iconice G-SHOCK: primul G-SHOCK, DW-5000; clasicul digital DW-5600; DW-6900 cu design distinctiv al butonului frontal; sau GA-2100\/GMA-S2100 sau GA-110\/GMA-S110, care pot fi purtate singure sau ca parte a unui set asortat<\/p>","protected":false},"excerpt":{"rendered":"<p>Exprim\u0103-te \u00een termeni clari cu linia G-SHOCK 40th anniversary Clear Remix &#8211; modele populare G-SHOCK deconstruite cu componente transparente pentru cel mai clar aspect de p\u00e2n\u0103 acum. Materialele transparente pentru br\u0103\u021bar\u0103, carcas\u0103, cadran, LCD \u0219i butoane ofer\u0103 o vedere din spatele scenei a substratului modulului imprimat cu marca G \u0219i logo-ul G-SHOCK. Partea din spate [&hellip;]<\/p>\n","protected":false},"featured_media":54749,"comment_status":"closed","ping_status":"open","template":"","meta":{"_acf_changed":false},"product_brand":[],"product_cat":[27,20,25,419,205],"product_tag":[],"class_list":{"0":"post-54748","1":"product","2":"type-product","3":"status-publish","4":"has-post-thumbnail","6":"product_cat-casio","7":"product_cat-ceasuri-barbati","8":"product_cat-ceasuri-dama","9":"product_cat-g-shock","10":"product_cat-limited-edition","11":"pa_brand-casio","12":"pa_brand-g-shock","13":"pa_braslet-plastic","14":"pa_corpus-43x49mm","15":"pa_forma-octogonala","16":"pa_funcii-alarma","17":"pa_funcii-calendar","18":"pa_funcii-cronometru","19":"pa_funcii-iluminare","20":"pa_funcii-limited-edition","21":"pa_funcii-special-edition","22":"pa_garatia-24-luni","23":"pa_korpus-alb","24":"pa_korpus-transparent","25":"pa_kvarc-quartz","26":"pa_material-otel-inoxidabil","27":"pa_material-plastic","28":"pa_mehanizm-electronic","29":"pa_mehanizm-quartz","30":"pa_remeshok-alb","31":"pa_remeshok-transparent","32":"pa_steklo-cristal-mineral","33":"pa_strana-japonia","34":"pa_voda-20-atm","36":"first","37":"instock","38":"purchasable","39":"product-type-simple"},"acf":[],"_links":{"self":[{"href":"https:\/\/ceasuri.md\/ru\/wp-json\/wp\/v2\/product\/54748","targetHints":{"allow":["GET"]}}],"collection":[{"href":"https:\/\/ceasuri.md\/ru\/wp-json\/wp\/v2\/product"}],"about":[{"href":"https:\/\/ceasuri.md\/ru\/wp-json\/wp\/v2\/types\/product"}],"replies":[{"embeddable":true,"href":"https:\/\/ceasuri.md\/ru\/wp-json\/wp\/v2\/comments?post=54748"}],"wp:featuredmedia":[{"embeddable":true,"href":"https:\/\/ceasuri.md\/ru\/wp-json\/wp\/v2\/media\/54749"}],"wp:attachment":[{"href":"https:\/\/ceasuri.md\/ru\/wp-json\/wp\/v2\/media?parent=54748"}],"wp:term":[{"taxonomy":"product_brand","embeddable":true,"href":"https:\/\/ceasuri.md\/ru\/wp-json\/wp\/v2\/product_brand?post=54748"},{"taxonomy":"product_cat","embeddable":true,"href":"https:\/\/ceasuri.md\/ru\/wp-json\/wp\/v2\/product_cat?post=54748"},{"taxonomy":"product_tag","embeddable":true,"href":"https:\/\/ceasuri.md\/ru\/wp-json\/wp\/v2\/product_tag?post=54748"}],"curies":[{"name":"wp","href":"https:\/\/api.w.org\/{rel}","templated":true}]}}