{"id":54741,"date":"2026-04-03T00:12:53","date_gmt":"2026-04-02T21:12:53","guid":{"rendered":"http:\/\/new.ceasuri.md\/shop\/uncategorized\/casio-g-shock-dw-6900rgb-1er\/"},"modified":"2026-04-20T01:39:12","modified_gmt":"2026-04-19T22:39:12","slug":"casio-g-shock-dw-6900rgb-1er","status":"publish","type":"product","link":"https:\/\/ceasuri.md\/ru\/shop\/branduri\/casio\/casio-g-shock-dw-6900rgb-1er\/","title":{"rendered":"\u0427\u0430\u0441\u044b CASIO G-SHOCK DW-6900RGB-1ER"},"content":{"rendered":"<p>Las\u0103-te fermecat de seria curcubeu! Descoperi\u021bi spectrul colorat care este creat atunci c\u00e2nd culorile lumii jocurilor Cybertech \u0219i designul puternic G-SHOCK se \u00eent\u00e2lnesc. Lunetele \u0219i br\u0103\u021b\u0103ri apar \u00een negru lucios, \u00een timp ce cadranele sunt acoperite cu un strat de vapori cu efect de curcubeu pentru a crea modele multicolore. Rezultatul este o serie de look-uri atr\u0103g\u0103toare \u00een culori reci.<\/p>","protected":false},"excerpt":{"rendered":"<p>Las\u0103-te fermecat de seria curcubeu! Descoperi\u021bi spectrul colorat care este creat atunci c\u00e2nd culorile lumii jocurilor Cybertech \u0219i designul puternic G-SHOCK se \u00eent\u00e2lnesc. Lunetele \u0219i br\u0103\u021b\u0103ri apar \u00een negru lucios, \u00een timp ce cadranele sunt acoperite cu un strat de vapori cu efect de curcubeu pentru a crea modele multicolore. Rezultatul este o serie de [&hellip;]<\/p>\n","protected":false},"featured_media":54742,"comment_status":"closed","ping_status":"open","template":"","meta":{"_acf_changed":false},"product_brand":[],"product_cat":[27,20,419],"product_tag":[],"class_list":{"0":"post-54741","1":"product","2":"type-product","3":"status-publish","4":"has-post-thumbnail","6":"product_cat-casio","7":"product_cat-ceasuri-barbati","8":"product_cat-g-shock","9":"pa_brand-casio","10":"pa_brand-g-shock","11":"pa_braslet-plastic","12":"pa_corpus-50-mm","13":"pa_forma-rotund","14":"pa_funcii-alarma","15":"pa_funcii-calendar","16":"pa_funcii-cronometru","17":"pa_funcii-iluminare","18":"pa_garatia-24-luni","19":"pa_korpus-negru","20":"pa_kvarc-quartz","21":"pa_material-plastic","22":"pa_mehanizm-electronic","23":"pa_remeshok-negru","24":"pa_steklo-cristal-mineral","25":"pa_strana-japonia","26":"pa_voda-20-atm","28":"first","29":"instock","30":"purchasable","31":"product-type-simple"},"acf":[],"_links":{"self":[{"href":"https:\/\/ceasuri.md\/ru\/wp-json\/wp\/v2\/product\/54741","targetHints":{"allow":["GET"]}}],"collection":[{"href":"https:\/\/ceasuri.md\/ru\/wp-json\/wp\/v2\/product"}],"about":[{"href":"https:\/\/ceasuri.md\/ru\/wp-json\/wp\/v2\/types\/product"}],"replies":[{"embeddable":true,"href":"https:\/\/ceasuri.md\/ru\/wp-json\/wp\/v2\/comments?post=54741"}],"wp:featuredmedia":[{"embeddable":true,"href":"https:\/\/ceasuri.md\/ru\/wp-json\/wp\/v2\/media\/54742"}],"wp:attachment":[{"href":"https:\/\/ceasuri.md\/ru\/wp-json\/wp\/v2\/media?parent=54741"}],"wp:term":[{"taxonomy":"product_brand","embeddable":true,"href":"https:\/\/ceasuri.md\/ru\/wp-json\/wp\/v2\/product_brand?post=54741"},{"taxonomy":"product_cat","embeddable":true,"href":"https:\/\/ceasuri.md\/ru\/wp-json\/wp\/v2\/product_cat?post=54741"},{"taxonomy":"product_tag","embeddable":true,"href":"https:\/\/ceasuri.md\/ru\/wp-json\/wp\/v2\/product_tag?post=54741"}],"curies":[{"name":"wp","href":"https:\/\/api.w.org\/{rel}","templated":true}]}}