{"id":54736,"date":"2026-04-03T00:12:53","date_gmt":"2026-04-02T21:12:53","guid":{"rendered":"http:\/\/new.ceasuri.md\/shop\/uncategorized\/casio-g-shock-dw-6940rx-7er\/"},"modified":"2026-04-07T04:49:17","modified_gmt":"2026-04-07T01:49:17","slug":"casio-g-shock-dw-6940rx-7er","status":"publish","type":"product","link":"https:\/\/ceasuri.md\/ru\/shop\/branduri\/casio\/casio-g-shock-dw-6940rx-7er\/","title":{"rendered":"Ceas CASIO G-SHOCK DW-6940RX-7ER"},"content":{"rendered":"<p>Colec\u021bia Clear Remix pentru cea de-a 40-a aniversare a modelelor G-SHOCK v\u0103 ofer\u0103 \u0219i mai mult\u0103 elegan\u021b\u0103. Modelele noastre populare G-SHOCK sunt caracterizate de componentele lor transparente \u0219i elegante. Br\u0103\u021bara, carcasa, cadranul, ecranul LCD \u0219i butoanele sunt realizate din materiale transparente \u0219i v\u0103 ofer\u0103 o vedere neobstruc\u021bionat\u0103 a modulului logo-ului G-SHOCK. Partea din spate a carcasei prezint\u0103 logo-ul conceput de Eric Haze pentru cea de-a 40-a aniversare, iar patru stele sunt gravate \u00een bucla curelei pentru a comemora aceast\u0103 aniversare special\u0103. Aceste detalii \u0219i noua carcas\u0103 transparent\u0103 din fibr\u0103 de sticl\u0103 clar\u0103 creeaz\u0103 un design unic, demn de o edi\u021bie limitat\u0103 incomparabil\u0103 G-SHOCK. Noua colec\u021bie include ceasuri modelate dup\u0103 mai multe modele emblematice G-SHOCK.<\/p>","protected":false},"excerpt":{"rendered":"<p>Colec\u021bia Clear Remix pentru cea de-a 40-a aniversare a modelelor G-SHOCK v\u0103 ofer\u0103 \u0219i mai mult\u0103 elegan\u021b\u0103. Modelele noastre populare G-SHOCK sunt caracterizate de componentele lor transparente \u0219i elegante. Br\u0103\u021bara, carcasa, cadranul, ecranul LCD \u0219i butoanele sunt realizate din materiale transparente \u0219i v\u0103 ofer\u0103 o vedere neobstruc\u021bionat\u0103 a modulului logo-ului G-SHOCK. Partea din spate a [&hellip;]<\/p>\n","protected":false},"featured_media":54737,"comment_status":"closed","ping_status":"open","template":"","meta":{"_acf_changed":false},"product_brand":[],"product_cat":[27,20,419,205],"product_tag":[],"class_list":{"0":"post-54736","1":"product","2":"type-product","3":"status-publish","4":"has-post-thumbnail","6":"product_cat-casio","7":"product_cat-ceasuri-barbati","8":"product_cat-g-shock","9":"product_cat-limited-edition","10":"pa_brand-casio","11":"pa_brand-g-shock","12":"pa_braslet-plastic","13":"pa_corpus-50-mm","14":"pa_forma-rotund","15":"pa_funcii-alarma","16":"pa_funcii-calendar","17":"pa_funcii-cronometru","18":"pa_funcii-iluminare","19":"pa_funcii-limited-edition","20":"pa_funcii-special-edition","21":"pa_garatia-24-luni","22":"pa_korpus-alb","23":"pa_korpus-transparent","24":"pa_material-plastic","25":"pa_mehanizm-electronic","26":"pa_remeshok-alb","27":"pa_remeshok-transparent","28":"pa_steklo-cristal-mineral","29":"pa_strana-japonia","30":"pa_voda-20-atm","32":"first","33":"instock","34":"purchasable","35":"product-type-simple"},"acf":[],"_links":{"self":[{"href":"https:\/\/ceasuri.md\/ru\/wp-json\/wp\/v2\/product\/54736","targetHints":{"allow":["GET"]}}],"collection":[{"href":"https:\/\/ceasuri.md\/ru\/wp-json\/wp\/v2\/product"}],"about":[{"href":"https:\/\/ceasuri.md\/ru\/wp-json\/wp\/v2\/types\/product"}],"replies":[{"embeddable":true,"href":"https:\/\/ceasuri.md\/ru\/wp-json\/wp\/v2\/comments?post=54736"}],"wp:featuredmedia":[{"embeddable":true,"href":"https:\/\/ceasuri.md\/ru\/wp-json\/wp\/v2\/media\/54737"}],"wp:attachment":[{"href":"https:\/\/ceasuri.md\/ru\/wp-json\/wp\/v2\/media?parent=54736"}],"wp:term":[{"taxonomy":"product_brand","embeddable":true,"href":"https:\/\/ceasuri.md\/ru\/wp-json\/wp\/v2\/product_brand?post=54736"},{"taxonomy":"product_cat","embeddable":true,"href":"https:\/\/ceasuri.md\/ru\/wp-json\/wp\/v2\/product_cat?post=54736"},{"taxonomy":"product_tag","embeddable":true,"href":"https:\/\/ceasuri.md\/ru\/wp-json\/wp\/v2\/product_tag?post=54736"}],"curies":[{"name":"wp","href":"https:\/\/api.w.org\/{rel}","templated":true}]}}