{"id":54707,"date":"2026-04-03T00:12:53","date_gmt":"2026-04-02T21:12:53","guid":{"rendered":"http:\/\/new.ceasuri.md\/shop\/uncategorized\/casio-g-shock-ga-114rx-7aer\/"},"modified":"2026-04-20T01:39:18","modified_gmt":"2026-04-19T22:39:18","slug":"casio-g-shock-ga-114rx-7aer","status":"publish","type":"product","link":"https:\/\/ceasuri.md\/ru\/shop\/branduri\/casio\/casio-g-shock-ga-114rx-7aer\/","title":{"rendered":"\u0427\u0430\u0441\u044b CASIO G-SHOCK GA-114RX-7AER"},"content":{"rendered":"<p>Exprim\u0103-te \u00een termeni clari cu linia G-SHOCK 40th anniversary Clear Remix &#8211; modele populare G-SHOCK deconstruite cu componente transparente pentru cel mai clar aspect de p\u00e2n\u0103 acum.<br \/>\nMaterialele transparente pentru br\u0103\u021bar\u0103, carcas\u0103, cadran, LCD \u0219i butoane ofer\u0103 o vedere din spatele scenei a substratului modulului imprimat cu marca G \u0219i logo-ul G-SHOCK. Partea din spate a carcasei prezint\u0103 logo-ul 40 proiectat de Eric Haze, iar bucla benzii este gravat\u0103 cu patru stele \u00een semn de recunoa\u0219tere a acestei anivers\u0103ri speciale. Aceste detalii \u0219i utilizarea \u00een premier\u0103 a unei carcase transparente din fibr\u0103 de sticl\u0103 diamidat\u0103 ofer\u0103 un design unic, demn de o edi\u021bie limitat\u0103 excep\u021bional\u0103 G-SHOCK.<br \/>\n Noua gam\u0103 include ceasuri modelate dup\u0103 mai multe ceasuri iconice G-SHOCK: primul G-SHOCK, DW-5000; clasicul digital DW-5600; DW-6900 cu design distinctiv al butonului frontal; sau GA-2100\/GMA-S2100 sau GA-110\/GMA-S110, care pot fi purtate singure sau ca parte a unui set asortat.<\/p>","protected":false},"excerpt":{"rendered":"<p>Exprim\u0103-te \u00een termeni clari cu linia G-SHOCK 40th anniversary Clear Remix &#8211; modele populare G-SHOCK deconstruite cu componente transparente pentru cel mai clar aspect de p\u00e2n\u0103 acum. Materialele transparente pentru br\u0103\u021bar\u0103, carcas\u0103, cadran, LCD \u0219i butoane ofer\u0103 o vedere din spatele scenei a substratului modulului imprimat cu marca G \u0219i logo-ul G-SHOCK. Partea din spate [&hellip;]<\/p>\n","protected":false},"featured_media":54708,"comment_status":"closed","ping_status":"open","template":"","meta":{"_acf_changed":false},"product_brand":[],"product_cat":[27,20,419,205],"product_tag":[],"class_list":{"0":"post-54707","1":"product","2":"type-product","3":"status-publish","4":"has-post-thumbnail","6":"product_cat-casio","7":"product_cat-ceasuri-barbati","8":"product_cat-g-shock","9":"product_cat-limited-edition","10":"pa_brand-casio","11":"pa_brand-g-shock","12":"pa_braslet-plastic","13":"pa_corpus-51-mm","14":"pa_forma-rotund","15":"pa_funcii-alarma","16":"pa_funcii-calendar","17":"pa_funcii-cronometru","18":"pa_funcii-iluminare","19":"pa_funcii-limited-edition","20":"pa_funcii-special-edition","21":"pa_funcii-timp-mondial","22":"pa_garatia-24-luni","23":"pa_korpus-alb","24":"pa_korpus-transparent","25":"pa_kvarc-quartz","26":"pa_material-plastic","27":"pa_mehanizm-electronic","28":"pa_mehanizm-quartz","29":"pa_remeshok-alb","30":"pa_remeshok-transparent","31":"pa_steklo-cristal-mineral","32":"pa_strana-japonia","33":"pa_voda-20-atm","35":"first","36":"instock","37":"purchasable","38":"product-type-simple"},"acf":[],"_links":{"self":[{"href":"https:\/\/ceasuri.md\/ru\/wp-json\/wp\/v2\/product\/54707","targetHints":{"allow":["GET"]}}],"collection":[{"href":"https:\/\/ceasuri.md\/ru\/wp-json\/wp\/v2\/product"}],"about":[{"href":"https:\/\/ceasuri.md\/ru\/wp-json\/wp\/v2\/types\/product"}],"replies":[{"embeddable":true,"href":"https:\/\/ceasuri.md\/ru\/wp-json\/wp\/v2\/comments?post=54707"}],"wp:featuredmedia":[{"embeddable":true,"href":"https:\/\/ceasuri.md\/ru\/wp-json\/wp\/v2\/media\/54708"}],"wp:attachment":[{"href":"https:\/\/ceasuri.md\/ru\/wp-json\/wp\/v2\/media?parent=54707"}],"wp:term":[{"taxonomy":"product_brand","embeddable":true,"href":"https:\/\/ceasuri.md\/ru\/wp-json\/wp\/v2\/product_brand?post=54707"},{"taxonomy":"product_cat","embeddable":true,"href":"https:\/\/ceasuri.md\/ru\/wp-json\/wp\/v2\/product_cat?post=54707"},{"taxonomy":"product_tag","embeddable":true,"href":"https:\/\/ceasuri.md\/ru\/wp-json\/wp\/v2\/product_tag?post=54707"}],"curies":[{"name":"wp","href":"https:\/\/api.w.org\/{rel}","templated":true}]}}