{"id":54690,"date":"2026-04-03T00:11:57","date_gmt":"2026-04-02T21:11:57","guid":{"rendered":"http:\/\/new.ceasuri.md\/shop\/uncategorized\/casio-g-shock-gbd-300-7er\/"},"modified":"2026-04-07T04:49:10","modified_gmt":"2026-04-07T01:49:10","slug":"casio-g-shock-gbd-300-7er","status":"publish","type":"product","link":"https:\/\/ceasuri.md\/ru\/shop\/branduri\/casio\/casio-g-shock-gbd-300-7er\/","title":{"rendered":"Ceas CASIO G-SHOCK GBD-300-7ER"},"content":{"rendered":"<p>Noua serie GBD-300 pentru via\u021ba dvs. activ\u0103 de zi cu zi &#8211; G-SQUAD robust, orientat spre sport, care v\u0103 face antrenamentul \u0219i mai distractiv.<br \/>\nGBD-300 este echipat cu func\u021bii practice care sus\u021bin alergarea \u0219i alte programe de antrenament. Cu m\u0103surarea accelera\u021biei \u0219i a distan\u021bei, conectivitate smartphone, afi\u0219aj de \u00eenalt\u0103 rezolu\u021bie \u0219i multe altele, ave\u021bi control asupra gestion\u0103rii zilnice a s\u0103n\u0103t\u0103\u021bii dvs. pentru a \u00eembun\u0103t\u0103\u021bi rezisten\u021ba.<br \/>\nUtiliza\u021bi func\u021bia GPS a unui smartphone \u00eemperecheat pentru a personaliza m\u0103surarea distan\u021bei. Ceasul poate m\u0103sura apoi distan\u021ba de alergare cu mai mult\u0103 acurate\u021be, chiar \u0219i atunci c\u00e2nd nu mai este conectat la smartphone. Echipat cu \u00eenregistrare automat\u0103 a turelor, ceasul urm\u0103re\u0219te \u0219i ritmul de alergare \u0219i \u00eenregistreaz\u0103 automat timpii pe o distan\u021b\u0103 stabilit\u0103. Utiliza\u021bi aplica\u021bia de vizualizare dedicat\u0103 pentru a vizualiza \u00eenregistr\u0103rile dvs. personale \u0219i pentru a gestiona cu u\u0219urin\u021b\u0103 datele lifelog \u0219i istoricul activit\u0103\u021bii. Ceasul poate fi setat s\u0103 v\u0103 notifice timpul scurs, caloriile arse \u0219i alte date importante \u00een timpul antrenamentului.<br \/>\nAfi\u0219ajul este un ecran LCD cu tehnologie MIP (Memory-in-Pixel) \u0219i Super Illuminator. \u00cempreun\u0103 cu func\u021bia de iluminare automat\u0103, care este activat\u0103 prin \u00eenclinarea \u00eencheieturii \u00een timpul alerg\u0103rii, afi\u0219ajul este u\u0219or de citit \u0219i pe timp de noapte.<br \/>\nCureaua este fabricat\u0103 din uretan moale \u0219i ofer\u0103 o potrivire \u0219i mai confortabil\u0103, deoarece orificiile curelei sunt distan\u021bate la intervale de 5 mm pentru a permite o ajustare \u0219i mai precis\u0103 pentru o gam\u0103 larg\u0103 de dimensiuni ale \u00eencheieturii m\u00e2inii. Uretanul moale \u0219i un strat flexibil de r\u0103\u0219in\u0103 fin\u0103 pe partea inferioar\u0103 asigur\u0103 o potrivire confortabil\u0103 pentru toate mi\u0219c\u0103rile bra\u021bului. Principalele componente din r\u0103\u0219in\u0103 din carcas\u0103, curea \u0219i alte piese sunt fabricate din r\u0103\u0219in\u0103 pe baz\u0103 biologic\u0103.<\/p>","protected":false},"excerpt":{"rendered":"<p>Noua serie GBD-300 pentru via\u021ba dvs. activ\u0103 de zi cu zi &#8211; G-SQUAD robust, orientat spre sport, care v\u0103 face antrenamentul \u0219i mai distractiv. GBD-300 este echipat cu func\u021bii practice care sus\u021bin alergarea \u0219i alte programe de antrenament. Cu m\u0103surarea accelera\u021biei \u0219i a distan\u021bei, conectivitate smartphone, afi\u0219aj de \u00eenalt\u0103 rezolu\u021bie \u0219i multe altele, ave\u021bi control [&hellip;]<\/p>\n","protected":false},"featured_media":54691,"comment_status":"closed","ping_status":"open","template":"","meta":{"_acf_changed":false},"product_brand":[],"product_cat":[27,20,25,419],"product_tag":[],"class_list":{"0":"post-54690","1":"product","2":"type-product","3":"status-publish","4":"has-post-thumbnail","6":"product_cat-casio","7":"product_cat-ceasuri-barbati","8":"product_cat-ceasuri-dama","9":"product_cat-g-shock","10":"pa_brand-casio","11":"pa_brand-g-shock","12":"pa_braslet-plastic","13":"pa_corpus-47-mm","14":"pa_forma-octogonala","15":"pa_funcii-accelerometru","16":"pa_funcii-alarma","17":"pa_funcii-bluetooth-smart","18":"pa_funcii-calendar","19":"pa_funcii-cronometru","20":"pa_funcii-iluminare","21":"pa_funcii-pedometru","22":"pa_funcii-timp-mondial","23":"pa_garatia-24-luni","24":"pa_korpus-alb","25":"pa_korpus-gri","26":"pa_material-plastic","27":"pa_mehanizm-electronic","28":"pa_mehanizm-quartz","29":"pa_remeshok-alb","30":"pa_steklo-cristal-mineral","31":"pa_strana-japonia","32":"pa_voda-20-atm","34":"first","35":"instock","36":"purchasable","37":"product-type-simple"},"acf":[],"_links":{"self":[{"href":"https:\/\/ceasuri.md\/ru\/wp-json\/wp\/v2\/product\/54690","targetHints":{"allow":["GET"]}}],"collection":[{"href":"https:\/\/ceasuri.md\/ru\/wp-json\/wp\/v2\/product"}],"about":[{"href":"https:\/\/ceasuri.md\/ru\/wp-json\/wp\/v2\/types\/product"}],"replies":[{"embeddable":true,"href":"https:\/\/ceasuri.md\/ru\/wp-json\/wp\/v2\/comments?post=54690"}],"wp:featuredmedia":[{"embeddable":true,"href":"https:\/\/ceasuri.md\/ru\/wp-json\/wp\/v2\/media\/54691"}],"wp:attachment":[{"href":"https:\/\/ceasuri.md\/ru\/wp-json\/wp\/v2\/media?parent=54690"}],"wp:term":[{"taxonomy":"product_brand","embeddable":true,"href":"https:\/\/ceasuri.md\/ru\/wp-json\/wp\/v2\/product_brand?post=54690"},{"taxonomy":"product_cat","embeddable":true,"href":"https:\/\/ceasuri.md\/ru\/wp-json\/wp\/v2\/product_cat?post=54690"},{"taxonomy":"product_tag","embeddable":true,"href":"https:\/\/ceasuri.md\/ru\/wp-json\/wp\/v2\/product_tag?post=54690"}],"curies":[{"name":"wp","href":"https:\/\/api.w.org\/{rel}","templated":true}]}}