{"id":54684,"date":"2026-04-03T00:11:57","date_gmt":"2026-04-02T21:11:57","guid":{"rendered":"http:\/\/new.ceasuri.md\/shop\/uncategorized\/casio-g-shock-gd-010-4er\/"},"modified":"2026-04-07T04:49:10","modified_gmt":"2026-04-07T01:49:10","slug":"casio-g-shock-gd-010-4er","status":"publish","type":"product","link":"https:\/\/ceasuri.md\/ru\/shop\/branduri\/casio\/casio-g-shock-gd-010-4er\/","title":{"rendered":"Ceas CASIO G-SHOCK GD-010-4ER"},"content":{"rendered":"<p>Trebuie s\u0103 v\u0103 face\u021bi griji doar pentru c\u00e2teva lucruri cu acest ceas. Cu carcasa sa mare G-SHOCK \u0219i cu o durat\u0103 de via\u021b\u0103 a bateriei de p\u00e2n\u0103 la 10 ani, GD-010 este un companion fidel.<br \/>\nCeasul digital ofer\u0103 func\u021bii practice precum ora universal\u0103 \u0219i cronometru, precum \u0219i iluminare LED puternic\u0103, care este u\u0219or accesibil\u0103 prin intermediul butonului mare de pe partea din fa\u021b\u0103 a carcasei. Acest lucru asigur\u0103 lizibilitatea chiar \u0219i \u00een \u00eentuneric. Acesta este fabricat din r\u0103\u0219in\u0103 bio, ceea ce este ideal dac\u0103 dori\u021bi s\u0103 v\u0103 reduce\u021bi impactul asupra mediului.<br \/>\nSeria este disponibil\u0103 \u00eentr-o gam\u0103 de scheme de culori workstyle \u00een negru, ro\u0219u \u0219i verde, ceea ce o face potrivit\u0103 pentru multe activit\u0103\u021bi, fie pentru munc\u0103, fie pentru timpul liber.<\/p>","protected":false},"excerpt":{"rendered":"<p>Trebuie s\u0103 v\u0103 face\u021bi griji doar pentru c\u00e2teva lucruri cu acest ceas. Cu carcasa sa mare G-SHOCK \u0219i cu o durat\u0103 de via\u021b\u0103 a bateriei de p\u00e2n\u0103 la 10 ani, GD-010 este un companion fidel. Ceasul digital ofer\u0103 func\u021bii practice precum ora universal\u0103 \u0219i cronometru, precum \u0219i iluminare LED puternic\u0103, care este u\u0219or accesibil\u0103 prin [&hellip;]<\/p>\n","protected":false},"featured_media":54685,"comment_status":"closed","ping_status":"open","template":"","meta":{"_acf_changed":false},"product_brand":[],"product_cat":[27,20,419],"product_tag":[],"class_list":{"0":"post-54684","1":"product","2":"type-product","3":"status-publish","4":"has-post-thumbnail","6":"product_cat-casio","7":"product_cat-ceasuri-barbati","8":"product_cat-g-shock","9":"pa_brand-casio","10":"pa_brand-g-shock","11":"pa_braslet-plastic","12":"pa_corpus-52-mm","13":"pa_forma-rotund","14":"pa_funcii-alarma","15":"pa_funcii-calendar","16":"pa_funcii-cronometru","17":"pa_funcii-iluminare","18":"pa_funcii-timp-mondial","19":"pa_garatia-24-luni","20":"pa_korpus-portocaliu","21":"pa_material-carbon","22":"pa_material-plastic","23":"pa_mehanizm-electronic","24":"pa_remeshok-portocaliu","25":"pa_steklo-cristal-mineral","26":"pa_strana-japonia","27":"pa_voda-20-atm","29":"first","30":"instock","31":"purchasable","32":"product-type-simple"},"acf":[],"_links":{"self":[{"href":"https:\/\/ceasuri.md\/ru\/wp-json\/wp\/v2\/product\/54684","targetHints":{"allow":["GET"]}}],"collection":[{"href":"https:\/\/ceasuri.md\/ru\/wp-json\/wp\/v2\/product"}],"about":[{"href":"https:\/\/ceasuri.md\/ru\/wp-json\/wp\/v2\/types\/product"}],"replies":[{"embeddable":true,"href":"https:\/\/ceasuri.md\/ru\/wp-json\/wp\/v2\/comments?post=54684"}],"wp:featuredmedia":[{"embeddable":true,"href":"https:\/\/ceasuri.md\/ru\/wp-json\/wp\/v2\/media\/54685"}],"wp:attachment":[{"href":"https:\/\/ceasuri.md\/ru\/wp-json\/wp\/v2\/media?parent=54684"}],"wp:term":[{"taxonomy":"product_brand","embeddable":true,"href":"https:\/\/ceasuri.md\/ru\/wp-json\/wp\/v2\/product_brand?post=54684"},{"taxonomy":"product_cat","embeddable":true,"href":"https:\/\/ceasuri.md\/ru\/wp-json\/wp\/v2\/product_cat?post=54684"},{"taxonomy":"product_tag","embeddable":true,"href":"https:\/\/ceasuri.md\/ru\/wp-json\/wp\/v2\/product_tag?post=54684"}],"curies":[{"name":"wp","href":"https:\/\/api.w.org\/{rel}","templated":true}]}}