{"id":54675,"date":"2026-04-03T00:11:57","date_gmt":"2026-04-02T21:11:57","guid":{"rendered":"http:\/\/new.ceasuri.md\/shop\/uncategorized\/casio-g-shock-gm-700g-9aer\/"},"modified":"2026-04-07T04:49:08","modified_gmt":"2026-04-07T01:49:08","slug":"casio-g-shock-gm-700g-9aer","status":"publish","type":"product","link":"https:\/\/ceasuri.md\/ru\/shop\/branduri\/casio\/casio-g-shock-gm-700g-9aer\/","title":{"rendered":"Ceas CASIO G-SHOCK GM-700G-9AER"},"content":{"rendered":"<p>V\u0103 prezent\u0103m modelul G-STEEL GM-700, cel mai recent din linia de ceasuri analog-digitale G-SHOCK, populare la nivel global, cu carcasa mare clasic\u0103.<br \/>\nMo\u0219tenind designul solid \u0219i la mod\u0103 al lunetei din o\u021bel inoxidabil de la GM-5600, GM-6900 \u0219i GM-110, GM-700 se bazeaz\u0103 pe GA-700, duc\u00e2ndu-l pe un teren complet nou cu o luneta metalic\u0103 \u00een dou\u0103 culori diferite. Bezelurile de culoare argintie \u0219i aurie eviden\u021biaz\u0103 aspectul natural \u00eendr\u0103zne\u021b al metalelor pe care le proiecteaz\u0103.<br \/>\nDesignul butonului frontal faciliteaz\u0103 accesul la lumina LED pentru a ilumina cadranul pentru o vizibilitate ridicat\u0103, o citire u\u0219oar\u0103 noaptea \u0219i \u00een locuri \u00eentunecate.<\/p>","protected":false},"excerpt":{"rendered":"<p>V\u0103 prezent\u0103m modelul G-STEEL GM-700, cel mai recent din linia de ceasuri analog-digitale G-SHOCK, populare la nivel global, cu carcasa mare clasic\u0103. Mo\u0219tenind designul solid \u0219i la mod\u0103 al lunetei din o\u021bel inoxidabil de la GM-5600, GM-6900 \u0219i GM-110, GM-700 se bazeaz\u0103 pe GA-700, duc\u00e2ndu-l pe un teren complet nou cu o luneta metalic\u0103 \u00een [&hellip;]<\/p>\n","protected":false},"featured_media":54676,"comment_status":"closed","ping_status":"open","template":"","meta":{"_acf_changed":false},"product_brand":[],"product_cat":[27,20,419],"product_tag":[],"class_list":{"0":"post-54675","1":"product","2":"type-product","3":"status-publish","4":"has-post-thumbnail","6":"product_cat-casio","7":"product_cat-ceasuri-barbati","8":"product_cat-g-shock","9":"pa_brand-casio","10":"pa_brand-g-shock","11":"pa_braslet-plastic","12":"pa_corpus-53-mm","13":"pa_forma-rotund","14":"pa_funcii-alarma","15":"pa_funcii-calendar","16":"pa_funcii-cronometru","17":"pa_funcii-iluminare","18":"pa_funcii-timp-mondial","19":"pa_garatia-24-luni","20":"pa_korpus-auriu","21":"pa_korpus-negru","22":"pa_material-otel-inoxidabil","23":"pa_material-plastic","24":"pa_mehanizm-electronic","25":"pa_mehanizm-quartz","26":"pa_remeshok-negru","27":"pa_steklo-cristal-mineral","28":"pa_strana-japonia","29":"pa_voda-20-atm","31":"first","32":"instock","33":"purchasable","34":"product-type-simple"},"acf":[],"_links":{"self":[{"href":"https:\/\/ceasuri.md\/ru\/wp-json\/wp\/v2\/product\/54675","targetHints":{"allow":["GET"]}}],"collection":[{"href":"https:\/\/ceasuri.md\/ru\/wp-json\/wp\/v2\/product"}],"about":[{"href":"https:\/\/ceasuri.md\/ru\/wp-json\/wp\/v2\/types\/product"}],"replies":[{"embeddable":true,"href":"https:\/\/ceasuri.md\/ru\/wp-json\/wp\/v2\/comments?post=54675"}],"wp:featuredmedia":[{"embeddable":true,"href":"https:\/\/ceasuri.md\/ru\/wp-json\/wp\/v2\/media\/54676"}],"wp:attachment":[{"href":"https:\/\/ceasuri.md\/ru\/wp-json\/wp\/v2\/media?parent=54675"}],"wp:term":[{"taxonomy":"product_brand","embeddable":true,"href":"https:\/\/ceasuri.md\/ru\/wp-json\/wp\/v2\/product_brand?post=54675"},{"taxonomy":"product_cat","embeddable":true,"href":"https:\/\/ceasuri.md\/ru\/wp-json\/wp\/v2\/product_cat?post=54675"},{"taxonomy":"product_tag","embeddable":true,"href":"https:\/\/ceasuri.md\/ru\/wp-json\/wp\/v2\/product_tag?post=54675"}],"curies":[{"name":"wp","href":"https:\/\/api.w.org\/{rel}","templated":true}]}}