{"id":54669,"date":"2026-04-03T00:11:57","date_gmt":"2026-04-02T21:11:57","guid":{"rendered":"http:\/\/new.ceasuri.md\/shop\/uncategorized\/casio-g-shock-gm-b2100gd-9aer\/"},"modified":"2026-04-07T04:49:08","modified_gmt":"2026-04-07T01:49:08","slug":"casio-g-shock-gm-b2100gd-9aer","status":"publish","type":"product","link":"https:\/\/ceasuri.md\/ru\/shop\/branduri\/casio\/casio-g-shock-gm-b2100gd-9aer\/","title":{"rendered":"Ceas CASIO G-SHOCK GM-B2100GD-9AER"},"content":{"rendered":"<p>V\u0103 prezent\u0103m noul model complet metalic al liniei de ceasuri 2100, \u00een continu\u0103 evolu\u021bie, care mo\u0219tene\u0219te mo\u0219tenirea primului G-SHOCK.<br \/>\nConstruc\u021bia luxoas\u0103 complet metalic\u0103, cu o carcas\u0103 cu filet, luneta \u0219i banda din o\u021bel inoxidabil, creeaz\u0103 un design aerodinamic \u0219i minimalist, protej\u00e2nd \u00een acela\u0219i timp modulul de impact atunci c\u00e2nd cade. Montajul de \u00eenalt\u0103 densitate men\u021bine modulul combinat analog-digital sub\u021bire, oferind \u00een acela\u0219i timp func\u021biile avansate pe care le iubi\u021bi \u00eentr-un profil compact \u0219i o potrivire confortabil\u0103.<br \/>\nNe \u00eentoarcem \u00een timp, cu luneta octogonal\u0103 \u0219i designul cu gropi\u021be al benzii originale din 1983, toate realizate \u00een metal. Luneta \u0219i banda sunt acoperite cu placare cu ioni de aur galben. Luneta din o\u021bel inoxidabil &#8211; format\u0103 tridimensional printr-un proces de forjare, t\u0103iere \u0219i lustruire care necesit\u0103 mult timp &#8211; este finisat\u0103 frumos cu un tratament circular al firului de p\u0103r pe suprafa\u021ba superioar\u0103 \u0219i lustruire \u00een oglind\u0103 pe pante.<br \/>\nSe \u00eemperecheaz\u0103 cu un smartphone prin Bluetooth\u00ae. Pur \u0219i simplu atinge\u021bi aplica\u021bia dedicat\u0103 pentru o cronometrare de precizie care v\u0103 men\u021bine pe drumul cel bun. Cu Tough Solar, o lumin\u0103 LED de \u00eenalt\u0103 luminozitate \u0219i o serie de alte func\u021bii convenabile, aceasta este o pies\u0103 de ceas care ofer\u0103 stil \u0219i utilitate practic\u0103.<\/p>","protected":false},"excerpt":{"rendered":"<p>V\u0103 prezent\u0103m noul model complet metalic al liniei de ceasuri 2100, \u00een continu\u0103 evolu\u021bie, care mo\u0219tene\u0219te mo\u0219tenirea primului G-SHOCK. Construc\u021bia luxoas\u0103 complet metalic\u0103, cu o carcas\u0103 cu filet, luneta \u0219i banda din o\u021bel inoxidabil, creeaz\u0103 un design aerodinamic \u0219i minimalist, protej\u00e2nd \u00een acela\u0219i timp modulul de impact atunci c\u00e2nd cade. Montajul de \u00eenalt\u0103 densitate men\u021bine [&hellip;]<\/p>\n","protected":false},"featured_media":54670,"comment_status":"closed","ping_status":"open","template":"","meta":{"_acf_changed":false},"product_brand":[],"product_cat":[27,20,419],"product_tag":[],"class_list":{"0":"post-54669","1":"product","2":"type-product","3":"status-publish","4":"has-post-thumbnail","6":"product_cat-casio","7":"product_cat-ceasuri-barbati","8":"product_cat-g-shock","9":"pa_brand-casio","10":"pa_brand-g-shock","11":"pa_braslet-otel-inoxidabil","12":"pa_corpus-44-mm","13":"pa_forma-octogonala","14":"pa_funcii-alarma","15":"pa_funcii-bluetooth-smart","16":"pa_funcii-calendar","17":"pa_funcii-cronometru","18":"pa_funcii-rezerva-de-energie","19":"pa_funcii-timp-mondial","20":"pa_funcii-ziua-saptamanii","21":"pa_garatia-24-luni","22":"pa_korpus-auriu","23":"pa_material-otel-inoxidabil","24":"pa_mehanizm-baterie-solara","25":"pa_mehanizm-electronic","26":"pa_mehanizm-quartz","27":"pa_remeshok-auriu","28":"pa_steklo-cristal-mineral","29":"pa_strana-japonia","30":"pa_voda-20-atm","32":"first","33":"instock","34":"purchasable","35":"product-type-simple"},"acf":[],"_links":{"self":[{"href":"https:\/\/ceasuri.md\/ru\/wp-json\/wp\/v2\/product\/54669","targetHints":{"allow":["GET"]}}],"collection":[{"href":"https:\/\/ceasuri.md\/ru\/wp-json\/wp\/v2\/product"}],"about":[{"href":"https:\/\/ceasuri.md\/ru\/wp-json\/wp\/v2\/types\/product"}],"replies":[{"embeddable":true,"href":"https:\/\/ceasuri.md\/ru\/wp-json\/wp\/v2\/comments?post=54669"}],"wp:featuredmedia":[{"embeddable":true,"href":"https:\/\/ceasuri.md\/ru\/wp-json\/wp\/v2\/media\/54670"}],"wp:attachment":[{"href":"https:\/\/ceasuri.md\/ru\/wp-json\/wp\/v2\/media?parent=54669"}],"wp:term":[{"taxonomy":"product_brand","embeddable":true,"href":"https:\/\/ceasuri.md\/ru\/wp-json\/wp\/v2\/product_brand?post=54669"},{"taxonomy":"product_cat","embeddable":true,"href":"https:\/\/ceasuri.md\/ru\/wp-json\/wp\/v2\/product_cat?post=54669"},{"taxonomy":"product_tag","embeddable":true,"href":"https:\/\/ceasuri.md\/ru\/wp-json\/wp\/v2\/product_tag?post=54669"}],"curies":[{"name":"wp","href":"https:\/\/api.w.org\/{rel}","templated":true}]}}