{"id":54665,"date":"2026-04-03T00:11:57","date_gmt":"2026-04-02T21:11:57","guid":{"rendered":"http:\/\/new.ceasuri.md\/shop\/uncategorized\/casio-g-shock-gm-s2110-2aer\/"},"modified":"2026-04-17T14:52:44","modified_gmt":"2026-04-17T11:52:44","slug":"casio-g-shock-gm-s2110-2aer","status":"publish","type":"product","link":"https:\/\/ceasuri.md\/ru\/shop\/branduri\/casio\/casio-g-shock-gm-s2110-2aer\/","title":{"rendered":"Ceas CASIO G-SHOCK GM-S2110-2AER"},"content":{"rendered":"<p>Face\u021bi o declara\u021bie pur \u0219i simplu izbitoare cu GM-S2110 &#8211; ob\u021bine\u021bi forma octogonal\u0103 iconic\u0103, dar \u00eentr-o lunet\u0103 metalic\u0103 cu o \u00eentors\u0103tur\u0103 de culoare inteligent\u0103 \u0219i elegant\u0103.<br \/>\nCu un luneta superioar\u0103 \u0219i semnele indicelui mai sub\u021biri, precum \u0219i o br\u0103\u021bar\u0103 mai scurt\u0103, de 190 mm, dec\u00e2t GM-S2100, \u00eencheieturile mai sub\u021biri vor iubi potrivirea mai u\u0219oar\u0103 \u0219i mai confortabil\u0103 a GM-S2110.<br \/>\nR\u0103\u0219ina pe baz\u0103 biologic\u0103 este utilizat\u0103 \u00een componentele br\u0103\u021b\u0103rii. Produs folosind resurse organice regenerabile, se a\u0219teapt\u0103 ca acest material s\u0103 contribuie la reducerea impactului asupra mediului.<br \/>\nAlege\u021bi \u00eentre cadranul albastru, verde \u0219i roz a\u0219ezat pe o band\u0103 neagr\u0103 &#8211; un design care completeaz\u0103 bine stilurile reci \u0219i sofisticate.<\/p>","protected":false},"excerpt":{"rendered":"<p>Face\u021bi o declara\u021bie pur \u0219i simplu izbitoare cu GM-S2110 &#8211; ob\u021bine\u021bi forma octogonal\u0103 iconic\u0103, dar \u00eentr-o lunet\u0103 metalic\u0103 cu o \u00eentors\u0103tur\u0103 de culoare inteligent\u0103 \u0219i elegant\u0103. Cu un luneta superioar\u0103 \u0219i semnele indicelui mai sub\u021biri, precum \u0219i o br\u0103\u021bar\u0103 mai scurt\u0103, de 190 mm, dec\u00e2t GM-S2100, \u00eencheieturile mai sub\u021biri vor iubi potrivirea mai u\u0219oar\u0103 \u0219i [&hellip;]<\/p>\n","protected":false},"featured_media":54666,"comment_status":"closed","ping_status":"open","template":"","meta":{"_acf_changed":false},"product_brand":[],"product_cat":[27,25,419],"product_tag":[],"class_list":{"0":"post-54665","1":"product","2":"type-product","3":"status-publish","4":"has-post-thumbnail","6":"product_cat-casio","7":"product_cat-ceasuri-dama","8":"product_cat-g-shock","9":"pa_brand-casio","10":"pa_brand-g-shock","11":"pa_braslet-plastic","12":"pa_corpus-41-mm","13":"pa_forma-octogonala","14":"pa_funcii-alarma","15":"pa_funcii-calendar","16":"pa_funcii-cronometru","17":"pa_funcii-iluminare","18":"pa_funcii-timp-mondial","19":"pa_garatia-24-luni","20":"pa_korpus-argintiu","21":"pa_kvarc-quartz","22":"pa_material-otel-inoxidabil","23":"pa_material-plastic","24":"pa_mehanizm-electronic","25":"pa_mehanizm-quartz","26":"pa_remeshok-negru","27":"pa_steklo-cristal-mineral","28":"pa_strana-japonia","29":"pa_voda-20-atm","31":"first","32":"instock","33":"purchasable","34":"product-type-simple"},"acf":[],"_links":{"self":[{"href":"https:\/\/ceasuri.md\/ru\/wp-json\/wp\/v2\/product\/54665","targetHints":{"allow":["GET"]}}],"collection":[{"href":"https:\/\/ceasuri.md\/ru\/wp-json\/wp\/v2\/product"}],"about":[{"href":"https:\/\/ceasuri.md\/ru\/wp-json\/wp\/v2\/types\/product"}],"replies":[{"embeddable":true,"href":"https:\/\/ceasuri.md\/ru\/wp-json\/wp\/v2\/comments?post=54665"}],"wp:featuredmedia":[{"embeddable":true,"href":"https:\/\/ceasuri.md\/ru\/wp-json\/wp\/v2\/media\/54666"}],"wp:attachment":[{"href":"https:\/\/ceasuri.md\/ru\/wp-json\/wp\/v2\/media?parent=54665"}],"wp:term":[{"taxonomy":"product_brand","embeddable":true,"href":"https:\/\/ceasuri.md\/ru\/wp-json\/wp\/v2\/product_brand?post=54665"},{"taxonomy":"product_cat","embeddable":true,"href":"https:\/\/ceasuri.md\/ru\/wp-json\/wp\/v2\/product_cat?post=54665"},{"taxonomy":"product_tag","embeddable":true,"href":"https:\/\/ceasuri.md\/ru\/wp-json\/wp\/v2\/product_tag?post=54665"}],"curies":[{"name":"wp","href":"https:\/\/api.w.org\/{rel}","templated":true}]}}