{"id":54657,"date":"2026-04-03T00:11:57","date_gmt":"2026-04-02T21:11:57","guid":{"rendered":"http:\/\/new.ceasuri.md\/shop\/uncategorized\/casio-g-shock-gw-9500tlc-1er\/"},"modified":"2026-04-20T01:39:26","modified_gmt":"2026-04-19T22:39:26","slug":"casio-g-shock-gw-9500tlc-1er","status":"publish","type":"product","link":"https:\/\/ceasuri.md\/ru\/shop\/branduri\/casio\/casio-g-shock-gw-9500tlc-1er\/","title":{"rendered":"\u0427\u0430\u0441\u044b CASIO G-SHOCK GW-9500TLC-1ER"},"content":{"rendered":"<p>Casio \u0219i Toyota \u00ee\u0219i ad\u00e2ncesc \u0219i mai mult colaborarea unind Team Land Cruiser Toyota Auto Body (TLC) \u0219i G-SHOCK pentru o cooperare special\u0103.<br \/>\nAcest ceas este inspirat de MUDMAN, cunoscut pentru excelen\u021b\u0103 \u00een cele mai dure condi\u021bii, cu spiritul de provocare care define\u0219te TLC, un veteran al celei mai dure curse din lume, Raliul Dakar.<br \/>\nMUDMAN GW-9500, cu structura sa Carbon Core Guard, este un ceas mai mic, mai elegant, rezistent la praf \u0219i murd\u0103rie. De asemenea, are un afi\u0219aj LCD duplex, astfel \u00eenc\u00e2t s\u0103 ave\u021bi exact ceea ce v\u0103 trebuie pentru orice provocare.<br \/>\nCureaua de culoarea nisipului este conceput\u0103 pentru a surprinde senza\u021bia de curs\u0103 prin nisipul de\u0219ertului. Aceasta este imprimat\u0103 cu un model de stropi negri care aminte\u0219te de urmele l\u0103sate \u00een urm\u0103 de pilo\u021bi. Componentele lunetei din o\u021bel inoxidabil &#8211; prima pe modelul GW-9500 &#8211; sunt acoperite cu negru pentru un aspect ne\u00eenfricat care eman\u0103 at\u00e2t rezisten\u021b\u0103, c\u00e2t \u0219i lux practic.<br \/>\nAfi\u0219ajul LCD duplex ofer\u0103 un strat grafic separat al busolei pentru un afi\u0219aj mai mare al busolei digitale, facilit\u00e2nd navigarea c\u0103tre destina\u021bie \u00een caz de urgen\u021b\u0103. Calibrarea controlat\u0103 prin radio ofer\u0103 echipelor de timp precizia de care au nevoie pentru a reu\u0219i \u00een cele mai dificile condi\u021bii.<br \/>\nCulorile echipei TLC &#8211; albastru, alb \u0219i ro\u0219u &#8211; accentueaz\u0103 designul, iar logo-ul echipei de pe curea \u0219i de pe spatele carcasei adaug\u0103 ultimele retu\u0219uri unei colabor\u0103ri unice care onoreaz\u0103 aceste dou\u0103 echipe curajoase.<br \/>\nECHIPA LAND CRUISER TOYOTA AUTO BODY<br \/>\nEchipa corporativ\u0103 de la Toyota Auto Body, un produc\u0103tor de monovolume, vehicule comerciale \u0219i SUV-uri Toyota Group. \u00cen fiecare an din 1995, TLC a participat la Raliul Dakar, considerat cel mai extrem raliu din lume, cu Land Cruiser.<\/p>","protected":false},"excerpt":{"rendered":"<p>Casio \u0219i Toyota \u00ee\u0219i ad\u00e2ncesc \u0219i mai mult colaborarea unind Team Land Cruiser Toyota Auto Body (TLC) \u0219i G-SHOCK pentru o cooperare special\u0103. Acest ceas este inspirat de MUDMAN, cunoscut pentru excelen\u021b\u0103 \u00een cele mai dure condi\u021bii, cu spiritul de provocare care define\u0219te TLC, un veteran al celei mai dure curse din lume, Raliul Dakar. [&hellip;]<\/p>\n","protected":false},"featured_media":54658,"comment_status":"closed","ping_status":"open","template":"","meta":{"_acf_changed":false},"product_brand":[],"product_cat":[27,20,419],"product_tag":[],"class_list":{"0":"post-54657","1":"product","2":"type-product","3":"status-publish","4":"has-post-thumbnail","6":"product_cat-casio","7":"product_cat-ceasuri-barbati","8":"product_cat-g-shock","9":"pa_brand-casio","10":"pa_brand-g-shock","11":"pa_braslet-plastic","12":"pa_corpus-53-mm","13":"pa_forma-rotund","14":"pa_funcii-alarma","15":"pa_funcii-altimetru","16":"pa_funcii-barometru","17":"pa_funcii-busola","18":"pa_funcii-calendar","19":"pa_funcii-cronometru","20":"pa_funcii-iluminare","21":"pa_funcii-rezerva-de-energie","22":"pa_funcii-termometru","23":"pa_funcii-timp-mondial","24":"pa_garatia-24-luni","25":"pa_korpus-negru","26":"pa_kvarc-quartz","27":"pa_material-otel-inoxidabil","28":"pa_material-plastic","29":"pa_mehanizm-baterie-solara","30":"pa_mehanizm-electronic","31":"pa_remeshok-maro","32":"pa_steklo-cristal-mineral","33":"pa_strana-japonia","34":"pa_voda-20-atm","36":"first","37":"instock","38":"purchasable","39":"product-type-simple"},"acf":[],"_links":{"self":[{"href":"https:\/\/ceasuri.md\/ru\/wp-json\/wp\/v2\/product\/54657","targetHints":{"allow":["GET"]}}],"collection":[{"href":"https:\/\/ceasuri.md\/ru\/wp-json\/wp\/v2\/product"}],"about":[{"href":"https:\/\/ceasuri.md\/ru\/wp-json\/wp\/v2\/types\/product"}],"replies":[{"embeddable":true,"href":"https:\/\/ceasuri.md\/ru\/wp-json\/wp\/v2\/comments?post=54657"}],"wp:featuredmedia":[{"embeddable":true,"href":"https:\/\/ceasuri.md\/ru\/wp-json\/wp\/v2\/media\/54658"}],"wp:attachment":[{"href":"https:\/\/ceasuri.md\/ru\/wp-json\/wp\/v2\/media?parent=54657"}],"wp:term":[{"taxonomy":"product_brand","embeddable":true,"href":"https:\/\/ceasuri.md\/ru\/wp-json\/wp\/v2\/product_brand?post=54657"},{"taxonomy":"product_cat","embeddable":true,"href":"https:\/\/ceasuri.md\/ru\/wp-json\/wp\/v2\/product_cat?post=54657"},{"taxonomy":"product_tag","embeddable":true,"href":"https:\/\/ceasuri.md\/ru\/wp-json\/wp\/v2\/product_tag?post=54657"}],"curies":[{"name":"wp","href":"https:\/\/api.w.org\/{rel}","templated":true}]}}