{"id":54645,"date":"2026-04-03T00:11:57","date_gmt":"2026-04-02T21:11:57","guid":{"rendered":"http:\/\/new.ceasuri.md\/shop\/uncategorized\/casio-g-shock-mtg-b3000bd-1aer\/"},"modified":"2026-04-15T20:49:36","modified_gmt":"2026-04-15T17:49:36","slug":"casio-g-shock-mtg-b3000bd-1aer","status":"publish","type":"product","link":"https:\/\/ceasuri.md\/ru\/shop\/branduri\/casio\/casio-g-shock-mtg-b3000bd-1aer\/","title":{"rendered":"Ceas CASIO G-SHOCK MTG-B3000BD-1AER"},"content":{"rendered":"<p>Descoperi\u021bi o form\u0103 inovatoare de o mare frumuse\u021be structural\u0103, un ceas MT-G n\u0103scut dintr-un concept de design complet nou care combin\u0103 r\u0103\u0219ina utilizat\u0103 la primele modele G-SHOCK cu materiale metalice. Bine a\u021bi venit la un nivel cu totul nou de design structural sofisticat.<br \/>\nCu structura sa \u0219i mai avansat\u0103 Dual Core Guard, MTG-B3000 protejeaz\u0103 modulul \u00eentr-o carcas\u0103 din r\u0103\u0219in\u0103 ranforsat\u0103 cu carbon \u0219i \u00eenconjoar\u0103 exteriorul \u00een componente metalice. Presarea, t\u0103ierea \u0219i lustruirea repetat\u0103 construiesc spatele carcasei din o\u021bel inoxidabil \u00eentr-o form\u0103 3D complex\u0103. Spatele carcasei serve\u0219te, de asemenea, drept urechi pentru fixarea benzii \u0219i drept protec\u021bii pentru coroan\u0103 \u0219i butoane, pentru o structur\u0103 complet nou\u0103. Folosind tehnologia de montare de \u00eenalt\u0103 densitate, am dezvoltat un nou modul multifunc\u021bional mai sub\u021bire. Toate aceste modele \u0219i tehnologii inovatoare au creat un ceas mult mai sub\u021bire, m\u0103sur\u00e2nd doar 12,1 mm de la luneta la spatele carcasei.<br \/>\nInova\u021bia MT-G se extinde chiar \u0219i la br\u0103\u021bar\u0103. Noua structur\u0103 de schimb cu o singur\u0103 atingere elimin\u0103 nevoia de unelte speciale. Pur \u0219i simplu ap\u0103sa\u021bi butoanele situate pe ambele p\u0103r\u021bi ale urechilor pentru a schimba rapid \u0219i u\u0219or banda.<br \/>\nCristalul de safir cu transparen\u021b\u0103 ridicat\u0103, asociat cu turnarea delicat\u0103 \u0219i depunerea de vapori a tehnologiei de nano-procesare Yamagata Casio, adaug\u0103 nota final\u0103 de rafinament \u0219i calitate.<br \/>\nModelul MTG-B3000BD are o br\u0103\u021bar\u0103 compozit\u0103 stratificat\u0103 realizat\u0103 din segmente goale din o\u021bel inoxidabil care \u00eenglobeaz\u0103 p\u0103r\u021bi fine din r\u0103\u0219in\u0103 pentru o br\u0103\u021bar\u0103 mai u\u0219oar\u0103. Componentele metalice placate cu ioni aduc o not\u0103 de culoare proasp\u0103t\u0103 designului general negru \u0219ic.<br \/>\nAcest stil nou, inovator \u0219i rezistent ofer\u0103, de asemenea, func\u021bionalitate complet\u0103. Desc\u0103rca\u021bi aplica\u021bia CASIO WATCHES pentru a v\u0103 asocia cu smartphone-ul prin Bluetooth\u00ae. Cu Multi Band 6, sistemul de \u00eenc\u0103rcare Tough Solar \u0219i lumina LED de \u00eenalt\u0103 luminozitate, acest ceas v\u0103 men\u021bine la performan\u021be maxime, indiferent de aventurile dvs.<\/p>","protected":false},"excerpt":{"rendered":"<p>Descoperi\u021bi o form\u0103 inovatoare de o mare frumuse\u021be structural\u0103, un ceas MT-G n\u0103scut dintr-un concept de design complet nou care combin\u0103 r\u0103\u0219ina utilizat\u0103 la primele modele G-SHOCK cu materiale metalice. Bine a\u021bi venit la un nivel cu totul nou de design structural sofisticat. Cu structura sa \u0219i mai avansat\u0103 Dual Core Guard, MTG-B3000 protejeaz\u0103 modulul [&hellip;]<\/p>\n","protected":false},"featured_media":54646,"comment_status":"closed","ping_status":"open","template":"","meta":{"_acf_changed":false},"product_brand":[],"product_cat":[27,20,419],"product_tag":[],"class_list":{"0":"post-54645","1":"product","2":"type-product","3":"status-publish","4":"has-post-thumbnail","6":"product_cat-casio","7":"product_cat-ceasuri-barbati","8":"product_cat-g-shock","9":"pa_brand-casio","10":"pa_brand-g-shock","11":"pa_braslet-otel-inoxidabil","12":"pa_braslet-plastic","13":"pa_corpus-51-mm","14":"pa_forma-rotund","15":"pa_funcii-alarma","16":"pa_funcii-bluetooth-smart","17":"pa_funcii-calendar","18":"pa_funcii-cronograf","19":"pa_funcii-data","20":"pa_funcii-dual-time","21":"pa_funcii-iluminare","22":"pa_funcii-rezerva-de-energie","23":"pa_funcii-ziua-saptamanii","24":"pa_garatia-24-luni","25":"pa_korpus-negru","26":"pa_kvarc-quartz","27":"pa_material-otel-inoxidabil","28":"pa_material-plastic","29":"pa_mehanizm-baterie-solara","30":"pa_mehanizm-quartz","31":"pa_remeshok-negru","32":"pa_remeshok-violet","33":"pa_steklo-cristal-safir","34":"pa_strana-japonia","35":"pa_voda-20-atm","37":"first","38":"instock","39":"purchasable","40":"product-type-simple"},"acf":[],"_links":{"self":[{"href":"https:\/\/ceasuri.md\/ru\/wp-json\/wp\/v2\/product\/54645","targetHints":{"allow":["GET"]}}],"collection":[{"href":"https:\/\/ceasuri.md\/ru\/wp-json\/wp\/v2\/product"}],"about":[{"href":"https:\/\/ceasuri.md\/ru\/wp-json\/wp\/v2\/types\/product"}],"replies":[{"embeddable":true,"href":"https:\/\/ceasuri.md\/ru\/wp-json\/wp\/v2\/comments?post=54645"}],"wp:featuredmedia":[{"embeddable":true,"href":"https:\/\/ceasuri.md\/ru\/wp-json\/wp\/v2\/media\/54646"}],"wp:attachment":[{"href":"https:\/\/ceasuri.md\/ru\/wp-json\/wp\/v2\/media?parent=54645"}],"wp:term":[{"taxonomy":"product_brand","embeddable":true,"href":"https:\/\/ceasuri.md\/ru\/wp-json\/wp\/v2\/product_brand?post=54645"},{"taxonomy":"product_cat","embeddable":true,"href":"https:\/\/ceasuri.md\/ru\/wp-json\/wp\/v2\/product_cat?post=54645"},{"taxonomy":"product_tag","embeddable":true,"href":"https:\/\/ceasuri.md\/ru\/wp-json\/wp\/v2\/product_tag?post=54645"}],"curies":[{"name":"wp","href":"https:\/\/api.w.org\/{rel}","templated":true}]}}