{"id":54638,"date":"2026-04-03T00:11:57","date_gmt":"2026-04-02T21:11:57","guid":{"rendered":"http:\/\/new.ceasuri.md\/shop\/uncategorized\/casio-g-shock-mtg-b3000fr-1aer\/"},"modified":"2026-04-20T01:39:27","modified_gmt":"2026-04-19T22:39:27","slug":"casio-g-shock-mtg-b3000fr-1aer","status":"publish","type":"product","link":"https:\/\/ceasuri.md\/ru\/shop\/branduri\/casio\/casio-g-shock-mtg-b3000fr-1aer\/","title":{"rendered":"\u0427\u0430\u0441\u044b CASIO G-SHOCK MTG-B3000FR-1AER"},"content":{"rendered":"<p>V\u0103 prezent\u0103m ceasul G-SHOCK 40th Anniversary Flare Red &#8211; o erup\u021bie de culori aprinse \u00een edi\u021bie limitat\u0103 care s\u0103rb\u0103tore\u0219te cea de-a 40-a aniversare a debutului G-SHOCK din 1983.<br \/>\nInspirate de puterea intens\u0103 a erup\u021biei solare, ambele radiaz\u0103 negru \u0219i ro\u0219u marca G-SHOCK, oferind cele mai bune tehnologii noi de la Casio.<br \/>\nUn luneta multicolor\u0103 cu inser\u021bie de carbon, realizat\u0103 din straturi de foi de fibr\u0103 de carbon \u0219i sticl\u0103 care con\u021bin particule fosforescente, evoc\u0103 puterea exploziv\u0103 masiv\u0103 a suprafe\u021bei soarelui, d\u00e2nd na\u0219tere unui ceas care radiaz\u0103 cu frumuse\u021bea str\u0103lucirii \u00een \u00eentuneric. Componentele lunetei cu model individual \u0219i unic au ca rezultat ceasuri u\u0219oare cu adev\u0103rat unice, de o rezisten\u021b\u0103 robust\u0103.<br \/>\nPrezint\u0103 un model de erup\u021bie solar\u0103 imprimat pe cadran, precum \u0219i un logo proiectat de Eric Haze care comemoreaz\u0103 cea de-a 40-a aniversare a G-SHOCK gravat pe spatele carcasei \u0219i patru stele pentru 40 gravate pe bucla br\u0103\u021b\u0103rii.<br \/>\nAceste ceasuri meticulos de frumoase \u0219i cu un impact unic sunt ideale pentru a da startul celebr\u0103rii celei de-a 40-a anivers\u0103ri G-SHOCK.<\/p>","protected":false},"excerpt":{"rendered":"<p>V\u0103 prezent\u0103m ceasul G-SHOCK 40th Anniversary Flare Red &#8211; o erup\u021bie de culori aprinse \u00een edi\u021bie limitat\u0103 care s\u0103rb\u0103tore\u0219te cea de-a 40-a aniversare a debutului G-SHOCK din 1983. Inspirate de puterea intens\u0103 a erup\u021biei solare, ambele radiaz\u0103 negru \u0219i ro\u0219u marca G-SHOCK, oferind cele mai bune tehnologii noi de la Casio. Un luneta multicolor\u0103 cu [&hellip;]<\/p>\n","protected":false},"featured_media":54639,"comment_status":"closed","ping_status":"open","template":"","meta":{"_acf_changed":false},"product_brand":[],"product_cat":[27,20,419,205],"product_tag":[],"class_list":{"0":"post-54638","1":"product","2":"type-product","3":"status-publish","4":"has-post-thumbnail","6":"product_cat-casio","7":"product_cat-ceasuri-barbati","8":"product_cat-g-shock","9":"product_cat-limited-edition","10":"pa_brand-casio","11":"pa_brand-g-shock","12":"pa_braslet-plastic","13":"pa_corpus-51-mm","14":"pa_forma-rotund","15":"pa_funcii-alarma","16":"pa_funcii-bluetooth-smart","17":"pa_funcii-calendar","18":"pa_funcii-cronograf","19":"pa_funcii-data","20":"pa_funcii-dual-time","21":"pa_funcii-iluminare","22":"pa_funcii-limited-edition","23":"pa_funcii-rezerva-de-energie","24":"pa_funcii-special-edition","25":"pa_funcii-ziua-saptamanii","26":"pa_garatia-24-luni","27":"pa_korpus-multicolor","28":"pa_kvarc-quartz","29":"pa_material-carbon","30":"pa_material-otel-inoxidabil","31":"pa_mehanizm-baterie-solara","32":"pa_mehanizm-quartz","33":"pa_remeshok-negru","34":"pa_steklo-cristal-safir","35":"pa_strana-japonia","36":"pa_voda-20-atm","38":"first","39":"instock","40":"purchasable","41":"product-type-simple"},"acf":[],"_links":{"self":[{"href":"https:\/\/ceasuri.md\/ru\/wp-json\/wp\/v2\/product\/54638","targetHints":{"allow":["GET"]}}],"collection":[{"href":"https:\/\/ceasuri.md\/ru\/wp-json\/wp\/v2\/product"}],"about":[{"href":"https:\/\/ceasuri.md\/ru\/wp-json\/wp\/v2\/types\/product"}],"replies":[{"embeddable":true,"href":"https:\/\/ceasuri.md\/ru\/wp-json\/wp\/v2\/comments?post=54638"}],"wp:featuredmedia":[{"embeddable":true,"href":"https:\/\/ceasuri.md\/ru\/wp-json\/wp\/v2\/media\/54639"}],"wp:attachment":[{"href":"https:\/\/ceasuri.md\/ru\/wp-json\/wp\/v2\/media?parent=54638"}],"wp:term":[{"taxonomy":"product_brand","embeddable":true,"href":"https:\/\/ceasuri.md\/ru\/wp-json\/wp\/v2\/product_brand?post=54638"},{"taxonomy":"product_cat","embeddable":true,"href":"https:\/\/ceasuri.md\/ru\/wp-json\/wp\/v2\/product_cat?post=54638"},{"taxonomy":"product_tag","embeddable":true,"href":"https:\/\/ceasuri.md\/ru\/wp-json\/wp\/v2\/product_tag?post=54638"}],"curies":[{"name":"wp","href":"https:\/\/api.w.org\/{rel}","templated":true}]}}