{"id":54617,"date":"2026-04-03T00:11:57","date_gmt":"2026-04-02T21:11:57","guid":{"rendered":"http:\/\/new.ceasuri.md\/shop\/uncategorized\/casio-pro-trek-prj-b001-1er\/"},"modified":"2026-04-07T04:49:00","modified_gmt":"2026-04-07T01:49:00","slug":"casio-pro-trek-prj-b001-1er","status":"publish","type":"product","link":"https:\/\/ceasuri.md\/ru\/shop\/branduri\/casio\/casio-pro-trek-prj-b001-1er\/","title":{"rendered":"Ceas CASIO PRO TREK PRJ-B001-1ER"},"content":{"rendered":"<p>\u00cendr\u0103zni\u021bi s\u0103 \u00eencerca\u021bi ceva nou &#8211; cu cel mai u\u0219or PRO TREK de p\u00e2n\u0103 acum &#8211; partenerul dvs. perfect pentru drume\u021bii lungi \u0219i excursii solicitante.<br \/>\nPRJ-B001 are primul luneta de protec\u021bie rotativ\u0103 din seria PRO TREK. Roti\u021bi luneta pentru a comuta \u00eentre dou\u0103 stiluri diferite. Designul elegant \u0219i unghiular completeaz\u0103 \u021binuta dvs. de zi cu zi \u0219i acoper\u0103 butoanele pentru a preveni ap\u0103s\u0103rile accidentale, indiferent dac\u0103 sunte\u021bi la plimbare sau prin ora\u0219. Roti\u021bi luneta la 45 de grade \u0219i ave\u021bi acces la butoane \u0219i func\u021bii, ideal pentru drume\u021bii sau antrenament.<br \/>\nCureaua moale din uretan asigur\u0103 un confort f\u0103r\u0103 stres &#8211; chiar \u0219i la drume\u021bii lungi.<br \/>\nCulorile antracit se potrivesc perfect cu natura. Acest ceas este accesoriul perfect pentru \u021binuta dvs. \u00een aer liber.<br \/>\nPrincipalele componente din r\u0103\u0219in\u0103 din carcas\u0103, br\u0103\u021bar\u0103 \u0219i alte piese sunt fabricate din r\u0103\u0219in\u0103 pe baz\u0103 biologic\u0103 pentru a reduce impactul asupra mediului.<br \/>\nAcest ceas ofer\u0103 mult mai mult dec\u00e2t stil \u0219i u\u0219urin\u021b\u0103 \u00een utilizare. Dispune de \u00eenc\u0103rcare Tough Solar \u0219i Bluetooth\u00ae pentru a se asocia cu smartphone-ul. O singur\u0103 ap\u0103sare de buton \u0219i data, ora \u0219i loca\u021bia sunt \u00eenregistrate pe o hart\u0103 \u00een aplica\u021bie. Astfel, v\u0103 pute\u021bi \u00eenregistra cu u\u0219urin\u021b\u0103 activit\u0103\u021bile.<br \/>\nAminti\u021bi-v\u0103 locurile minunate pe care le-a\u021bi vizitat \u0219i nota\u021bi locurile pe care a\u021bi dori s\u0103 le vizita\u021bi din nou. Cel mai u\u0219or PRO TREK de p\u00e2n\u0103 acum v\u0103 ofer\u0103 posibilit\u0103\u021bi complet noi pentru numeroase activit\u0103\u021bi \u00een aer liber.<\/p>","protected":false},"excerpt":{"rendered":"<p>\u00cendr\u0103zni\u021bi s\u0103 \u00eencerca\u021bi ceva nou &#8211; cu cel mai u\u0219or PRO TREK de p\u00e2n\u0103 acum &#8211; partenerul dvs. perfect pentru drume\u021bii lungi \u0219i excursii solicitante. PRJ-B001 are primul luneta de protec\u021bie rotativ\u0103 din seria PRO TREK. Roti\u021bi luneta pentru a comuta \u00eentre dou\u0103 stiluri diferite. Designul elegant \u0219i unghiular completeaz\u0103 \u021binuta dvs. de zi cu [&hellip;]<\/p>\n","protected":false},"featured_media":54618,"comment_status":"closed","ping_status":"open","template":"","meta":{"_acf_changed":false},"product_brand":[],"product_cat":[27,571,20],"product_tag":[],"class_list":{"0":"post-54617","1":"product","2":"type-product","3":"status-publish","4":"has-post-thumbnail","6":"product_cat-casio","7":"product_cat-casio-protrek","8":"product_cat-ceasuri-barbati","9":"pa_brand-casio","10":"pa_brand-casio-protrek","11":"pa_braslet-plastic","12":"pa_corpus-46-mm","13":"pa_forma-octogonala","14":"pa_funcii-alarma","15":"pa_funcii-bluetooth-smart","16":"pa_funcii-calendar","17":"pa_funcii-cronometru","18":"pa_funcii-iluminare","19":"pa_funcii-rezerva-de-energie","20":"pa_funcii-timp-mondial","21":"pa_garatia-24-luni","22":"pa_korpus-gri","23":"pa_material-plastic","24":"pa_mehanizm-baterie-solara","25":"pa_mehanizm-electronic","26":"pa_mehanizm-quartz","27":"pa_remeshok-gri","28":"pa_steklo-cristal-mineral","29":"pa_strana-japonia","30":"pa_voda-10-atm","32":"first","33":"instock","34":"purchasable","35":"product-type-simple"},"acf":[],"_links":{"self":[{"href":"https:\/\/ceasuri.md\/ru\/wp-json\/wp\/v2\/product\/54617","targetHints":{"allow":["GET"]}}],"collection":[{"href":"https:\/\/ceasuri.md\/ru\/wp-json\/wp\/v2\/product"}],"about":[{"href":"https:\/\/ceasuri.md\/ru\/wp-json\/wp\/v2\/types\/product"}],"replies":[{"embeddable":true,"href":"https:\/\/ceasuri.md\/ru\/wp-json\/wp\/v2\/comments?post=54617"}],"wp:featuredmedia":[{"embeddable":true,"href":"https:\/\/ceasuri.md\/ru\/wp-json\/wp\/v2\/media\/54618"}],"wp:attachment":[{"href":"https:\/\/ceasuri.md\/ru\/wp-json\/wp\/v2\/media?parent=54617"}],"wp:term":[{"taxonomy":"product_brand","embeddable":true,"href":"https:\/\/ceasuri.md\/ru\/wp-json\/wp\/v2\/product_brand?post=54617"},{"taxonomy":"product_cat","embeddable":true,"href":"https:\/\/ceasuri.md\/ru\/wp-json\/wp\/v2\/product_cat?post=54617"},{"taxonomy":"product_tag","embeddable":true,"href":"https:\/\/ceasuri.md\/ru\/wp-json\/wp\/v2\/product_tag?post=54617"}],"curies":[{"name":"wp","href":"https:\/\/api.w.org\/{rel}","templated":true}]}}