{"id":54614,"date":"2026-04-03T00:11:57","date_gmt":"2026-04-02T21:11:57","guid":{"rendered":"http:\/\/new.ceasuri.md\/shop\/uncategorized\/casio-sheen-she-3517pgl-9auef\/"},"modified":"2026-04-07T04:48:58","modified_gmt":"2026-04-07T01:48:58","slug":"casio-sheen-she-3517pgl-9auef","status":"publish","type":"product","link":"https:\/\/ceasuri.md\/ru\/shop\/branduri\/casio\/casio-sheen-she-3517pgl-9auef\/","title":{"rendered":"Ceas CASIO SHEEN SHE-3517PGL-9AUEF"},"content":{"rendered":"<p>Un ceas elegant str\u0103lucitor \u0219i str\u0103lucitor cu mai multe cadrane analogice care ofer\u0103 o func\u021bionalitate rafinat\u0103. Designul splendid cu indici \u0219i luneta decorate cu cristale confer\u0103 ceasului o str\u0103lucire deosebit de izbitoare. Cu un cristal de safir rezistent la zg\u00e2rieturi \u0219i rezisten\u021b\u0103 la ap\u0103 p\u00e2n\u0103 la 50 de metri, acest ceas cu curea de o\u021bel este un accesoriu elegant care ofer\u0103 \u00een plus un caracter practic excep\u021bional. Alege\u021bi \u0219i r\u0103m\u00e2ne\u021bi \u00een tendin\u021be, fie c\u0103 sunte\u021bi la serviciu sau la o petrecere. Carcas\u0103 rotund\u0103 din o\u021bel cu cristal safir. Cadran cu indicatoare de bord decorate cu cristal. Format orar de 12 \u0219i 24 de ore, dat\u0103 \u0219i ziua s\u0103pt\u0103m\u00e2nii afi\u0219ate pe cadrane separate.<\/p>","protected":false},"excerpt":{"rendered":"<p>Un ceas elegant str\u0103lucitor \u0219i str\u0103lucitor cu mai multe cadrane analogice care ofer\u0103 o func\u021bionalitate rafinat\u0103. Designul splendid cu indici \u0219i luneta decorate cu cristale confer\u0103 ceasului o str\u0103lucire deosebit de izbitoare. Cu un cristal de safir rezistent la zg\u00e2rieturi \u0219i rezisten\u021b\u0103 la ap\u0103 p\u00e2n\u0103 la 50 de metri, acest ceas cu curea de o\u021bel [&hellip;]<\/p>\n","protected":false},"featured_media":54615,"comment_status":"closed","ping_status":"open","template":"","meta":{"_acf_changed":false},"product_brand":[],"product_cat":[27,574,25],"product_tag":[],"class_list":{"0":"post-54614","1":"product","2":"type-product","3":"status-publish","4":"has-post-thumbnail","6":"product_cat-casio","7":"product_cat-casio-sheen","8":"product_cat-ceasuri-dama","9":"pa_brand-casio","10":"pa_brand-casio-sheen","11":"pa_braslet-piele","12":"pa_corpus-35-mm","13":"pa_decor-cristale-swarowski","14":"pa_forma-rotund","15":"pa_funcii-data","16":"pa_funcii-ziua-saptamanii","17":"pa_garatia-24-luni","18":"pa_korpus-roz-gold","19":"pa_material-otel-inoxidabil","20":"pa_mehanizm-quartz","21":"pa_remeshok-gri","22":"pa_steklo-cristal-safir","23":"pa_strana-japonia","24":"pa_voda-5-atm","26":"first","27":"instock","28":"purchasable","29":"product-type-simple"},"acf":[],"_links":{"self":[{"href":"https:\/\/ceasuri.md\/ru\/wp-json\/wp\/v2\/product\/54614","targetHints":{"allow":["GET"]}}],"collection":[{"href":"https:\/\/ceasuri.md\/ru\/wp-json\/wp\/v2\/product"}],"about":[{"href":"https:\/\/ceasuri.md\/ru\/wp-json\/wp\/v2\/types\/product"}],"replies":[{"embeddable":true,"href":"https:\/\/ceasuri.md\/ru\/wp-json\/wp\/v2\/comments?post=54614"}],"wp:featuredmedia":[{"embeddable":true,"href":"https:\/\/ceasuri.md\/ru\/wp-json\/wp\/v2\/media\/54615"}],"wp:attachment":[{"href":"https:\/\/ceasuri.md\/ru\/wp-json\/wp\/v2\/media?parent=54614"}],"wp:term":[{"taxonomy":"product_brand","embeddable":true,"href":"https:\/\/ceasuri.md\/ru\/wp-json\/wp\/v2\/product_brand?post=54614"},{"taxonomy":"product_cat","embeddable":true,"href":"https:\/\/ceasuri.md\/ru\/wp-json\/wp\/v2\/product_cat?post=54614"},{"taxonomy":"product_tag","embeddable":true,"href":"https:\/\/ceasuri.md\/ru\/wp-json\/wp\/v2\/product_tag?post=54614"}],"curies":[{"name":"wp","href":"https:\/\/api.w.org\/{rel}","templated":true}]}}