{"id":54610,"date":"2026-04-03T00:11:57","date_gmt":"2026-04-02T21:11:57","guid":{"rendered":"http:\/\/new.ceasuri.md\/shop\/uncategorized\/saint-honore-pix-worldcode-6508-2g\/"},"modified":"2026-04-16T21:28:13","modified_gmt":"2026-04-16T18:28:13","slug":"saint-honore-pix-worldcode-6508-2g","status":"publish","type":"product","link":"https:\/\/ceasuri.md\/ru\/shop\/accesorii\/accesorii-dama\/stilouri-accesorii-dama\/saint-honore-pix-worldcode-6508-2g\/","title":{"rendered":"SAINT HONORE PIX WORLDCODE 6508 2G"},"content":{"rendered":"<p>De mai bine de un secol, SAINT HONORE creeaz\u0103 colec\u021bii cu un design luxos \u0219i este \u00eentruchiparea faimosului \u201estil parizian\u201d. Cunosc\u0103torii de design \u0219i art\u0103 contemporan\u0103 au ajuns s\u0103 aprecieze expertiza orologer\u0103 de neegalat a m\u0103rcii. Calitatea elve\u021bian\u0103 \u00eenalt\u0103, pasiunea pentru ceasuri, materialele de calitate \u0219i solu\u021biile moderne \u00eendr\u0103zne\u021be sunt reflectate \u00een ceasurile \u0219i accesoriile Saint Honore.<br \/>\nLocul de na\u0219tere al industriei elve\u021biene de ceasuri este locul \u00een care sunt produse \u0219i asamblate toate modelele m\u0103rcii, \u00een Mun\u021bii Jura, la propriile facilit\u0103\u021bi SAINT HONORE. Cantonul Jura a \u00eemp\u0103r\u021bit grani\u021bele Fran\u021bei \u0219i Elve\u021biei \u00eenc\u0103 din secolul al XIX-lea. Din 1885, SAINT HONORE combin\u0103 elegan\u021ba atemporal\u0103 a Fran\u021bei cu calitatea de neegalat a Elve\u021biei \u00een produsele sale fine.<br \/>\nPixurile Saint Honore sunt cunoscute pentru calitatea lor \u00eenalt\u0103 \u0219i designul elegant. Fiecare este un sofisticat care le confer\u0103 un aspect luxos. Fiecare detaliu este meticulos proiectat \u0219i realizat folosind materiale de \u00eenalt\u0103 calitate.<br \/>\nPixuri au o curs\u0103 lin\u0103 \u0219i ofer\u0103 o experien\u021b\u0103 de scriere confortabil\u0103. Pixurile de la acest brand sunt cunoscute \u0219i pentru fiabilitatea \u0219i durabilitatea lor. Acestea sunt potrivite at\u00e2t pentru utilizarea \u00een afaceri, c\u00e2t \u0219i pentru scrisul de zi cu zi.<br \/>\n\u00cen plus, pixurile Saint Honore pot fi un cadou excelent pentru cunosc\u0103torii de accesorii de calitate sau pur \u0219i simplu pentru cei care apreciaz\u0103 designul rafinat. Fiecare stilou Saint Honore va deveni un accesoriu elegant care va completa imaginea proprietarului s\u0103u \u0219i \u00eei va sublinia individualitatea.<\/p>","protected":false},"excerpt":{"rendered":"<p>De mai bine de un secol, SAINT HONORE creeaz\u0103 colec\u021bii cu un design luxos \u0219i este \u00eentruchiparea faimosului \u201estil parizian\u201d. Cunosc\u0103torii de design \u0219i art\u0103 contemporan\u0103 au ajuns s\u0103 aprecieze expertiza orologer\u0103 de neegalat a m\u0103rcii. Calitatea elve\u021bian\u0103 \u00eenalt\u0103, pasiunea pentru ceasuri, materialele de calitate \u0219i solu\u021biile moderne \u00eendr\u0103zne\u021be sunt reflectate \u00een ceasurile \u0219i accesoriile [&hellip;]<\/p>\n","protected":false},"featured_media":54611,"comment_status":"closed","ping_status":"open","template":"","meta":{"_acf_changed":false},"product_brand":[],"product_cat":[631,630,629],"product_tag":[],"class_list":{"0":"post-54610","1":"product","2":"type-product","3":"status-publish","4":"has-post-thumbnail","6":"product_cat-saint-honore","7":"product_cat-stilouri-accesorii-dama","8":"product_cat-stilouri","9":"pa_brand-saint-honore","10":"pa_korpus-argintiu","11":"pa_korpus-gri","12":"pa_material-alama","13":"pa_strana-franta","15":"first","16":"instock","17":"purchasable","18":"product-type-simple"},"acf":[],"_links":{"self":[{"href":"https:\/\/ceasuri.md\/ru\/wp-json\/wp\/v2\/product\/54610","targetHints":{"allow":["GET"]}}],"collection":[{"href":"https:\/\/ceasuri.md\/ru\/wp-json\/wp\/v2\/product"}],"about":[{"href":"https:\/\/ceasuri.md\/ru\/wp-json\/wp\/v2\/types\/product"}],"replies":[{"embeddable":true,"href":"https:\/\/ceasuri.md\/ru\/wp-json\/wp\/v2\/comments?post=54610"}],"wp:featuredmedia":[{"embeddable":true,"href":"https:\/\/ceasuri.md\/ru\/wp-json\/wp\/v2\/media\/54611"}],"wp:attachment":[{"href":"https:\/\/ceasuri.md\/ru\/wp-json\/wp\/v2\/media?parent=54610"}],"wp:term":[{"taxonomy":"product_brand","embeddable":true,"href":"https:\/\/ceasuri.md\/ru\/wp-json\/wp\/v2\/product_brand?post=54610"},{"taxonomy":"product_cat","embeddable":true,"href":"https:\/\/ceasuri.md\/ru\/wp-json\/wp\/v2\/product_cat?post=54610"},{"taxonomy":"product_tag","embeddable":true,"href":"https:\/\/ceasuri.md\/ru\/wp-json\/wp\/v2\/product_tag?post=54610"}],"curies":[{"name":"wp","href":"https:\/\/api.w.org\/{rel}","templated":true}]}}