{"id":54559,"date":"2026-04-03T00:11:04","date_gmt":"2026-04-02T21:11:04","guid":{"rendered":"http:\/\/new.ceasuri.md\/shop\/uncategorized\/orient-classic-bambino-ra-ac0m09e30b\/"},"modified":"2026-04-17T14:52:18","modified_gmt":"2026-04-17T11:52:18","slug":"orient-classic-bambino-ra-ac0m09e30b","status":"publish","type":"product","link":"https:\/\/ceasuri.md\/ru\/shop\/branduri\/orient\/orient-classic-bambino-ra-ac0m09e30b\/","title":{"rendered":"Ceas ORIENT CLASSIC BAMBINO RA-AC0M09E30B"},"content":{"rendered":"<p>Orient Bambino este o serie popular\u0103 care a fost un bestseller \u00een \u00eentreaga lume, reprezent\u00e2nd tot ceea ce este Orient. Seria este cunoscut\u0103 pentru cadranul s\u0103u clasic tradi\u021bional, un geam bombat cu un aspect retro \u0219i un design delicat al carcasei, cu anse sub\u021biri.<\/p>\n<p>Noile modele Orient Bambino au carcasa de 38 mm pentru o potrivire mai confortabil\u0103, combinat\u0103 cu culori r\u0103coritoare ale cadranului, potrivite pentru orice ocazie, \u0219i o br\u0103\u021bar\u0103 metalic\u0103 simpl\u0103 cu 3 verigi. Noile culori, cum ar fi verde iarb\u0103, albastru deschis \u0219i cupru, sunt combinate cu un finisaj subtil Sunburst \u0219i un strat mat, conferind modelelor o c\u0103ldur\u0103 unic\u0103, bl\u00e2nd\u0103 \u0219i un sentiment de echilibru.<\/p>\n<p>Cu cadrane r\u0103coritoare, un afi\u0219aj simplu format din doar trei m\u00e2ini, data \u0219i o carcas\u0103 compact\u0103 pentru confort, Orient Bambino poate fi purtat \u00een fiecare zi sau ca o pies\u0103 statement.<\/p>\n<p>Noile modele sunt propulsate de un calibru intern automat (cu \u00eenf\u0103\u0219urare manual\u0103) F6724 \u0219i vin cu indicatoare de or\u0103 \u0219i dat\u0103. Precizia stabil\u0103 care variaz\u0103 \u00eentre +25 secunde \u0219i -15 secunde pe zi, \u00eempreun\u0103 cu o rezerv\u0103 de putere de 40 de ore, le fac ideale pentru utilizarea zilnic\u0103.pentru utilizarea zilnic\u0103.<\/p>","protected":false},"excerpt":{"rendered":"<p>Orient Bambino este o serie popular\u0103 care a fost un bestseller \u00een \u00eentreaga lume, reprezent\u00e2nd tot ceea ce este Orient. Seria este cunoscut\u0103 pentru cadranul s\u0103u clasic tradi\u021bional, un geam bombat cu un aspect retro \u0219i un design delicat al carcasei, cu anse sub\u021biri. Noile modele Orient Bambino au carcasa de 38 mm pentru o [&hellip;]<\/p>\n","protected":false},"featured_media":54560,"comment_status":"closed","ping_status":"open","template":"","meta":{"_acf_changed":false},"product_brand":[],"product_cat":[20,596],"product_tag":[],"class_list":{"0":"post-54559","1":"product","2":"type-product","3":"status-publish","4":"has-post-thumbnail","6":"product_cat-ceasuri-barbati","7":"product_cat-orient","8":"pa_brand-orient","9":"pa_braslet-otel-inoxidabil","10":"pa_corpus-38-mm","11":"pa_forma-rotund","12":"pa_funcii-data","13":"pa_garatia-24-luni","14":"pa_korpus-argintiu","15":"pa_material-otel-inoxidabil","16":"pa_mehanizm-mecanic","17":"pa_mehanizm-mecanism-automatic","18":"pa_remeshok-argintiu","19":"pa_steklo-cristal-mineral","20":"pa_strana-japonia","21":"pa_voda-3-atm","23":"first","24":"instock","25":"purchasable","26":"product-type-simple"},"acf":[],"_links":{"self":[{"href":"https:\/\/ceasuri.md\/ru\/wp-json\/wp\/v2\/product\/54559","targetHints":{"allow":["GET"]}}],"collection":[{"href":"https:\/\/ceasuri.md\/ru\/wp-json\/wp\/v2\/product"}],"about":[{"href":"https:\/\/ceasuri.md\/ru\/wp-json\/wp\/v2\/types\/product"}],"replies":[{"embeddable":true,"href":"https:\/\/ceasuri.md\/ru\/wp-json\/wp\/v2\/comments?post=54559"}],"wp:featuredmedia":[{"embeddable":true,"href":"https:\/\/ceasuri.md\/ru\/wp-json\/wp\/v2\/media\/54560"}],"wp:attachment":[{"href":"https:\/\/ceasuri.md\/ru\/wp-json\/wp\/v2\/media?parent=54559"}],"wp:term":[{"taxonomy":"product_brand","embeddable":true,"href":"https:\/\/ceasuri.md\/ru\/wp-json\/wp\/v2\/product_brand?post=54559"},{"taxonomy":"product_cat","embeddable":true,"href":"https:\/\/ceasuri.md\/ru\/wp-json\/wp\/v2\/product_cat?post=54559"},{"taxonomy":"product_tag","embeddable":true,"href":"https:\/\/ceasuri.md\/ru\/wp-json\/wp\/v2\/product_tag?post=54559"}],"curies":[{"name":"wp","href":"https:\/\/api.w.org\/{rel}","templated":true}]}}