{"id":54536,"date":"2026-04-03T00:11:04","date_gmt":"2026-04-02T21:11:04","guid":{"rendered":"http:\/\/new.ceasuri.md\/shop\/uncategorized\/orient-sports-mako-chronograph-solar-ra-tx0207r10b\/"},"modified":"2026-04-20T01:36:45","modified_gmt":"2026-04-19T22:36:45","slug":"orient-sports-mako-chronograph-solar-ra-tx0207r10b","status":"publish","type":"product","link":"https:\/\/ceasuri.md\/ru\/shop\/branduri\/orient\/orient-sports-mako-chronograph-solar-ra-tx0207r10b\/","title":{"rendered":"\u0427\u0430\u0441\u044b ORIENT SPORTS MAKO CHRONOGRAPH SOLAR RA-TX0207R10B"},"content":{"rendered":"<p>Modelele Orient pentru scafandri reprezint\u0103 o parte important\u0103 din istoria Orient \u0219i \u00eentruchipeaz\u0103 tot ceea ce brandul a reprezentat de la introducerea sa \u00een anii 1960. Aceast\u0103 serie de ceasuri are o pictogram\u0103 a delfinului gravat\u0103 pe spatele carcasei \u0219i este afectuos cunoscut\u0103 sub numele de Orient Mako. De la introducerea sa \u00een 2004, acest model a fost lansat \u00eentr-o varietate de culori \u0219i detalii ale cadranului. Din aprilie 2023, pe l\u00e2ng\u0103 ceasurile mecanice existente, modelele de cronograf cu energie solar\u0103 au fost ad\u0103ugate la gam\u0103. Acestea func\u021bioneaz\u0103 prin conversia energiei luminii solare \u0219i a altor surse de lumin\u0103 \u00een energie electric\u0103, astfel \u00eenc\u00e2t bateriile nu trebuie schimbate \u00een mod regulat. Acest lucru le face potrivite pentru utilizarea de zi cu zi \u0219i pentru activit\u0103\u021bile \u00een aer liber atunci c\u00e2nd func\u021bia de cronograf este activat\u0103.<br \/>\nModelul este ideal at\u00e2t pentru pasiona\u021bii \u0219i colec\u021bionarii recunoscu\u021bi, c\u00e2t \u0219i pentru utilizatorii obi\u0219nui\u021bi care doresc s\u0103 se bucure zilnic de designul ceasului de scafandru.  Echipat cu un panou solar la \u00eendem\u00e2n\u0103, acesta este perfect pentru orice stil \u0219i ocazie.<\/p>","protected":false},"excerpt":{"rendered":"<p>Modelele Orient pentru scafandri reprezint\u0103 o parte important\u0103 din istoria Orient \u0219i \u00eentruchipeaz\u0103 tot ceea ce brandul a reprezentat de la introducerea sa \u00een anii 1960. Aceast\u0103 serie de ceasuri are o pictogram\u0103 a delfinului gravat\u0103 pe spatele carcasei \u0219i este afectuos cunoscut\u0103 sub numele de Orient Mako. De la introducerea sa \u00een 2004, acest [&hellip;]<\/p>\n","protected":false},"featured_media":54537,"comment_status":"closed","ping_status":"open","template":"","meta":{"_acf_changed":false},"product_brand":[],"product_cat":[20,596],"product_tag":[],"class_list":{"0":"post-54536","1":"product","2":"type-product","3":"status-publish","4":"has-post-thumbnail","6":"product_cat-ceasuri-barbati","7":"product_cat-orient","8":"pa_brand-orient","9":"pa_braslet-otel-inoxidabil","10":"pa_corpus-43-mm","11":"pa_forma-rotund","12":"pa_funcii-cronograf","13":"pa_funcii-data","14":"pa_garatia-24-luni","15":"pa_korpus-argintiu","16":"pa_kvarc-quartz","17":"pa_material-otel-inoxidabil","18":"pa_mehanizm-baterie-solara","19":"pa_mehanizm-quartz","20":"pa_remeshok-argintiu","21":"pa_steklo-cristal-safir","22":"pa_strana-japonia","23":"pa_voda-20-atm","25":"first","26":"instock","27":"purchasable","28":"product-type-simple"},"acf":[],"_links":{"self":[{"href":"https:\/\/ceasuri.md\/ru\/wp-json\/wp\/v2\/product\/54536","targetHints":{"allow":["GET"]}}],"collection":[{"href":"https:\/\/ceasuri.md\/ru\/wp-json\/wp\/v2\/product"}],"about":[{"href":"https:\/\/ceasuri.md\/ru\/wp-json\/wp\/v2\/types\/product"}],"replies":[{"embeddable":true,"href":"https:\/\/ceasuri.md\/ru\/wp-json\/wp\/v2\/comments?post=54536"}],"wp:featuredmedia":[{"embeddable":true,"href":"https:\/\/ceasuri.md\/ru\/wp-json\/wp\/v2\/media\/54537"}],"wp:attachment":[{"href":"https:\/\/ceasuri.md\/ru\/wp-json\/wp\/v2\/media?parent=54536"}],"wp:term":[{"taxonomy":"product_brand","embeddable":true,"href":"https:\/\/ceasuri.md\/ru\/wp-json\/wp\/v2\/product_brand?post=54536"},{"taxonomy":"product_cat","embeddable":true,"href":"https:\/\/ceasuri.md\/ru\/wp-json\/wp\/v2\/product_cat?post=54536"},{"taxonomy":"product_tag","embeddable":true,"href":"https:\/\/ceasuri.md\/ru\/wp-json\/wp\/v2\/product_tag?post=54536"}],"curies":[{"name":"wp","href":"https:\/\/api.w.org\/{rel}","templated":true}]}}