{"id":54531,"date":"2026-04-03T00:11:04","date_gmt":"2026-04-02T21:11:04","guid":{"rendered":"http:\/\/new.ceasuri.md\/shop\/uncategorized\/orient-sports-mako-chronograph-solar-ra-tx0208l10b\/"},"modified":"2026-04-20T01:36:46","modified_gmt":"2026-04-19T22:36:46","slug":"orient-sports-mako-chronograph-solar-ra-tx0208l10b","status":"publish","type":"product","link":"https:\/\/ceasuri.md\/ru\/shop\/branduri\/orient\/orient-sports-mako-chronograph-solar-ra-tx0208l10b\/","title":{"rendered":"\u0427\u0430\u0441\u044b ORIENT SPORTS MAKO CHRONOGRAPH SOLAR RA-TX0208L10B"},"content":{"rendered":"<p>Modelele Orient pentru scafandri reprezint\u0103 o parte important\u0103 din istoria Orient \u0219i \u00eentruchipeaz\u0103 tot ceea ce brandul a reprezentat de la introducerea sa \u00een anii 1960. Aceast\u0103 serie de ceasuri are o pictogram\u0103 a delfinului gravat\u0103 pe spatele carcasei \u0219i este afectuos cunoscut\u0103 sub numele de Orient Mako. De la introducerea sa \u00een 2004, acest model a fost lansat \u00eentr-o varietate de culori \u0219i detalii ale cadranului. Din aprilie 2023, pe l\u00e2ng\u0103 ceasurile mecanice existente, modelele de cronograf cu energie solar\u0103 au fost ad\u0103ugate la gam\u0103. Acestea func\u021bioneaz\u0103 prin conversia energiei luminii solare \u0219i a altor surse de lumin\u0103 \u00een energie electric\u0103, astfel \u00eenc\u00e2t bateriile nu trebuie schimbate \u00een mod regulat. Acest lucru le face potrivite pentru utilizarea de zi cu zi \u0219i pentru activit\u0103\u021bile \u00een aer liber atunci c\u00e2nd func\u021bia de cronograf este activat\u0103.<br \/>\nEdi\u021bia limitat\u0103 20th Anniversary prezint\u0103 o grada\u021bie albastr\u0103 de la ora 12 la ora 6, simboliz\u00e2nd frumosul ocean care \u00eenconjoar\u0103 Japonia, \u00een timp ce modelul de valuri \u0219tan\u021bate al cadranului, combinat cu inscrip\u021bia \u201eAnniversary Edition\u201d de la ora 4 \u0219i spectaculoasele m\u00e2ini aurii subliniaz\u0103 atmosfera de s\u0103rb\u0103toare a edi\u021biei 20th Anniversary.<br \/>\nLuneta rotativ\u0103 unidirec\u021bional\u0103 cu \u0219ase caneluri, caracteristic\u0103 tuturor modelelor Orient Mako\/Diver, este combinat\u0103 cu o plac\u0103 de aluminiu bicolor albastru-negru, ale c\u0103rei culori sunt separate la indicatoarele triunghiulare \u0219i de 20 de minute ale edi\u021biei aniversare.<br \/>\n\u00cenc\u0103rcarea bateriei solare se realizeaz\u0103 prin intermediul a trei subcadrane; un indicator de 24 de ore la ora 3, un contor de 60 de minute la ora 6 \u0219i un subcadran de secund\u0103 mic\u0103 la ora 9. O cifr\u0103 arab\u0103 inspirat\u0103 de primul model de design Orient Mako\/Diver \u00eempodobe\u0219te pozi\u021bia de la ora 12, iar Luminous Light este utilizat\u0103 pentru cifr\u0103, indici \u0219i m\u00e2ini, permi\u021b\u00e2nd citirea orei chiar \u0219i pe \u00eentuneric.<br \/>\nModelul Orient Mako aniversar 20 de ani cu func\u021bii de cronograf este disponibil \u00eentr-o edi\u021bie limitat\u0103 de 3.000 de piese.Disponibil N 0932, 0941, 2435, 2469, 2497 din cele 3.000 de piese.<br \/>\nModelul este ideal at\u00e2t pentru fanii \u0219i colec\u021bionarii consacra\u021bi, c\u00e2t \u0219i pentru utilizatorii ocazionali care doresc s\u0103 se bucure zilnic de ceasurile cu design de scafandru.<\/p>","protected":false},"excerpt":{"rendered":"<p>Modelele Orient pentru scafandri reprezint\u0103 o parte important\u0103 din istoria Orient \u0219i \u00eentruchipeaz\u0103 tot ceea ce brandul a reprezentat de la introducerea sa \u00een anii 1960. Aceast\u0103 serie de ceasuri are o pictogram\u0103 a delfinului gravat\u0103 pe spatele carcasei \u0219i este afectuos cunoscut\u0103 sub numele de Orient Mako. De la introducerea sa \u00een 2004, acest [&hellip;]<\/p>\n","protected":false},"featured_media":54532,"comment_status":"closed","ping_status":"open","template":"","meta":{"_acf_changed":false},"product_brand":[],"product_cat":[20,205,596],"product_tag":[],"class_list":{"0":"post-54531","1":"product","2":"type-product","3":"status-publish","4":"has-post-thumbnail","6":"product_cat-ceasuri-barbati","7":"product_cat-limited-edition","8":"product_cat-orient","9":"pa_brand-orient","10":"pa_braslet-otel-inoxidabil","11":"pa_corpus-43-mm","12":"pa_forma-rotund","13":"pa_funcii-cronograf","14":"pa_funcii-data","15":"pa_funcii-limited-edition","16":"pa_garatia-24-luni","17":"pa_korpus-argintiu","18":"pa_korpus-negru","19":"pa_kvarc-quartz","20":"pa_material-otel-inoxidabil","21":"pa_mehanizm-baterie-solara","22":"pa_mehanizm-quartz","23":"pa_remeshok-argintiu","24":"pa_steklo-cristal-safir","25":"pa_strana-japonia","26":"pa_voda-20-atm","28":"first","29":"instock","30":"purchasable","31":"product-type-simple"},"acf":[],"_links":{"self":[{"href":"https:\/\/ceasuri.md\/ru\/wp-json\/wp\/v2\/product\/54531","targetHints":{"allow":["GET"]}}],"collection":[{"href":"https:\/\/ceasuri.md\/ru\/wp-json\/wp\/v2\/product"}],"about":[{"href":"https:\/\/ceasuri.md\/ru\/wp-json\/wp\/v2\/types\/product"}],"replies":[{"embeddable":true,"href":"https:\/\/ceasuri.md\/ru\/wp-json\/wp\/v2\/comments?post=54531"}],"wp:featuredmedia":[{"embeddable":true,"href":"https:\/\/ceasuri.md\/ru\/wp-json\/wp\/v2\/media\/54532"}],"wp:attachment":[{"href":"https:\/\/ceasuri.md\/ru\/wp-json\/wp\/v2\/media?parent=54531"}],"wp:term":[{"taxonomy":"product_brand","embeddable":true,"href":"https:\/\/ceasuri.md\/ru\/wp-json\/wp\/v2\/product_brand?post=54531"},{"taxonomy":"product_cat","embeddable":true,"href":"https:\/\/ceasuri.md\/ru\/wp-json\/wp\/v2\/product_cat?post=54531"},{"taxonomy":"product_tag","embeddable":true,"href":"https:\/\/ceasuri.md\/ru\/wp-json\/wp\/v2\/product_tag?post=54531"}],"curies":[{"name":"wp","href":"https:\/\/api.w.org\/{rel}","templated":true}]}}